{"id":12078,"date":"2024-05-02T10:26:32","date_gmt":"2024-05-02T10:26:32","guid":{"rendered":"https:\/\/house-of-pm.eu\/?page_id=12078"},"modified":"2024-11-14T10:46:32","modified_gmt":"2024-11-14T10:46:32","slug":"bewerberdaten","status":"publish","type":"page","link":"https:\/\/house-of-pm.eu\/en\/bewerberdaten\/","title":{"rendered":"Bewerberdaten"},"content":{"rendered":"\t\t<div data-elementor-type=\"wp-page\" data-elementor-id=\"12078\" class=\"elementor elementor-12078\" data-elementor-post-type=\"page\">\n\t\t\t\t\t\t<section class=\"elementor-section elementor-top-section elementor-element elementor-element-0839135 elementor-section-full_width elementor-section-stretched elementor-section-height-default elementor-section-height-default\" data-id=\"0839135\" data-element_type=\"section\" data-e-type=\"section\" data-settings=\"{&quot;stretch_section&quot;:&quot;section-stretched&quot;}\">\n\t\t\t\t\t\t<div class=\"elementor-container elementor-column-gap-no\">\n\t\t\t\t\t<div class=\"elementor-column elementor-col-100 elementor-top-column elementor-element elementor-element-af1d64a\" data-id=\"af1d64a\" data-element_type=\"column\" data-e-type=\"column\">\n\t\t\t<div class=\"elementor-widget-wrap elementor-element-populated\">\n\t\t\t\t\t\t<div class=\"elementor-element elementor-element-82f7414 elementor-widget__width-initial elementor-widget elementor-widget-slider_revolution\" data-id=\"82f7414\" data-element_type=\"widget\" data-e-type=\"widget\" data-widget_type=\"slider_revolution.default\">\n\t\t\t\t<div class=\"elementor-widget-container\">\n\t\t\t\t\t\n\t\t<div class=\"wp-block-themepunch-revslider\">\n\t\t\t<!-- START StageAktuelles REVOLUTION SLIDER 6.7.40 --><p class=\"rs-p-wp-fix\"><\/p>\n\t\t\t<rs-module-wrap id=\"rev_slider_81_1_wrapper\" data-source=\"gallery\" style=\"visibility:hidden;background:transparent;padding:0;margin:0px auto;margin-top:0;margin-bottom:0;\">\n\t\t\t\t<rs-module id=\"rev_slider_81_1\" style=\"\" data-version=\"6.7.40\">\n\t\t\t\t\t<rs-slides style=\"overflow: hidden; position: absolute;\">\n\t\t\t\t\t\t<rs-slide style=\"position: absolute;\" data-key=\"rs-97\" data-title=\"Slide\" data-in=\"o:0;\" data-out=\"a:false;\">\n\t\t\t\t\t\t\t<img decoding=\"async\" src=\"\/\/house-of-pm.eu\/wp-content\/plugins\/revslider\/sr6\/assets\/assets\/dummy.png\" alt=\"Slide\" title=\"Bewerberdaten\" class=\"rev-slidebg tp-rs-img rs-lazyload\" data-lazyload=\"\/\/house-of-pm.eu\/wp-content\/plugins\/revslider\/sr6\/assets\/assets\/transparent.png\" data-parallax=\"off\" data-no-retina>\n<!--\n\t\t\t\t\t\t\t--><rs-layer\n\t\t\t\t\t\t\t\tid=\"slider-81-slide-97-layer-0\" \n\t\t\t\t\t\t\t\tclass=\"rs-pxl-6 rs-pxmask\"\n\t\t\t\t\t\t\t\tdata-type=\"image\"\n\t\t\t\t\t\t\t\tdata-rsp_ch=\"on\"\n\t\t\t\t\t\t\t\tdata-xy=\"x:c;\"\n\t\t\t\t\t\t\t\tdata-text=\"w:normal;s:20,20,7,7;l:0,0,9,9;\"\n\t\t\t\t\t\t\t\tdata-dim=\"w:[&#039;100%&#039;,&#039;100%&#039;,&#039;100%&#039;,&#039;100%&#039;];h:[&#039;100%&#039;,&#039;100%&#039;,&#039;100%&#039;,&#039;100%&#039;];\"\n\t\t\t\t\t\t\t\tdata-vbility=\"t,t,f,f\"\n\t\t\t\t\t\t\t\tdata-frame_0=\"sX:2;sY:2;\"\n\t\t\t\t\t\t\t\tdata-frame_0_mask=\"u:t;\"\n\t\t\t\t\t\t\t\tdata-frame_1=\"e:power2.out;sp:2000;\"\n\t\t\t\t\t\t\t\tdata-frame_1_mask=\"u:t;\"\n\t\t\t\t\t\t\t\tdata-frame_999=\"o:0;st:w;sR:7000;\"\n\t\t\t\t\t\t\t\tstyle=\"z-index:6;\"\n\t\t\t\t\t\t\t><img fetchpriority=\"high\" decoding=\"async\" src=\"\/\/house-of-pm.eu\/wp-content\/plugins\/revslider\/sr6\/assets\/assets\/dummy.png\" alt=\"\" class=\"tp-rs-img rs-lazyload\" width=\"1920\" height=\"800\" data-lazyload=\"\/\/house-of-pm.eu\/wp-content\/uploads\/revslider\/5-Aktuelles\/5-Aktuelles-DESKTOP.jpg\" data-c=\"cover\" data-no-retina> \n\t\t\t\t\t\t\t<\/rs-layer><!--\n\n\t\t\t\t\t\t\t--><rs-layer\n\t\t\t\t\t\t\t\tid=\"slider-81-slide-97-layer-2\" \n\t\t\t\t\t\t\t\tclass=\"rs-pxl-6 rs-pxmask\"\n\t\t\t\t\t\t\t\tdata-type=\"image\"\n\t\t\t\t\t\t\t\tdata-rsp_ch=\"on\"\n\t\t\t\t\t\t\t\tdata-xy=\"x:c;y:t,t,m,m;\"\n\t\t\t\t\t\t\t\tdata-text=\"w:normal;s:20,20,7,7;l:0,0,9,9;\"\n\t\t\t\t\t\t\t\tdata-dim=\"w:[&#039;100%&#039;,&#039;100%&#039;,&#039;100%&#039;,&#039;100%&#039;];h:[&#039;100%&#039;,&#039;100%&#039;,&#039;100%&#039;,&#039;100%&#039;];\"\n\t\t\t\t\t\t\t\tdata-vbility=\"f,f,t,t\"\n\t\t\t\t\t\t\t\tdata-frame_0=\"sX:2;sY:2;\"\n\t\t\t\t\t\t\t\tdata-frame_0_mask=\"u:t;\"\n\t\t\t\t\t\t\t\tdata-frame_1=\"e:power2.out;sp:2000;\"\n\t\t\t\t\t\t\t\tdata-frame_1_mask=\"u:t;\"\n\t\t\t\t\t\t\t\tdata-frame_999=\"o:0;st:w;sR:7000;\"\n\t\t\t\t\t\t\t\tstyle=\"z-index:7;\"\n\t\t\t\t\t\t\t><img decoding=\"async\" src=\"\/\/house-of-pm.eu\/wp-content\/plugins\/revslider\/sr6\/assets\/assets\/dummy.png\" alt=\"\" class=\"tp-rs-img rs-lazyload\" width=\"750\" height=\"750\" data-lazyload=\"\/\/house-of-pm.eu\/wp-content\/uploads\/2023\/02\/5-Aktuelles-MOBILE.jpg\" data-c=\"cover\" data-no-retina> \n\t\t\t\t\t\t\t<\/rs-layer><!--\n\n\t\t\t\t\t\t\t--><rs-layer\n\t\t\t\t\t\t\t\tid=\"slider-81-slide-97-layer-6\" \n\t\t\t\t\t\t\t\tclass=\"rs-noevents\"\n\t\t\t\t\t\t\t\tdata-type=\"text\"\n\t\t\t\t\t\t\t\tdata-rsp_ch=\"on\"\n\t\t\t\t\t\t\t\tdata-xy=\"x:c,c,r,r;xo:423px,423px,-8px,-8px;y:b;yo:-31px,-31px,-27px,-27px;\"\n\t\t\t\t\t\t\t\tdata-text=\"w:normal;s:90,90,80,80;l:120,120,75,75;ls:3px,3px,0px,0px;fw:900;\"\n\t\t\t\t\t\t\t\tdata-dim=\"w:524px,524px,476px,476px;h:auto,auto,91px,91px;minh:0px,0px,none,0px;\"\n\t\t\t\t\t\t\t\tdata-frame_0=\"y:-50,-50,-19,-19;\"\n\t\t\t\t\t\t\t\tdata-frame_1=\"sp:2000;\"\n\t\t\t\t\t\t\t\tdata-frame_999=\"o:0;st:w;sR:7000;\"\n\t\t\t\t\t\t\t\tstyle=\"z-index:8;font-family:'Roboto';text-transform:uppercase;\"\n\t\t\t\t\t\t\t>AKTUELLES \n\t\t\t\t\t\t\t<\/rs-layer><!--\n-->\t\t\t\t\t<\/rs-slide>\n\t\t\t\t\t<\/rs-slides>\n\t\t\t\t<\/rs-module>\n\t\t\t\t<script>\n\t\t\t\t\tsetREVStartSize({c: 'rev_slider_81_1',rl:[1920,1920,1200,1200],el:[800,800,778,778],gw:[1920,1920,778,778],gh:[800,800,778,778],type:'standard',justify:'',layout:'fullwidth',mh:\"0\"});if (window.RS_MODULES!==undefined && window.RS_MODULES.modules!==undefined && window.RS_MODULES.modules[\"revslider811\"]!==undefined) {window.RS_MODULES.modules[\"revslider811\"].once = false;window.revapi81 = undefined;if (window.RS_MODULES.checkMinimal!==undefined) window.RS_MODULES.checkMinimal()}\n\t\t\t\t<\/script>\n\t\t\t<\/rs-module-wrap>\n\t\t\t<!-- END REVOLUTION SLIDER -->\n<\/div>\n\n\t\t\t\t\t\t<\/div>\n\t\t\t\t<\/div>\n\t\t\t\t\t<\/div>\n\t\t<\/div>\n\t\t\t\t\t<\/div>\n\t\t<\/section>\n\t\t\t\t<section class=\"elementor-section elementor-top-section elementor-element elementor-element-527d116b elementor-section-height-min-height elementor-section-full_width elementor-section-stretched elementor-section-height-default elementor-section-items-middle\" data-id=\"527d116b\" data-element_type=\"section\" data-e-type=\"section\" id=\"Introtext\" data-settings=\"{&quot;background_background&quot;:&quot;classic&quot;,&quot;stretch_section&quot;:&quot;section-stretched&quot;,&quot;background_motion_fx_motion_fx_scrolling&quot;:&quot;yes&quot;,&quot;background_motion_fx_translateY_effect&quot;:&quot;yes&quot;,&quot;background_motion_fx_translateY_direction&quot;:&quot;negative&quot;,&quot;background_motion_fx_translateY_speed&quot;:{&quot;unit&quot;:&quot;px&quot;,&quot;size&quot;:0,&quot;sizes&quot;:[]},&quot;background_motion_fx_translateY_affectedRange&quot;:{&quot;unit&quot;:&quot;%&quot;,&quot;size&quot;:&quot;&quot;,&quot;sizes&quot;:{&quot;start&quot;:0,&quot;end&quot;:52}},&quot;background_motion_fx_devices&quot;:[&quot;desktop&quot;,&quot;tablet&quot;,&quot;mobile&quot;]}\">\n\t\t\t\t\t\t<div class=\"elementor-container elementor-column-gap-no\">\n\t\t\t\t\t<div class=\"elementor-column elementor-col-100 elementor-top-column elementor-element elementor-element-3d309b91\" data-id=\"3d309b91\" data-element_type=\"column\" data-e-type=\"column\">\n\t\t\t<div class=\"elementor-widget-wrap elementor-element-populated\">\n\t\t\t\t\t\t<div class=\"elementor-element elementor-element-cd9302b elementor-widget__width-initial elementor-widget elementor-widget-text-editor\" data-id=\"cd9302b\" data-element_type=\"widget\" data-e-type=\"widget\" data-widget_type=\"text-editor.default\">\n\t\t\t\t<div class=\"elementor-widget-container\">\n\t\t\t\t\t\t\t\t\t<p>&gt;&gt; House of PM:\u00a0<\/p>\t\t\t\t\t\t\t\t<\/div>\n\t\t\t\t<\/div>\n\t\t\t\t<div class=\"elementor-element elementor-element-5e60756a elementor-widget__width-initial elementor-widget elementor-widget-text-editor\" data-id=\"5e60756a\" data-element_type=\"widget\" data-e-type=\"widget\" data-widget_type=\"text-editor.default\">\n\t\t\t\t<div class=\"elementor-widget-container\">\n\t\t\t\t\t\t\t\t\t<p>Datenschutzhinweise f\u00fcr Bewerber bei House of PM GmbH<\/p>\t\t\t\t\t\t\t\t<\/div>\n\t\t\t\t<\/div>\n\t\t\t\t<div class=\"elementor-element elementor-element-6540373d elementor-widget__width-initial elementor-widget elementor-widget-text-editor\" data-id=\"6540373d\" data-element_type=\"widget\" data-e-type=\"widget\" data-widget_type=\"text-editor.default\">\n\t\t\t\t<div class=\"elementor-widget-container\">\n\t\t\t\t\t\t\t\t\t<p>Wir freuen uns, dass Sie sich bei uns bewerben wollen. Im Folgenden m\u00f6chten wir Ihnen erkl\u00e4ren, wie wir Ihre personenbezogenen Daten, die Sie an uns im Rahmen des Bewerbungsprozesses an uns \u00fcbermitteln, verarbeiten.<\/p><h1>Wer ist verantwortlich f\u00fcr die Verarbeitung Ihrer personenbezogenen Daten?<\/h1><p>House of PM GmbH<br \/>Ferdinandstra\u00dfe 12<br \/>20095 Hamburg<br \/>Telefon: (+49) 40 \u2013 380 8819 10<br \/>E-Mail: datenschutz[at]hopm.eu<\/p><h1>Wer ist unser Datenschutzbeauftragter?<\/h1><p>Sollten Sie Fragen zu unseren Datenschutzma\u00dfnahmen, zur Verarbeitung Ihrer Daten oder bez\u00fcglich der Wahrung Ihrer Betroffenenrechte haben, wenden Sie sich bitte an datenschutz@hopm.eu.\u00a0<\/p><p>Sollten Sie direkt mit unserem externen Datenschutzbeauftragten kommunizieren wollen (beispielsweise, weil Sie ein besonders sensibles Anliegen haben), kontaktieren Sie diesen bitte auf dem Postweg, da die Kommunikation per E-Mail immer Sicherheitsl\u00fccken aufweisen kann. Bitte geben Sie bei der Anfrage an, dass sich Ihr Anliegen auf die Firma\u00a0House of PM bezieht.<\/p><p>ePrivacy GmbH<br \/>vertreten durch Prof. Dr. Christoph Bauer<\/p><p>Burchardstra\u00dfe 14<br \/>20095 Hamburg<\/p><h1>Welche personenbezogenen Daten verarbeiten wir?<\/h1><p>Im Rahmen des Bewerbungsprozesses erheben und verarbeiten wir von Ihnen an uns \u00fcbermittelte, personenbezogene Daten. Dies k\u00f6nnen sein: Kontakt- und Adressinformationen, Ihr Bewerbungsbild, Informationen \u00fcber Ihren bisherigen Werdegang, Ihre schulische und berufliche Ausbildung, weitere Angaben die Sie uns im Rahmen Ihrer Bewerbung zur Verf\u00fcgung stellen.<strong>\u00a0<\/strong><\/p><h1>Zwecke der Verarbeitung<\/h1><p>Zwecke der Verarbeitung sind die Durchf\u00fchrung des Bewerbungsprozesses und die Auswahl des Bewerbers.<\/p><p>Bei separater Einwilligung durch die Aufnahme in unseren Talentpool erfolgt die Verarbeitung Ihrer personenbezogenen Daten, um Sie per E-Mail sowie telefonisch zu kontaktieren und \u00fcber passende Stellenangebote zu informieren.<\/p><h1>Auf welcher Rechtsgrundlage verarbeiten wir Ihre Daten?<\/h1><p>Wir st\u00fctzen uns bei der Verarbeitung Ihrer Daten auf folgende Rechtsgrundlagen:<\/p><ul><li>Ihre Einwilligung, sofern Sie uns eine solche gegeben haben (Art. 6 Abs. 1 lit. a) DSGVO),<\/li><li>Die Anbahnung oder Durchf\u00fchrung eines Vertrags mit Ihnen (Art. 6 Abs. 1 lit. b) DSGVO),<\/li><li>Die Erf\u00fcllung von gesetzlichen Verpflichtungen (Art. 6 Abs. 1 lit. c) DSGVO),<\/li><li>Die Umsetzung unserer berechtigten Interessen (Art. 6 Abs. 1 lit. f) DSGVO).<\/li><\/ul><p>Das berechtigte Interesse ergibt sich aus der Beweispflicht in einem Verfahren nach dem Allgemeinen Gleichbehandlungsgesetz (AGG).<\/p><h1>Erfordernis oder Verpflichtung zur Bereitstellung von Daten<\/h1><p>Soweit dies nicht ausdr\u00fccklich angegeben ist, ist die Bereitstellung Ihrer Daten nicht erforderlich oder verpflichtend.<\/p><h1>Wie lange speichern wir Ihre Daten?<\/h1><p>Wir speichern Ihre Daten: a) wenn Sie in die Verarbeitung eingewilligt haben, h\u00f6chstens solange, bis Sie Ihre Einwilligung widerrufen; b) wenn wir die Daten zur Durchf\u00fchrung eines Vertrags ben\u00f6tigen, h\u00f6chstens solange, wie das Vertragsverh\u00e4ltnis mit Ihnen besteht; c) wenn wir die Daten auf der Grundlage eines berechtigten Interesses verwenden, h\u00f6chstens solange, wie Ihr Interesse an einer L\u00f6schung oder Anonymisierung nicht \u00fcberwiegt; d) sofern gesetzliche Aufbewahrungspflichten bestehen, bis zum Ende der Aufbewahrungspflichten.<\/p><p>Daten aus Bewerbungsverfahren speichern wir grunds\u00e4tzlich f\u00fcr maximal 6 Monate nach Abschluss des Verfahrens, um etwaige rechtliche Anspr\u00fcche abwehren zu k\u00f6nnen. Sofern Sie uns Ihre ausdr\u00fcckliche Einwilligung erteilen, speichern wir Ihre Bewerbungsdaten dar\u00fcber hinaus f\u00fcr bis zu 12 Monate, um Sie bei passenden zuk\u00fcnftigen Stellenangeboten zu ber\u00fccksichtigen. Diese Einwilligung k\u00f6nnen Sie jederzeit mit Wirkung f\u00fcr die Zukunft widerrufen.<\/p><h1>An wen \u00fcbermitteln wir Ihre Daten?<\/h1><p>Bei der Durchf\u00fchrung des Bewerbungsprozesses involvierte Dienstleister, Konzerngesellschaften des Verantwortlichen sowie verbundene Unternehmen.<\/p><p>Bei eingesetzten Dienstleistern handelt es sich um folgende Kategorien:<\/p><p>Social Media, Systeme zur Erstellung der Webseite und Hosting-Dienstleister unserer Karriereseiten, Konferenz- und Webinarsoftware, E-Mail-Provider und weitere Dokumentenmanagement-Services.<\/p><p>Eine Weitergabe von Daten an Dritte erfolgt stets nur im rechtlich zul\u00e4ssigen Rahmen und soweit f\u00fcr die Durchf\u00fchrung des Arbeitsverh\u00e4ltnisses erforderlich.<\/p><h1>Als Betroffener haben Sie folgende Rechte:<\/h1><ul><li>Auskunft \u00fcber die Verarbeitung Ihrer Daten zu verlangen, sowie den Erhalt einer Kopie Ihrer personenbezogenen Daten. Auskunft k\u00f6nnen Sie unter anderem verlangen \u00fcber die Zwecke der Verarbeitung, die Kategorien der personenbezogenen Daten die verarbeitet werden, die Empf\u00e4nger der Daten (sofern eine Weitergabe erfolgt), die Dauer der Speicherung oder die Kriterien f\u00fcr die Festlegung der Dauer;<\/li><li>die Sie betreffenden personenbezogenen Daten in einem strukturierten, g\u00e4ngigen und maschinenlesbaren Format zu erhalten oder an einen anderen Verantwortlichen zu \u00fcbermitteln;<\/li><li>Ihre Daten zu berichtigen. Sollten Ihre personenbezogenen Daten unvollst\u00e4ndig sein, so haben Sie, unter Ber\u00fccksichtigung der Verarbeitungszwecke, das Recht die Daten zu vervollst\u00e4ndigen;<\/li><li>Ihre Daten l\u00f6schen oder sperren zu lassen;<\/li><li>die Verarbeitung einschr\u00e4nken zu lassen;<\/li><li>der Verarbeitung Ihrer Daten zu widersprechen;<\/li><li>Ihre Einwilligung zur Verarbeitung Ihrer Daten f\u00fcr die Zukunft zu widerrufen, und<\/li><li>sich bei der zust\u00e4ndigen Aufsichtsbeh\u00f6rde \u00fcber eine unzul\u00e4ssige Datenverarbeitung zu beschweren.<\/li><\/ul><h1>Stand der Datenschutzerkl\u00e4rung:<\/h1><p>August 2024<\/p><p>Bei \u00c4nderungen unserer Prozesse passen wir die Informationen an.<\/p>\t\t\t\t\t\t\t\t<\/div>\n\t\t\t\t<\/div>\n\t\t\t\t<div class=\"elementor-element elementor-element-5cd31422 elementor-widget__width-auto elementor-absolute elementor-widget elementor-widget-button\" data-id=\"5cd31422\" data-element_type=\"widget\" data-e-type=\"widget\" data-settings=\"{&quot;_position&quot;:&quot;absolute&quot;}\" data-widget_type=\"button.default\">\n\t\t\t\t<div class=\"elementor-widget-container\">\n\t\t\t\t\t\t\t\t\t<div class=\"elementor-button-wrapper\">\n\t\t\t\t\t<a class=\"elementor-button elementor-button-link elementor-size-xl elementor-animation-grow\" href=\"#Introtext\">\n\t\t\t\t\t\t<span class=\"elementor-button-content-wrapper\">\n\t\t\t\t\t\t<span class=\"elementor-button-icon\">\n\t\t\t\t<i aria-hidden=\"true\" class=\"fas fa-chevron-down\"><\/i>\t\t\t<\/span>\n\t\t\t\t\t\t\t\t<\/span>\n\t\t\t\t\t<\/a>\n\t\t\t\t<\/div>\n\t\t\t\t\t\t\t\t<\/div>\n\t\t\t\t<\/div>\n\t\t\t\t\t<\/div>\n\t\t<\/div>\n\t\t\t\t\t<\/div>\n\t\t<\/section>\n\t\t\t\t<\/div>\n\t\t","protected":false},"excerpt":{"rendered":"<p>&gt;&gt; House of PM:\u00a0 Datenschutzhinweise f\u00fcr Bewerber bei House of PM GmbH Wir freuen uns, dass Sie sich bei uns bewerben wollen. Im Folgenden m\u00f6chten wir Ihnen erkl\u00e4ren, wie wir Ihre personenbezogenen Daten, die Sie an uns im Rahmen des Bewerbungsprozesses an uns \u00fcbermitteln, verarbeiten. Wer ist verantwortlich f\u00fcr die Verarbeitung Ihrer personenbezogenen Daten? House [&hellip;]<\/p>\n","protected":false},"author":4,"featured_media":0,"parent":0,"menu_order":4100,"comment_status":"closed","ping_status":"closed","template":"","meta":{"footnotes":""},"class_list":["post-12078","page","type-page","status-publish","hentry"],"aioseo_notices":[],"_links":{"self":[{"href":"https:\/\/house-of-pm.eu\/en\/wp-json\/wp\/v2\/pages\/12078","targetHints":{"allow":["GET"]}}],"collection":[{"href":"https:\/\/house-of-pm.eu\/en\/wp-json\/wp\/v2\/pages"}],"about":[{"href":"https:\/\/house-of-pm.eu\/en\/wp-json\/wp\/v2\/types\/page"}],"author":[{"embeddable":true,"href":"https:\/\/house-of-pm.eu\/en\/wp-json\/wp\/v2\/users\/4"}],"replies":[{"embeddable":true,"href":"https:\/\/house-of-pm.eu\/en\/wp-json\/wp\/v2\/comments?post=12078"}],"version-history":[{"count":31,"href":"https:\/\/house-of-pm.eu\/en\/wp-json\/wp\/v2\/pages\/12078\/revisions"}],"predecessor-version":[{"id":15071,"href":"https:\/\/house-of-pm.eu\/en\/wp-json\/wp\/v2\/pages\/12078\/revisions\/15071"}],"wp:attachment":[{"href":"https:\/\/house-of-pm.eu\/en\/wp-json\/wp\/v2\/media?parent=12078"}],"curies":[{"name":"wp","href":"https:\/\/api.w.org\/{rel}","templated":true}]}}