{"id":12661,"date":"2024-05-29T07:38:39","date_gmt":"2024-05-29T07:38:39","guid":{"rendered":"https:\/\/house-of-pm.eu\/?page_id=12661"},"modified":"2024-06-19T10:34:35","modified_gmt":"2024-06-19T10:34:35","slug":"talent-pool","status":"publish","type":"page","link":"https:\/\/house-of-pm.eu\/en\/talent-pool\/","title":{"rendered":"Talent Pool"},"content":{"rendered":"\t\t<div data-elementor-type=\"wp-page\" data-elementor-id=\"12661\" class=\"elementor elementor-12661\" data-elementor-post-type=\"page\">\n\t\t\t\t\t\t<section class=\"elementor-section elementor-top-section elementor-element elementor-element-0839135 elementor-section-full_width elementor-section-stretched elementor-section-height-default elementor-section-height-default\" data-id=\"0839135\" data-element_type=\"section\" data-e-type=\"section\" data-settings=\"{&quot;stretch_section&quot;:&quot;section-stretched&quot;}\">\n\t\t\t\t\t\t<div class=\"elementor-container elementor-column-gap-no\">\n\t\t\t\t\t<div class=\"elementor-column elementor-col-100 elementor-top-column elementor-element elementor-element-af1d64a\" data-id=\"af1d64a\" data-element_type=\"column\" data-e-type=\"column\">\n\t\t\t<div class=\"elementor-widget-wrap elementor-element-populated\">\n\t\t\t\t\t\t<div class=\"elementor-element elementor-element-82f7414 elementor-widget__width-initial elementor-widget elementor-widget-slider_revolution\" data-id=\"82f7414\" data-element_type=\"widget\" data-e-type=\"widget\" data-widget_type=\"slider_revolution.default\">\n\t\t\t\t<div class=\"elementor-widget-container\">\n\t\t\t\t\t\n\t\t<div class=\"wp-block-themepunch-revslider\">\n\t\t\t<!-- START StageAktuelles REVOLUTION SLIDER 6.7.40 --><p class=\"rs-p-wp-fix\"><\/p>\n\t\t\t<rs-module-wrap id=\"rev_slider_81_1_wrapper\" data-source=\"gallery\" style=\"visibility:hidden;background:transparent;padding:0;margin:0px auto;margin-top:0;margin-bottom:0;\">\n\t\t\t\t<rs-module id=\"rev_slider_81_1\" style=\"\" data-version=\"6.7.40\">\n\t\t\t\t\t<rs-slides style=\"overflow: hidden; position: absolute;\">\n\t\t\t\t\t\t<rs-slide style=\"position: absolute;\" data-key=\"rs-97\" data-title=\"Slide\" data-in=\"o:0;\" data-out=\"a:false;\">\n\t\t\t\t\t\t\t<img decoding=\"async\" src=\"\/\/house-of-pm.eu\/wp-content\/plugins\/revslider\/sr6\/assets\/assets\/dummy.png\" alt=\"Slide\" title=\"Talent Pool\" class=\"rev-slidebg tp-rs-img rs-lazyload\" data-lazyload=\"\/\/house-of-pm.eu\/wp-content\/plugins\/revslider\/sr6\/assets\/assets\/transparent.png\" data-parallax=\"off\" data-no-retina>\n<!--\n\t\t\t\t\t\t\t--><rs-layer\n\t\t\t\t\t\t\t\tid=\"slider-81-slide-97-layer-0\" \n\t\t\t\t\t\t\t\tclass=\"rs-pxl-6 rs-pxmask\"\n\t\t\t\t\t\t\t\tdata-type=\"image\"\n\t\t\t\t\t\t\t\tdata-rsp_ch=\"on\"\n\t\t\t\t\t\t\t\tdata-xy=\"x:c;\"\n\t\t\t\t\t\t\t\tdata-text=\"w:normal;s:20,20,7,7;l:0,0,9,9;\"\n\t\t\t\t\t\t\t\tdata-dim=\"w:[&#039;100%&#039;,&#039;100%&#039;,&#039;100%&#039;,&#039;100%&#039;];h:[&#039;100%&#039;,&#039;100%&#039;,&#039;100%&#039;,&#039;100%&#039;];\"\n\t\t\t\t\t\t\t\tdata-vbility=\"t,t,f,f\"\n\t\t\t\t\t\t\t\tdata-frame_0=\"sX:2;sY:2;\"\n\t\t\t\t\t\t\t\tdata-frame_0_mask=\"u:t;\"\n\t\t\t\t\t\t\t\tdata-frame_1=\"e:power2.out;sp:2000;\"\n\t\t\t\t\t\t\t\tdata-frame_1_mask=\"u:t;\"\n\t\t\t\t\t\t\t\tdata-frame_999=\"o:0;st:w;sR:7000;\"\n\t\t\t\t\t\t\t\tstyle=\"z-index:6;\"\n\t\t\t\t\t\t\t><img fetchpriority=\"high\" decoding=\"async\" src=\"\/\/house-of-pm.eu\/wp-content\/plugins\/revslider\/sr6\/assets\/assets\/dummy.png\" alt=\"\" class=\"tp-rs-img rs-lazyload\" width=\"1920\" height=\"800\" data-lazyload=\"\/\/house-of-pm.eu\/wp-content\/uploads\/revslider\/5-Aktuelles\/5-Aktuelles-DESKTOP.jpg\" data-c=\"cover\" data-no-retina> \n\t\t\t\t\t\t\t<\/rs-layer><!--\n\n\t\t\t\t\t\t\t--><rs-layer\n\t\t\t\t\t\t\t\tid=\"slider-81-slide-97-layer-2\" \n\t\t\t\t\t\t\t\tclass=\"rs-pxl-6 rs-pxmask\"\n\t\t\t\t\t\t\t\tdata-type=\"image\"\n\t\t\t\t\t\t\t\tdata-rsp_ch=\"on\"\n\t\t\t\t\t\t\t\tdata-xy=\"x:c;y:t,t,m,m;\"\n\t\t\t\t\t\t\t\tdata-text=\"w:normal;s:20,20,7,7;l:0,0,9,9;\"\n\t\t\t\t\t\t\t\tdata-dim=\"w:[&#039;100%&#039;,&#039;100%&#039;,&#039;100%&#039;,&#039;100%&#039;];h:[&#039;100%&#039;,&#039;100%&#039;,&#039;100%&#039;,&#039;100%&#039;];\"\n\t\t\t\t\t\t\t\tdata-vbility=\"f,f,t,t\"\n\t\t\t\t\t\t\t\tdata-frame_0=\"sX:2;sY:2;\"\n\t\t\t\t\t\t\t\tdata-frame_0_mask=\"u:t;\"\n\t\t\t\t\t\t\t\tdata-frame_1=\"e:power2.out;sp:2000;\"\n\t\t\t\t\t\t\t\tdata-frame_1_mask=\"u:t;\"\n\t\t\t\t\t\t\t\tdata-frame_999=\"o:0;st:w;sR:7000;\"\n\t\t\t\t\t\t\t\tstyle=\"z-index:7;\"\n\t\t\t\t\t\t\t><img decoding=\"async\" src=\"\/\/house-of-pm.eu\/wp-content\/plugins\/revslider\/sr6\/assets\/assets\/dummy.png\" alt=\"\" class=\"tp-rs-img rs-lazyload\" width=\"750\" height=\"750\" data-lazyload=\"\/\/house-of-pm.eu\/wp-content\/uploads\/2023\/02\/5-Aktuelles-MOBILE.jpg\" data-c=\"cover\" data-no-retina> \n\t\t\t\t\t\t\t<\/rs-layer><!--\n\n\t\t\t\t\t\t\t--><rs-layer\n\t\t\t\t\t\t\t\tid=\"slider-81-slide-97-layer-6\" \n\t\t\t\t\t\t\t\tclass=\"rs-noevents\"\n\t\t\t\t\t\t\t\tdata-type=\"text\"\n\t\t\t\t\t\t\t\tdata-rsp_ch=\"on\"\n\t\t\t\t\t\t\t\tdata-xy=\"x:c,c,r,r;xo:423px,423px,-8px,-8px;y:b;yo:-31px,-31px,-27px,-27px;\"\n\t\t\t\t\t\t\t\tdata-text=\"w:normal;s:90,90,80,80;l:120,120,75,75;ls:3px,3px,0px,0px;fw:900;\"\n\t\t\t\t\t\t\t\tdata-dim=\"w:524px,524px,476px,476px;h:auto,auto,91px,91px;minh:0px,0px,none,0px;\"\n\t\t\t\t\t\t\t\tdata-frame_0=\"y:-50,-50,-19,-19;\"\n\t\t\t\t\t\t\t\tdata-frame_1=\"sp:2000;\"\n\t\t\t\t\t\t\t\tdata-frame_999=\"o:0;st:w;sR:7000;\"\n\t\t\t\t\t\t\t\tstyle=\"z-index:8;font-family:'Roboto';text-transform:uppercase;\"\n\t\t\t\t\t\t\t>AKTUELLES \n\t\t\t\t\t\t\t<\/rs-layer><!--\n-->\t\t\t\t\t<\/rs-slide>\n\t\t\t\t\t<\/rs-slides>\n\t\t\t\t<\/rs-module>\n\t\t\t\t<script>\n\t\t\t\t\tsetREVStartSize({c: 'rev_slider_81_1',rl:[1920,1920,1200,1200],el:[800,800,778,778],gw:[1920,1920,778,778],gh:[800,800,778,778],type:'standard',justify:'',layout:'fullwidth',mh:\"0\"});if (window.RS_MODULES!==undefined && window.RS_MODULES.modules!==undefined && window.RS_MODULES.modules[\"revslider811\"]!==undefined) {window.RS_MODULES.modules[\"revslider811\"].once = false;window.revapi81 = undefined;if (window.RS_MODULES.checkMinimal!==undefined) window.RS_MODULES.checkMinimal()}\n\t\t\t\t<\/script>\n\t\t\t<\/rs-module-wrap>\n\t\t\t<!-- END REVOLUTION SLIDER -->\n<\/div>\n\n\t\t\t\t\t\t<\/div>\n\t\t\t\t<\/div>\n\t\t\t\t\t<\/div>\n\t\t<\/div>\n\t\t\t\t\t<\/div>\n\t\t<\/section>\n\t\t\t\t<section class=\"elementor-section elementor-top-section elementor-element elementor-element-527d116b elementor-section-height-min-height elementor-section-full_width elementor-section-stretched elementor-section-height-default elementor-section-items-middle\" data-id=\"527d116b\" data-element_type=\"section\" data-e-type=\"section\" id=\"Introtext\" data-settings=\"{&quot;background_background&quot;:&quot;classic&quot;,&quot;stretch_section&quot;:&quot;section-stretched&quot;,&quot;background_motion_fx_motion_fx_scrolling&quot;:&quot;yes&quot;,&quot;background_motion_fx_translateY_effect&quot;:&quot;yes&quot;,&quot;background_motion_fx_translateY_direction&quot;:&quot;negative&quot;,&quot;background_motion_fx_translateY_speed&quot;:{&quot;unit&quot;:&quot;px&quot;,&quot;size&quot;:0,&quot;sizes&quot;:[]},&quot;background_motion_fx_translateY_affectedRange&quot;:{&quot;unit&quot;:&quot;%&quot;,&quot;size&quot;:&quot;&quot;,&quot;sizes&quot;:{&quot;start&quot;:0,&quot;end&quot;:52}},&quot;background_motion_fx_devices&quot;:[&quot;desktop&quot;,&quot;tablet&quot;,&quot;mobile&quot;]}\">\n\t\t\t\t\t\t<div class=\"elementor-container elementor-column-gap-no\">\n\t\t\t\t\t<div class=\"elementor-column elementor-col-100 elementor-top-column elementor-element elementor-element-3d309b91\" data-id=\"3d309b91\" data-element_type=\"column\" data-e-type=\"column\">\n\t\t\t<div class=\"elementor-widget-wrap elementor-element-populated\">\n\t\t\t\t\t\t<div class=\"elementor-element elementor-element-cd9302b elementor-widget__width-initial elementor-widget elementor-widget-text-editor\" data-id=\"cd9302b\" data-element_type=\"widget\" data-e-type=\"widget\" data-widget_type=\"text-editor.default\">\n\t\t\t\t<div class=\"elementor-widget-container\">\n\t\t\t\t\t\t\t\t\t<p>&gt;&gt; House of PM:\u00a0<\/p>\t\t\t\t\t\t\t\t<\/div>\n\t\t\t\t<\/div>\n\t\t\t\t<div class=\"elementor-element elementor-element-5e60756a elementor-widget__width-initial elementor-widget elementor-widget-text-editor\" data-id=\"5e60756a\" data-element_type=\"widget\" data-e-type=\"widget\" data-widget_type=\"text-editor.default\">\n\t\t\t\t<div class=\"elementor-widget-container\">\n\t\t\t\t\t\t\t\t\t<p><strong>Einwilligungserkl\u00e4rung\u00a0f\u00fcr die\u00a0Speicherung\u00a0meiner\u00a0Bewerberdaten<\/strong><\/p>\t\t\t\t\t\t\t\t<\/div>\n\t\t\t\t<\/div>\n\t\t\t\t<div class=\"elementor-element elementor-element-6540373d elementor-widget__width-initial elementor-widget elementor-widget-text-editor\" data-id=\"6540373d\" data-element_type=\"widget\" data-e-type=\"widget\" data-widget_type=\"text-editor.default\">\n\t\t\t\t<div class=\"elementor-widget-container\">\n\t\t\t\t\t\t\t\t\t<p>Ich willige ein, dass<\/p><ul><li>House of PM GmbH (kurz: HoPM) meine personenbezogenen Daten, die ich im Rahmen des Bewerbungsverfahrens mitgeteilt habe (\u201eBewerbungsdaten\u201c), \u00fcber das Ende des konkreten Bewerbungsverfahrens hinaus in dem so genannten Talent-Pool f\u00fcr eine Zeit von 12 Monaten speichert;<\/li><li>HoPM diese Daten nutzen darf, um mich sp\u00e4ter zu kontaktieren, falls ich f\u00fcr eine Stelle bei HoPM in Betracht kommen sollte, und mich \u00fcber passende Stellenangebote informiert;<\/li><li>HoPM mich rechtzeitig vor Ablauf der 12 Monate kontaktieren und nachfragen darf, ob meine Daten zu vorgenannten Zwecken f\u00fcr weitere 12 Monate im Talent-Pool verbleiben d\u00fcrfen.<\/li><\/ul><p>\u00a0<\/p><p>Stimme ich einer Verl\u00e4ngerung nicht zu, werden die Bewerbungsdaten nach Ablauf der 12 Monate automatisch aus dem Talent-Pool gel\u00f6scht.<\/p><p>Zu den Bewerbungsdaten k\u00f6nnen alle Informationen geh\u00f6ren, die ich im Rahmen des Bewerbungsverfahrens mitgeteilt habe (z.B. in Anschreiben, Lebenslauf, Zeugnisse, Interviews, Frageb\u00f6gen und \u00e4hnliche Dokumente). Soweit \u201ebesondere Kategorien personenbezogener Daten&#8220; im Sinne von Art. 9 DSGVO enthalten sind (z.B. Angaben \u00fcber eine etwaige Schwerbehinderteneigenschaft oder ein Foto, das meine ethnische Herkunft erkennen l\u00e4sst), bezieht sich meine Einwilligung auch auf diese Daten.<\/p><p>Weiterhin gilt die Einwilligung f\u00fcr Daten zu meinen T\u00e4tigkeiten und meiner Qualifikation, die allgemein zug\u00e4nglich sind und im Bewerbungsverfahren gesammelt wurden, zum Beispiel \u00fcber berufliche soziale Netzwerke.<\/p><p>Die Erteilung dieser Einwilligung ist freiwillig und hat keine Auswirkungen auf meine Chancen im urspr\u00fcnglichen Bewerbungsverfahren.<\/p><p>Ich wei\u00df, dass ich meine Einwilligung jederzeit gegen\u00fcber HoPM widerrufen kann, zum Beispiel durch eine Email an hr@hopm.eu. Ein Widerruf der Einwilligung ber\u00fchrt nicht die Rechtm\u00e4\u00dfigkeit der bis zum Widerruf aufgrund der Einwilligung erfolgten Datenverarbeitung.<\/p><p>Wenn ich keine Einwilligung erteile oder meine Einwilligung widerrufe, werden meine Daten gel\u00f6scht, wenn sie f\u00fcr ein etwaiges laufendes Bewerbungsverfahren nicht mehr ben\u00f6tigt werden.<\/p><p>\u00a0<\/p><p>Besteht ein berechtigtes Interesse, das der unmittelbaren L\u00f6schung der Daten entgegensteht, werden meine Daten unmittelbar nach Wegfall dieses Interesses gel\u00f6scht. Dieses berechtigte Interesse kann zum Beispiel die Beweispflicht durch ein Verfahren nach dem AGG sein. Rechtsgrundlage daf\u00fcr ist Art. 6 Abs. 1 f der DSGVO.<\/p>\t\t\t\t\t\t\t\t<\/div>\n\t\t\t\t<\/div>\n\t\t\t\t<div class=\"elementor-element elementor-element-5cd31422 elementor-widget__width-auto elementor-absolute elementor-widget elementor-widget-button\" data-id=\"5cd31422\" data-element_type=\"widget\" data-e-type=\"widget\" data-settings=\"{&quot;_position&quot;:&quot;absolute&quot;}\" data-widget_type=\"button.default\">\n\t\t\t\t<div class=\"elementor-widget-container\">\n\t\t\t\t\t\t\t\t\t<div class=\"elementor-button-wrapper\">\n\t\t\t\t\t<a class=\"elementor-button elementor-button-link elementor-size-xl elementor-animation-grow\" href=\"#Introtext\">\n\t\t\t\t\t\t<span class=\"elementor-button-content-wrapper\">\n\t\t\t\t\t\t<span class=\"elementor-button-icon\">\n\t\t\t\t<i aria-hidden=\"true\" class=\"fas fa-chevron-down\"><\/i>\t\t\t<\/span>\n\t\t\t\t\t\t\t\t<\/span>\n\t\t\t\t\t<\/a>\n\t\t\t\t<\/div>\n\t\t\t\t\t\t\t\t<\/div>\n\t\t\t\t<\/div>\n\t\t\t\t\t<\/div>\n\t\t<\/div>\n\t\t\t\t\t<\/div>\n\t\t<\/section>\n\t\t\t\t<\/div>\n\t\t","protected":false},"excerpt":{"rendered":"<p>&gt;&gt; House of PM:\u00a0 Einwilligungserkl\u00e4rung\u00a0f\u00fcr die\u00a0Speicherung\u00a0meiner\u00a0Bewerberdaten Ich willige ein, dass House of PM GmbH (kurz: HoPM) meine personenbezogenen Daten, die ich im Rahmen des Bewerbungsverfahrens mitgeteilt habe (\u201eBewerbungsdaten\u201c), \u00fcber das Ende des konkreten Bewerbungsverfahrens hinaus in dem so genannten Talent-Pool f\u00fcr eine Zeit von 12 Monaten speichert; HoPM diese Daten nutzen darf, um mich sp\u00e4ter [&hellip;]<\/p>\n","protected":false},"author":4,"featured_media":0,"parent":0,"menu_order":4100,"comment_status":"closed","ping_status":"closed","template":"","meta":{"footnotes":""},"class_list":["post-12661","page","type-page","status-publish","hentry"],"aioseo_notices":[],"_links":{"self":[{"href":"https:\/\/house-of-pm.eu\/en\/wp-json\/wp\/v2\/pages\/12661","targetHints":{"allow":["GET"]}}],"collection":[{"href":"https:\/\/house-of-pm.eu\/en\/wp-json\/wp\/v2\/pages"}],"about":[{"href":"https:\/\/house-of-pm.eu\/en\/wp-json\/wp\/v2\/types\/page"}],"author":[{"embeddable":true,"href":"https:\/\/house-of-pm.eu\/en\/wp-json\/wp\/v2\/users\/4"}],"replies":[{"embeddable":true,"href":"https:\/\/house-of-pm.eu\/en\/wp-json\/wp\/v2\/comments?post=12661"}],"version-history":[{"count":10,"href":"https:\/\/house-of-pm.eu\/en\/wp-json\/wp\/v2\/pages\/12661\/revisions"}],"predecessor-version":[{"id":12705,"href":"https:\/\/house-of-pm.eu\/en\/wp-json\/wp\/v2\/pages\/12661\/revisions\/12705"}],"wp:attachment":[{"href":"https:\/\/house-of-pm.eu\/en\/wp-json\/wp\/v2\/media?parent=12661"}],"curies":[{"name":"wp","href":"https:\/\/api.w.org\/{rel}","templated":true}]}}