{"id":14355,"date":"2024-09-16T09:59:29","date_gmt":"2024-09-16T09:59:29","guid":{"rendered":"https:\/\/house-of-pm.eu\/?page_id=14355"},"modified":"2026-02-11T07:52:07","modified_gmt":"2026-02-11T07:52:07","slug":"stellenausschreibung-project-manager-infrastrukturprojekte","status":"publish","type":"page","link":"https:\/\/house-of-pm.eu\/en\/karriere\/stellenausschreibung-project-manager-infrastrukturprojekte\/","title":{"rendered":"Stellenausschreibung Project Manager Infrastrukturprojekte"},"content":{"rendered":"\t\t<div data-elementor-type=\"wp-page\" data-elementor-id=\"14355\" class=\"elementor elementor-14355\" data-elementor-post-type=\"page\">\n\t\t\t\t\t\t<section class=\"elementor-section elementor-top-section elementor-element elementor-element-0839135 elementor-section-full_width elementor-section-stretched elementor-section-height-default elementor-section-height-default\" data-id=\"0839135\" data-element_type=\"section\" data-e-type=\"section\" data-settings=\"{&quot;stretch_section&quot;:&quot;section-stretched&quot;}\">\n\t\t\t\t\t\t<div class=\"elementor-container elementor-column-gap-no\">\n\t\t\t\t\t<div class=\"elementor-column elementor-col-100 elementor-top-column elementor-element elementor-element-af1d64a\" data-id=\"af1d64a\" data-element_type=\"column\" data-e-type=\"column\">\n\t\t\t<div class=\"elementor-widget-wrap elementor-element-populated\">\n\t\t\t\t\t\t<div class=\"elementor-element elementor-element-82f7414 elementor-widget elementor-widget-slider_revolution\" data-id=\"82f7414\" data-element_type=\"widget\" data-e-type=\"widget\" data-widget_type=\"slider_revolution.default\">\n\t\t\t\t<div class=\"elementor-widget-container\">\n\t\t\t\t\t\n\t\t<div class=\"wp-block-themepunch-revslider\">\n\t\t\t<!-- START StageKarriere REVOLUTION SLIDER 6.7.40 --><p class=\"rs-p-wp-fix\"><\/p>\n\t\t\t<rs-module-wrap id=\"rev_slider_85_1_wrapper\" data-source=\"gallery\" style=\"visibility:hidden;background:transparent;padding:0;margin:0px auto;margin-top:0;margin-bottom:0;\">\n\t\t\t\t<rs-module id=\"rev_slider_85_1\" style=\"\" data-version=\"6.7.40\">\n\t\t\t\t\t<rs-slides style=\"overflow: hidden; position: absolute;\">\n\t\t\t\t\t\t<rs-slide style=\"position: absolute;\" data-key=\"rs-99\" data-title=\"Slide\" data-in=\"o:0;\" data-out=\"a:false;\">\n\t\t\t\t\t\t\t<img decoding=\"async\" src=\"\/\/house-of-pm.eu\/wp-content\/plugins\/revslider\/sr6\/assets\/assets\/dummy.png\" alt=\"Slide\" title=\"Stellenausschreibung Project Manager Infrastrukturprojekte\" class=\"rev-slidebg tp-rs-img rs-lazyload\" data-lazyload=\"\/\/house-of-pm.eu\/wp-content\/plugins\/revslider\/sr6\/assets\/assets\/transparent.png\" data-parallax=\"off\" data-no-retina>\n<!--\n\t\t\t\t\t\t\t--><rs-layer\n\t\t\t\t\t\t\t\tid=\"slider-85-slide-99-layer-0\" \n\t\t\t\t\t\t\t\tclass=\"rs-selectable rs-pxl-6 rs-pxmask\"\n\t\t\t\t\t\t\t\tdata-type=\"image\"\n\t\t\t\t\t\t\t\tdata-rsp_ch=\"on\"\n\t\t\t\t\t\t\t\tdata-xy=\"x:c;y:m;\"\n\t\t\t\t\t\t\t\tdata-text=\"w:normal;s:20,20,7,7;l:0,0,9,9;\"\n\t\t\t\t\t\t\t\tdata-dim=\"w:[&#039;100%&#039;,&#039;100%&#039;,&#039;100%&#039;,&#039;100%&#039;];h:[&#039;100%&#039;,&#039;100%&#039;,&#039;100%&#039;,&#039;100%&#039;];\"\n\t\t\t\t\t\t\t\tdata-vbility=\"t,t,f,f\"\n\t\t\t\t\t\t\t\tdata-frame_0=\"sX:2;sY:2;\"\n\t\t\t\t\t\t\t\tdata-frame_0_mask=\"u:t;\"\n\t\t\t\t\t\t\t\tdata-frame_1=\"e:power2.out;sp:2000;\"\n\t\t\t\t\t\t\t\tdata-frame_1_mask=\"u:t;\"\n\t\t\t\t\t\t\t\tdata-frame_999=\"o:0;st:w;sR:7000;\"\n\t\t\t\t\t\t\t\tstyle=\"z-index:8;\"\n\t\t\t\t\t\t\t><img fetchpriority=\"high\" decoding=\"async\" src=\"\/\/house-of-pm.eu\/wp-content\/plugins\/revslider\/sr6\/assets\/assets\/dummy.png\" alt=\"\" class=\"tp-rs-img rs-lazyload\" width=\"1920\" height=\"800\" data-lazyload=\"\/\/901521.jweiland-hosting.de\/wordpress\/wp-content\/uploads\/2023\/02\/7-Karriere-DESKTOP.jpg\" data-c=\"cover\" data-no-retina> \n\t\t\t\t\t\t\t<\/rs-layer><!--\n\n\t\t\t\t\t\t\t--><rs-layer\n\t\t\t\t\t\t\t\tid=\"slider-85-slide-99-layer-2\" \n\t\t\t\t\t\t\t\tclass=\"rs-selectable rs-pxl-6 rs-pxmask\"\n\t\t\t\t\t\t\t\tdata-type=\"image\"\n\t\t\t\t\t\t\t\tdata-rsp_ch=\"on\"\n\t\t\t\t\t\t\t\tdata-xy=\"x:c;y:m;\"\n\t\t\t\t\t\t\t\tdata-text=\"w:normal;s:20,20,7,7;l:0,0,9,9;\"\n\t\t\t\t\t\t\t\tdata-dim=\"w:[&#039;100%&#039;,&#039;100%&#039;,&#039;100%&#039;,&#039;100%&#039;];h:[&#039;100%&#039;,&#039;100%&#039;,&#039;100%&#039;,&#039;100%&#039;];\"\n\t\t\t\t\t\t\t\tdata-vbility=\"f,f,t,t\"\n\t\t\t\t\t\t\t\tdata-frame_0=\"sX:2;sY:2;\"\n\t\t\t\t\t\t\t\tdata-frame_0_mask=\"u:t;\"\n\t\t\t\t\t\t\t\tdata-frame_1=\"e:power2.out;sp:2000;\"\n\t\t\t\t\t\t\t\tdata-frame_1_mask=\"u:t;\"\n\t\t\t\t\t\t\t\tdata-frame_999=\"o:0;st:w;sR:7000;\"\n\t\t\t\t\t\t\t\tstyle=\"z-index:9;\"\n\t\t\t\t\t\t\t><img decoding=\"async\" src=\"\/\/house-of-pm.eu\/wp-content\/plugins\/revslider\/sr6\/assets\/assets\/dummy.png\" alt=\"\" class=\"tp-rs-img rs-lazyload\" width=\"750\" height=\"750\" data-lazyload=\"\/\/901521.jweiland-hosting.de\/wordpress\/wp-content\/uploads\/2023\/02\/7-Karriere-MOBILE.jpg\" data-c=\"cover\" data-no-retina> \n\t\t\t\t\t\t\t<\/rs-layer><!--\n\n\t\t\t\t\t\t\t--><rs-layer\n\t\t\t\t\t\t\t\tid=\"slider-85-slide-99-layer-6\" \n\t\t\t\t\t\t\t\tclass=\"rs-selectable rs-noevents\"\n\t\t\t\t\t\t\t\tdata-type=\"text\"\n\t\t\t\t\t\t\t\tdata-rsp_ch=\"on\"\n\t\t\t\t\t\t\t\tdata-xy=\"x:c,c,l,c;xo:651px,651px,325px,325px;y:b;yo:-16px,-16px,-29px,-29px;\"\n\t\t\t\t\t\t\t\tdata-text=\"w:normal;s:90,90,80,80;l:90,90,110,110;ls:3px,3px,0px,0px;fw:900;\"\n\t\t\t\t\t\t\t\tdata-dim=\"w:715px,715px,457px,457px;minh:0px,0px,none,0px;\"\n\t\t\t\t\t\t\t\tdata-frame_0=\"o:1;\"\n\t\t\t\t\t\t\t\tdata-frame_0_chars=\"d:5;x:105%;o:1;rY:45deg;rZ:90deg;\"\n\t\t\t\t\t\t\t\tdata-frame_0_mask=\"u:t;\"\n\t\t\t\t\t\t\t\tdata-frame_1=\"sp:1200;\"\n\t\t\t\t\t\t\t\tdata-frame_1_chars=\"e:power4.inOut;d:10;rZ:0deg;\"\n\t\t\t\t\t\t\t\tdata-frame_1_mask=\"u:t;\"\n\t\t\t\t\t\t\t\tdata-frame_999=\"o:0;st:w;sR:7000;\"\n\t\t\t\t\t\t\t\tstyle=\"z-index:10;font-family:'Roboto';text-transform:uppercase;\"\n\t\t\t\t\t\t\t>Karriere \n\t\t\t\t\t\t\t<\/rs-layer><!--\n-->\t\t\t\t\t<\/rs-slide>\n\t\t\t\t\t<\/rs-slides>\n\t\t\t\t<\/rs-module>\n\t\t\t\t<script>\n\t\t\t\t\tsetREVStartSize({c: 'rev_slider_85_1',rl:[1920,1920,1200,1200],el:[800,800,778,778],gw:[1920,1920,778,778],gh:[800,800,778,778],type:'hero',justify:'',layout:'fullwidth',mh:\"0\"});if (window.RS_MODULES!==undefined && window.RS_MODULES.modules!==undefined && window.RS_MODULES.modules[\"revslider851\"]!==undefined) {window.RS_MODULES.modules[\"revslider851\"].once = false;window.revapi85 = undefined;if (window.RS_MODULES.checkMinimal!==undefined) window.RS_MODULES.checkMinimal()}\n\t\t\t\t<\/script>\n\t\t\t<\/rs-module-wrap>\n\t\t\t<!-- END REVOLUTION SLIDER -->\n<\/div>\n\n\t\t\t\t\t\t<\/div>\n\t\t\t\t<\/div>\n\t\t\t\t\t<\/div>\n\t\t<\/div>\n\t\t\t\t\t<\/div>\n\t\t<\/section>\n\t\t\t\t<section class=\"elementor-section elementor-top-section elementor-element elementor-element-766f6eb2 elementor-section-height-min-height elementor-section-full_width elementor-section-stretched elementor-section-height-default elementor-section-items-middle\" data-id=\"766f6eb2\" data-element_type=\"section\" data-e-type=\"section\" id=\"Introtext\" data-settings=\"{&quot;background_background&quot;:&quot;classic&quot;,&quot;stretch_section&quot;:&quot;section-stretched&quot;,&quot;background_motion_fx_motion_fx_scrolling&quot;:&quot;yes&quot;,&quot;background_motion_fx_translateY_effect&quot;:&quot;yes&quot;,&quot;background_motion_fx_translateY_direction&quot;:&quot;negative&quot;,&quot;background_motion_fx_translateY_speed&quot;:{&quot;unit&quot;:&quot;px&quot;,&quot;size&quot;:0,&quot;sizes&quot;:[]},&quot;background_motion_fx_translateY_affectedRange&quot;:{&quot;unit&quot;:&quot;%&quot;,&quot;size&quot;:&quot;&quot;,&quot;sizes&quot;:{&quot;start&quot;:0,&quot;end&quot;:52}},&quot;background_motion_fx_devices&quot;:[&quot;desktop&quot;,&quot;tablet&quot;,&quot;mobile&quot;]}\">\n\t\t\t\t\t\t<div class=\"elementor-container elementor-column-gap-no\">\n\t\t\t\t\t<div class=\"elementor-column elementor-col-100 elementor-top-column elementor-element elementor-element-31f58622\" data-id=\"31f58622\" data-element_type=\"column\" data-e-type=\"column\">\n\t\t\t<div class=\"elementor-widget-wrap elementor-element-populated\">\n\t\t\t\t\t\t<div class=\"elementor-element elementor-element-1ef4aaae elementor-widget__width-initial elementor-widget elementor-widget-text-editor\" data-id=\"1ef4aaae\" data-element_type=\"widget\" data-e-type=\"widget\" data-widget_type=\"text-editor.default\">\n\t\t\t\t<div class=\"elementor-widget-container\">\n\t\t\t\t\t\t\t\t\t<p>&gt;&gt;Karriere<\/p>\t\t\t\t\t\t\t\t<\/div>\n\t\t\t\t<\/div>\n\t\t\t\t<div class=\"elementor-element elementor-element-12868632 elementor-widget__width-initial elementor-widget elementor-widget-text-editor\" data-id=\"12868632\" data-element_type=\"widget\" data-e-type=\"widget\" data-widget_type=\"text-editor.default\">\n\t\t\t\t<div class=\"elementor-widget-container\">\n\t\t\t\t\t\t\t\t\t<p>Zur Verst\u00e4rkung unseres Teams suchen wir f\u00fcr den deutschlandweiten Einsatz einen unternehmerisch denkenden<\/p><p><strong>PROJECT MANAGER (m\/w\/d): SCHWERPUNKT INFRASTRUKTURPROJEKTE <\/strong><\/p>\t\t\t\t\t\t\t\t<\/div>\n\t\t\t\t<\/div>\n\t\t\t\t<div class=\"elementor-element elementor-element-67f5ecac elementor-widget__width-initial elementor-widget elementor-widget-text-editor\" data-id=\"67f5ecac\" data-element_type=\"widget\" data-e-type=\"widget\" data-widget_type=\"text-editor.default\">\n\t\t\t\t<div class=\"elementor-widget-container\">\n\t\t\t\t\t\t\t\t\t<p><strong>DEINE AUFGABEN<\/strong><\/p><p>&gt;&gt; Du begleitest unsere Kunden im Management von Projekten und Programmen, von der Planung bis zur Umsetzung.<\/p><p>&gt;&gt; Du wendest klassische Projektmanagementmethoden sicher an und \u00fcbernimmst die Verantwortung f\u00fcr die erfolgreiche Durchf\u00fchrung der Projekte.<\/p><p>&gt;&gt; Du managst komplexe Strukturen und Schnittstellen innerhalb der Projektteams sowie zu externen Partnern.<\/p><p>&gt;&gt; Du erstellst Projektpl\u00e4ne bez\u00fcglich Kosten, Zeit und Qualit\u00e4t und sorgst f\u00fcr deren Einhaltung.<\/p><p>&gt;&gt; Du unterst\u00fctzt aktiv bei der Projektsteuerung, Fortschrittskontrolle und Risikomanagement.<\/p><p>&gt;&gt; Du moderierst Workshops und Meetings zur Abstimmung mit Stakeholdern.<\/p><p><span style=\"color: var( --e-global-color-text ); font-family: var( --e-global-typography-primary-font-family ), Roboto; font-size: var( --e-global-typography-primary-font-size ); letter-spacing: var( --e-global-typography-primary-letter-spacing );\"><br \/><b>DEIN PROFIL<\/b><\/span><\/p><p>&gt;&gt; Du verf\u00fcgst \u00fcber ein erfolgreich abgeschlossenes Hochschul- oder Fachhochschulstudium im Bereich Ingenieurwissenschaften, Wirtschaftswissenschaften oder vergleichbarer Studieng\u00e4nge.<\/p><p>&gt;&gt; Du hast mindestens 5 Jahre Berufserfahrung in der Steuerung von komplexen Projekten, idealerweise in Infrastrukturprojekten.<\/p><p>&gt;&gt; Du bringst fundierte Kenntnisse in klassischen Projektmanagementmethoden mit (z.B. IPMA, PMP) und hast relevante Zertifizierungen erworben.<\/p><p>&gt;&gt; Du bist versiert im Umgang mit g\u00e4ngigen Projektmanagementtools (z.B. MS Project, Primavera).<\/p><p>&gt;&gt; Systematisches Vorgehen sowie Sensibilit\u00e4t f\u00fcr Anforderungen und Problemstellungen unserer Kunden z\u00e4hlen zu deinen St\u00e4rken.<\/p><p>&gt;&gt; Du arbeitest gerne im Team, kommunizierst souver\u00e4n mit verschiedenen Stakeholdern und kannst komplexe Sachverhalte verst\u00e4ndlich darstellen.<\/p><p>&gt;&gt; Du verf\u00fcgst \u00fcber ein hohes Ma\u00df an Selbstmotivation und Verantwortungsbewusstsein und bringst eine hohe Reisebereitschaft mit.<\/p><p>&gt;&gt; Deutsch und Englisch beherrschst du flie\u00dfend in Wort und Schrift.<\/p><p><span style=\"color: var( --e-global-color-text ); font-family: var( --e-global-typography-primary-font-family ), Roboto; font-size: var( --e-global-typography-primary-font-size ); letter-spacing: var( --e-global-typography-primary-letter-spacing );\"><br \/><b>DEINE BENEFITS<\/b><\/span><\/p><p>&gt;&gt; Spannende und abwechslungsreiche Projekte im Bereich Infrastruktur f\u00fcr nationale und internationale Kunden.<\/p><p>&gt;&gt; Begleitung durch einen erfahrenen Quality Sparring Partner zum kollegialen Austausch im Projekteinsatz.<\/p><p>&gt;&gt; Flexible Arbeitszeiten und Homeoffice soweit es die Kundenprojekte erlauben.<\/p><p>&gt;&gt; Zahlreiche Weiterbildungs- und Entwicklungsm\u00f6glichkeiten im Projektmanagement.<\/p><p>&gt;&gt; Attraktive Verg\u00fctung mit Erfolgsbeteiligungsmodell.<\/p><p><span style=\"color: var( --e-global-color-text ); font-family: var( --e-global-typography-primary-font-family ), Roboto; font-size: var( --e-global-typography-primary-font-size ); letter-spacing: var( --e-global-typography-primary-letter-spacing );\"><b>INTERESSIERT?\u00a0<\/b><\/span><\/p><p>Wir freuen uns \u00fcber den Eingang deiner Bewerbung mit aussagekr\u00e4ftigen Unterlagen inkl. Anschreiben.<\/p><p><strong>DATENSCHUTZ:<\/strong><\/p><p>Mit der Einsendung deiner Bewerbung stimmst Du zu, dass wir Deine personenbezogenen Daten im Rahmen des Bewerbungsprozesses speichern und verarbeiten. Weitere Informationen zum Datenschutz und zu deinen Rechten findest du <a href=\"https:\/\/house-of-pm.eu\/bewerberdaten\/\">hier.<\/a><\/p>\t\t\t\t\t\t\t\t<\/div>\n\t\t\t\t<\/div>\n\t\t\t\t<div class=\"elementor-element elementor-element-1c8e97db elementor-widget__width-auto elementor-absolute elementor-widget elementor-widget-button\" data-id=\"1c8e97db\" data-element_type=\"widget\" data-e-type=\"widget\" data-settings=\"{&quot;_position&quot;:&quot;absolute&quot;}\" data-widget_type=\"button.default\">\n\t\t\t\t<div class=\"elementor-widget-container\">\n\t\t\t\t\t\t\t\t\t<div class=\"elementor-button-wrapper\">\n\t\t\t\t\t<a class=\"elementor-button elementor-button-link elementor-size-xl elementor-animation-grow\" href=\"#Introtext\">\n\t\t\t\t\t\t<span class=\"elementor-button-content-wrapper\">\n\t\t\t\t\t\t<span class=\"elementor-button-icon\">\n\t\t\t\t<i aria-hidden=\"true\" class=\"fas fa-chevron-down\"><\/i>\t\t\t<\/span>\n\t\t\t\t\t\t\t\t<\/span>\n\t\t\t\t\t<\/a>\n\t\t\t\t<\/div>\n\t\t\t\t\t\t\t\t<\/div>\n\t\t\t\t<\/div>\n\t\t\t\t<div class=\"elementor-element elementor-element-564afbb6 elementor-widget__width-initial elementor-widget elementor-widget-button\" data-id=\"564afbb6\" data-element_type=\"widget\" data-e-type=\"widget\" data-widget_type=\"button.default\">\n\t\t\t\t<div class=\"elementor-widget-container\">\n\t\t\t\t\t\t\t\t\t<div class=\"elementor-button-wrapper\">\n\t\t\t\t\t<a class=\"elementor-button elementor-button-link elementor-size-md elementor-animation-grow\" href=\"https:\/\/house-of-pm.eu\/karriere\/bewerbung\/\">\n\t\t\t\t\t\t<span class=\"elementor-button-content-wrapper\">\n\t\t\t\t\t\t\t\t\t<span class=\"elementor-button-text\">Hier bewerben<\/span>\n\t\t\t\t\t<\/span>\n\t\t\t\t\t<\/a>\n\t\t\t\t<\/div>\n\t\t\t\t\t\t\t\t<\/div>\n\t\t\t\t<\/div>\n\t\t\t\t\t<\/div>\n\t\t<\/div>\n\t\t\t\t\t<\/div>\n\t\t<\/section>\n\t\t\t\t<\/div>\n\t\t","protected":false},"excerpt":{"rendered":"<p>&gt;&gt;Karriere Zur Verst\u00e4rkung unseres Teams suchen wir f\u00fcr den deutschlandweiten Einsatz einen unternehmerisch denkenden PROJECT MANAGER (m\/w\/d): SCHWERPUNKT INFRASTRUKTURPROJEKTE DEINE AUFGABEN &gt;&gt; Du begleitest unsere Kunden im Management von Projekten und Programmen, von der Planung bis zur Umsetzung. &gt;&gt; Du wendest klassische Projektmanagementmethoden sicher an und \u00fcbernimmst die Verantwortung f\u00fcr die erfolgreiche Durchf\u00fchrung der Projekte. [&hellip;]<\/p>\n","protected":false},"author":4,"featured_media":0,"parent":667,"menu_order":6200,"comment_status":"closed","ping_status":"closed","template":"elementor_header_footer","meta":{"footnotes":""},"class_list":["post-14355","page","type-page","status-publish","hentry"],"aioseo_notices":[],"_links":{"self":[{"href":"https:\/\/house-of-pm.eu\/en\/wp-json\/wp\/v2\/pages\/14355","targetHints":{"allow":["GET"]}}],"collection":[{"href":"https:\/\/house-of-pm.eu\/en\/wp-json\/wp\/v2\/pages"}],"about":[{"href":"https:\/\/house-of-pm.eu\/en\/wp-json\/wp\/v2\/types\/page"}],"author":[{"embeddable":true,"href":"https:\/\/house-of-pm.eu\/en\/wp-json\/wp\/v2\/users\/4"}],"replies":[{"embeddable":true,"href":"https:\/\/house-of-pm.eu\/en\/wp-json\/wp\/v2\/comments?post=14355"}],"version-history":[{"count":19,"href":"https:\/\/house-of-pm.eu\/en\/wp-json\/wp\/v2\/pages\/14355\/revisions"}],"predecessor-version":[{"id":20945,"href":"https:\/\/house-of-pm.eu\/en\/wp-json\/wp\/v2\/pages\/14355\/revisions\/20945"}],"up":[{"embeddable":true,"href":"https:\/\/house-of-pm.eu\/en\/wp-json\/wp\/v2\/pages\/667"}],"wp:attachment":[{"href":"https:\/\/house-of-pm.eu\/en\/wp-json\/wp\/v2\/media?parent=14355"}],"curies":[{"name":"wp","href":"https:\/\/api.w.org\/{rel}","templated":true}]}}