{"id":15157,"date":"2024-11-19T10:13:36","date_gmt":"2024-11-19T10:13:36","guid":{"rendered":"https:\/\/house-of-pm.eu\/?page_id=15157"},"modified":"2026-01-27T12:26:22","modified_gmt":"2026-01-27T12:26:22","slug":"stellenausschreibung-initiativbewerbung-pma","status":"publish","type":"page","link":"https:\/\/house-of-pm.eu\/en\/karriere\/stellenausschreibung-initiativbewerbung-pma\/","title":{"rendered":"Stellenausschreibung Initiativbewerbung PMA"},"content":{"rendered":"\t\t<div data-elementor-type=\"wp-page\" data-elementor-id=\"15157\" class=\"elementor elementor-15157\" data-elementor-post-type=\"page\">\n\t\t\t\t\t\t<section class=\"elementor-section elementor-top-section elementor-element elementor-element-0839135 elementor-section-full_width elementor-section-stretched elementor-section-height-default elementor-section-height-default\" data-id=\"0839135\" data-element_type=\"section\" data-e-type=\"section\" data-settings=\"{&quot;stretch_section&quot;:&quot;section-stretched&quot;}\">\n\t\t\t\t\t\t<div class=\"elementor-container elementor-column-gap-no\">\n\t\t\t\t\t<div class=\"elementor-column elementor-col-100 elementor-top-column elementor-element elementor-element-af1d64a\" data-id=\"af1d64a\" data-element_type=\"column\" data-e-type=\"column\">\n\t\t\t<div class=\"elementor-widget-wrap elementor-element-populated\">\n\t\t\t\t\t\t<div class=\"elementor-element elementor-element-82f7414 elementor-widget elementor-widget-slider_revolution\" data-id=\"82f7414\" data-element_type=\"widget\" data-e-type=\"widget\" data-widget_type=\"slider_revolution.default\">\n\t\t\t\t<div class=\"elementor-widget-container\">\n\t\t\t\t\t\n\t\t<div class=\"wp-block-themepunch-revslider\">\n\t\t\t<!-- START StageKarriere REVOLUTION SLIDER 6.7.40 --><p class=\"rs-p-wp-fix\"><\/p>\n\t\t\t<rs-module-wrap id=\"rev_slider_85_1_wrapper\" data-source=\"gallery\" style=\"visibility:hidden;background:transparent;padding:0;margin:0px auto;margin-top:0;margin-bottom:0;\">\n\t\t\t\t<rs-module id=\"rev_slider_85_1\" style=\"\" data-version=\"6.7.40\">\n\t\t\t\t\t<rs-slides style=\"overflow: hidden; position: absolute;\">\n\t\t\t\t\t\t<rs-slide style=\"position: absolute;\" data-key=\"rs-99\" data-title=\"Slide\" data-in=\"o:0;\" data-out=\"a:false;\">\n\t\t\t\t\t\t\t<img decoding=\"async\" src=\"\/\/house-of-pm.eu\/wp-content\/plugins\/revslider\/sr6\/assets\/assets\/dummy.png\" alt=\"Slide\" title=\"Stellenausschreibung Initiativbewerbung PMA\" class=\"rev-slidebg tp-rs-img rs-lazyload\" data-lazyload=\"\/\/house-of-pm.eu\/wp-content\/plugins\/revslider\/sr6\/assets\/assets\/transparent.png\" data-parallax=\"off\" data-no-retina>\n<!--\n\t\t\t\t\t\t\t--><rs-layer\n\t\t\t\t\t\t\t\tid=\"slider-85-slide-99-layer-0\" \n\t\t\t\t\t\t\t\tclass=\"rs-selectable rs-pxl-6 rs-pxmask\"\n\t\t\t\t\t\t\t\tdata-type=\"image\"\n\t\t\t\t\t\t\t\tdata-rsp_ch=\"on\"\n\t\t\t\t\t\t\t\tdata-xy=\"x:c;y:m;\"\n\t\t\t\t\t\t\t\tdata-text=\"w:normal;s:20,20,7,7;l:0,0,9,9;\"\n\t\t\t\t\t\t\t\tdata-dim=\"w:[&#039;100%&#039;,&#039;100%&#039;,&#039;100%&#039;,&#039;100%&#039;];h:[&#039;100%&#039;,&#039;100%&#039;,&#039;100%&#039;,&#039;100%&#039;];\"\n\t\t\t\t\t\t\t\tdata-vbility=\"t,t,f,f\"\n\t\t\t\t\t\t\t\tdata-frame_0=\"sX:2;sY:2;\"\n\t\t\t\t\t\t\t\tdata-frame_0_mask=\"u:t;\"\n\t\t\t\t\t\t\t\tdata-frame_1=\"e:power2.out;sp:2000;\"\n\t\t\t\t\t\t\t\tdata-frame_1_mask=\"u:t;\"\n\t\t\t\t\t\t\t\tdata-frame_999=\"o:0;st:w;sR:7000;\"\n\t\t\t\t\t\t\t\tstyle=\"z-index:8;\"\n\t\t\t\t\t\t\t><img fetchpriority=\"high\" decoding=\"async\" src=\"\/\/house-of-pm.eu\/wp-content\/plugins\/revslider\/sr6\/assets\/assets\/dummy.png\" alt=\"\" class=\"tp-rs-img rs-lazyload\" width=\"1920\" height=\"800\" data-lazyload=\"\/\/901521.jweiland-hosting.de\/wordpress\/wp-content\/uploads\/2023\/02\/7-Karriere-DESKTOP.jpg\" data-c=\"cover\" data-no-retina> \n\t\t\t\t\t\t\t<\/rs-layer><!--\n\n\t\t\t\t\t\t\t--><rs-layer\n\t\t\t\t\t\t\t\tid=\"slider-85-slide-99-layer-2\" \n\t\t\t\t\t\t\t\tclass=\"rs-selectable rs-pxl-6 rs-pxmask\"\n\t\t\t\t\t\t\t\tdata-type=\"image\"\n\t\t\t\t\t\t\t\tdata-rsp_ch=\"on\"\n\t\t\t\t\t\t\t\tdata-xy=\"x:c;y:m;\"\n\t\t\t\t\t\t\t\tdata-text=\"w:normal;s:20,20,7,7;l:0,0,9,9;\"\n\t\t\t\t\t\t\t\tdata-dim=\"w:[&#039;100%&#039;,&#039;100%&#039;,&#039;100%&#039;,&#039;100%&#039;];h:[&#039;100%&#039;,&#039;100%&#039;,&#039;100%&#039;,&#039;100%&#039;];\"\n\t\t\t\t\t\t\t\tdata-vbility=\"f,f,t,t\"\n\t\t\t\t\t\t\t\tdata-frame_0=\"sX:2;sY:2;\"\n\t\t\t\t\t\t\t\tdata-frame_0_mask=\"u:t;\"\n\t\t\t\t\t\t\t\tdata-frame_1=\"e:power2.out;sp:2000;\"\n\t\t\t\t\t\t\t\tdata-frame_1_mask=\"u:t;\"\n\t\t\t\t\t\t\t\tdata-frame_999=\"o:0;st:w;sR:7000;\"\n\t\t\t\t\t\t\t\tstyle=\"z-index:9;\"\n\t\t\t\t\t\t\t><img decoding=\"async\" src=\"\/\/house-of-pm.eu\/wp-content\/plugins\/revslider\/sr6\/assets\/assets\/dummy.png\" alt=\"\" class=\"tp-rs-img rs-lazyload\" width=\"750\" height=\"750\" data-lazyload=\"\/\/901521.jweiland-hosting.de\/wordpress\/wp-content\/uploads\/2023\/02\/7-Karriere-MOBILE.jpg\" data-c=\"cover\" data-no-retina> \n\t\t\t\t\t\t\t<\/rs-layer><!--\n\n\t\t\t\t\t\t\t--><rs-layer\n\t\t\t\t\t\t\t\tid=\"slider-85-slide-99-layer-6\" \n\t\t\t\t\t\t\t\tclass=\"rs-selectable rs-noevents\"\n\t\t\t\t\t\t\t\tdata-type=\"text\"\n\t\t\t\t\t\t\t\tdata-rsp_ch=\"on\"\n\t\t\t\t\t\t\t\tdata-xy=\"x:c,c,l,c;xo:651px,651px,325px,325px;y:b;yo:-16px,-16px,-29px,-29px;\"\n\t\t\t\t\t\t\t\tdata-text=\"w:normal;s:90,90,80,80;l:90,90,110,110;ls:3px,3px,0px,0px;fw:900;\"\n\t\t\t\t\t\t\t\tdata-dim=\"w:715px,715px,457px,457px;minh:0px,0px,none,0px;\"\n\t\t\t\t\t\t\t\tdata-frame_0=\"o:1;\"\n\t\t\t\t\t\t\t\tdata-frame_0_chars=\"d:5;x:105%;o:1;rY:45deg;rZ:90deg;\"\n\t\t\t\t\t\t\t\tdata-frame_0_mask=\"u:t;\"\n\t\t\t\t\t\t\t\tdata-frame_1=\"sp:1200;\"\n\t\t\t\t\t\t\t\tdata-frame_1_chars=\"e:power4.inOut;d:10;rZ:0deg;\"\n\t\t\t\t\t\t\t\tdata-frame_1_mask=\"u:t;\"\n\t\t\t\t\t\t\t\tdata-frame_999=\"o:0;st:w;sR:7000;\"\n\t\t\t\t\t\t\t\tstyle=\"z-index:10;font-family:'Roboto';text-transform:uppercase;\"\n\t\t\t\t\t\t\t>Karriere \n\t\t\t\t\t\t\t<\/rs-layer><!--\n-->\t\t\t\t\t<\/rs-slide>\n\t\t\t\t\t<\/rs-slides>\n\t\t\t\t<\/rs-module>\n\t\t\t\t<script>\n\t\t\t\t\tsetREVStartSize({c: 'rev_slider_85_1',rl:[1920,1920,1200,1200],el:[800,800,778,778],gw:[1920,1920,778,778],gh:[800,800,778,778],type:'hero',justify:'',layout:'fullwidth',mh:\"0\"});if (window.RS_MODULES!==undefined && window.RS_MODULES.modules!==undefined && window.RS_MODULES.modules[\"revslider851\"]!==undefined) {window.RS_MODULES.modules[\"revslider851\"].once = false;window.revapi85 = undefined;if (window.RS_MODULES.checkMinimal!==undefined) window.RS_MODULES.checkMinimal()}\n\t\t\t\t<\/script>\n\t\t\t<\/rs-module-wrap>\n\t\t\t<!-- END REVOLUTION SLIDER -->\n<\/div>\n\n\t\t\t\t\t\t<\/div>\n\t\t\t\t<\/div>\n\t\t\t\t\t<\/div>\n\t\t<\/div>\n\t\t\t\t\t<\/div>\n\t\t<\/section>\n\t\t\t\t<section class=\"elementor-section elementor-top-section elementor-element elementor-element-766f6eb2 elementor-section-height-min-height elementor-section-full_width elementor-section-stretched elementor-section-height-default elementor-section-items-middle\" data-id=\"766f6eb2\" data-element_type=\"section\" data-e-type=\"section\" id=\"Introtext\" data-settings=\"{&quot;background_background&quot;:&quot;classic&quot;,&quot;stretch_section&quot;:&quot;section-stretched&quot;,&quot;background_motion_fx_motion_fx_scrolling&quot;:&quot;yes&quot;,&quot;background_motion_fx_translateY_effect&quot;:&quot;yes&quot;,&quot;background_motion_fx_translateY_direction&quot;:&quot;negative&quot;,&quot;background_motion_fx_translateY_speed&quot;:{&quot;unit&quot;:&quot;px&quot;,&quot;size&quot;:0,&quot;sizes&quot;:[]},&quot;background_motion_fx_translateY_affectedRange&quot;:{&quot;unit&quot;:&quot;%&quot;,&quot;size&quot;:&quot;&quot;,&quot;sizes&quot;:{&quot;start&quot;:0,&quot;end&quot;:52}},&quot;background_motion_fx_devices&quot;:[&quot;desktop&quot;,&quot;tablet&quot;,&quot;mobile&quot;]}\">\n\t\t\t\t\t\t<div class=\"elementor-container elementor-column-gap-no\">\n\t\t\t\t\t<div class=\"elementor-column elementor-col-100 elementor-top-column elementor-element elementor-element-31f58622\" data-id=\"31f58622\" data-element_type=\"column\" data-e-type=\"column\">\n\t\t\t<div class=\"elementor-widget-wrap elementor-element-populated\">\n\t\t\t\t\t\t<div class=\"elementor-element elementor-element-1ef4aaae elementor-widget__width-initial elementor-widget elementor-widget-text-editor\" data-id=\"1ef4aaae\" data-element_type=\"widget\" data-e-type=\"widget\" data-widget_type=\"text-editor.default\">\n\t\t\t\t<div class=\"elementor-widget-container\">\n\t\t\t\t\t\t\t\t\t<p>&gt;&gt;Karriere<\/p>\t\t\t\t\t\t\t\t<\/div>\n\t\t\t\t<\/div>\n\t\t\t\t<div class=\"elementor-element elementor-element-12868632 elementor-widget__width-initial elementor-widget elementor-widget-text-editor\" data-id=\"12868632\" data-element_type=\"widget\" data-e-type=\"widget\" data-widget_type=\"text-editor.default\">\n\t\t\t\t<div class=\"elementor-widget-container\">\n\t\t\t\t\t\t\t\t\t<p>Initiativbewerbung als <strong>Freie:r Project Manager (Project Management Associate) <\/strong>bei der House of PM GmbH<\/p>\t\t\t\t\t\t\t\t<\/div>\n\t\t\t\t<\/div>\n\t\t\t\t<div class=\"elementor-element elementor-element-67f5ecac elementor-widget__width-initial elementor-widget elementor-widget-text-editor\" data-id=\"67f5ecac\" data-element_type=\"widget\" data-e-type=\"widget\" data-widget_type=\"text-editor.default\">\n\t\t\t\t<div class=\"elementor-widget-container\">\n\t\t\t\t\t\t\t\t\t<p><strong>DEINE AUFGABEN<\/strong><\/p><p><strong>&gt;&gt; Qualitativ hochwertiges Projektmanagement nach internationalen Standards:<\/strong> Du f\u00fchrst Projekte gem\u00e4\u00df bew\u00e4hrten und international anerkannten Methoden (z. B. PRINCE2, PMBOK, ICB, Agile, Scrum) und sorgst f\u00fcr die pr\u00e4zise Einhaltung von Zeitpl\u00e4nen, Budgets und Qualit\u00e4tsanforderungen.<\/p><p><strong>&gt;&gt; Agil, klassisch oder hybrid \u2013 du entscheidest:<\/strong> Du verf\u00fcgst \u00fcber die F\u00e4higkeit, die jeweils passende Methode anzuwenden \u2013 sei es klassisches Projektmanagement, agile Methoden oder eine hybride Kombination. Je nach Reifegrad und Anforderungen des Kunden w\u00e4hlst du den optimalen Ansatz und f\u00fchrst das Projekt erfolgreich zum Ziel.<\/p><p><strong>&gt;&gt; Komplexe Stakeholder-Kommunikation:<\/strong> Du bist der Ansprechpartner f\u00fcr alle relevanten Stakeholder und stellst sicher, dass alle Projektziele klar kommuniziert und die Erwartungen w\u00e4hrend des gesamten Projektlebenszyklus effektiv gemanagt werden.<\/p><p><strong>&gt;&gt; Projektportfoliomanagement:<\/strong> Du beh\u00e4ltst die strategische Ausrichtung des Projektportfolios im Blick und stellst sicher, dass Projekte nach den h\u00f6chsten Standards priorisiert und durchgef\u00fchrt werden.<\/p><p><span style=\"color: var( --e-global-color-text ); font-family: var( --e-global-typography-primary-font-family ), Roboto; font-size: var( --e-global-typography-primary-font-size ); letter-spacing: var( --e-global-typography-primary-letter-spacing );\"><b>WAS WIR VON DIR ERWARTEN<\/b><\/span><\/p><p><strong>&gt;&gt; Langj\u00e4hrige Erfahrung im Projektmanagement:<\/strong> Du hast umfassende Erfahrung in der Leitung von Projekten unterschiedlicher Gr\u00f6\u00dfe und Komplexit\u00e4t, sowohl in klassischen als auch agilen Umfeldern, und bringst weitreichende Kenntnisse in den g\u00e4ngigen Projektmanagementmethoden mit.<\/p><p><strong>&gt;&gt; Erfahrung im hybriden Projektmanagement:<\/strong> Du hast bereits erfolgreich hybride Projekte durchgef\u00fchrt, bei denen du die St\u00e4rken von klassischen und agilen Methoden je nach Bedarf und Reifegrad des Projekts erfolgreich kombiniert hast.<\/p><p><strong>&gt;&gt; Internationale Zertifikate:<\/strong> Du verf\u00fcgst \u00fcber einschl\u00e4gige internationale Projektmanagement-Zertifikate wie PRINCE2, PMP, IPMA Level D-B, Scrum Master oder vergleichbare Qualifikationen, die deine Expertise unterstreichen und dich f\u00fcr komplexe Projekte qualifizieren.<\/p><p><strong>&gt;&gt; Exzellente Kommunikationsf\u00e4higkeiten:<\/strong> Du trittst souver\u00e4n und \u00fcberzeugend gegen\u00fcber Kunden, Partnern und internen Teams auf. Deine F\u00e4higkeit, komplexe Sachverhalte klar und pr\u00e4zise zu vermitteln, ist eine deiner st\u00e4rksten Eigenschaften.<\/p><p><strong>&gt;&gt; Strategisches und l\u00f6sungsorientiertes Denken:<\/strong> Du denkst nicht nur operativ, sondern auch strategisch und stellst sicher, dass alle Projekte im Einklang mit den langfristigen Zielen des Unternehmens und der Kunden erfolgreich umgesetzt werden.<\/p><p><span style=\"color: var( --e-global-color-text ); font-family: var( --e-global-typography-primary-font-family ), Roboto; font-size: var( --e-global-typography-primary-font-size ); letter-spacing: var( --e-global-typography-primary-letter-spacing );\"><b>WAS WIR DIR BIETEN:<\/b><\/span><\/p><p><strong>&gt;&gt; Vielf\u00e4ltige und herausfordernde Projekte: <\/strong>Wir unterst\u00fctzen unseren Kunden bei einer breite Palette anspruchsvoller Projekte und Portfolios in unterschiedlichsten Branchen \u2013 von Technologie \u00fcber Industrie bis hin zu Dienstleistungen. Jeder Projekteinsatz bietet die M\u00f6glichkeit, deine Expertise weiter zu vertiefen und in komplexen Projekten Ma\u00dfst\u00e4be zu setzen.<\/p><p><strong>&gt;&gt; Professioneller Support:<\/strong> Bei Bedarf bieten wir dir einen starken Quality Sparring Partner an, der dich bei der Qualit\u00e4tssicherung und der Optimierung deiner Projektmanagementprozesse und -Methoden unterst\u00fctzt. Unser Team steht dir als kompetenter Ansprechpartner zur Seite, um sicherzustellen, dass deine Projekte nicht nur erfolgreich, sondern auch nachhaltig und von h\u00f6chster Qualit\u00e4t sind.<\/p><p><span style=\"color: var( --e-global-color-text ); font-family: var( --e-global-typography-primary-font-family ), Roboto; font-size: var( --e-global-typography-primary-font-size ); letter-spacing: var( --e-global-typography-primary-letter-spacing );\"><b>INTERESSIERT?\u00a0<\/b><\/span><\/p><p>Bist du bereit, Projekte nach den h\u00f6chsten internationalen Standards zu steuern und dabei sowohl klassische als auch agile Methoden gekonnt miteinander zu kombinieren? Dann freuen wir uns auf deine Initiativbewerbung.<\/p><p><strong>DATENSCHUTZ:<\/strong><\/p><p>Mit der Einsendung deiner Bewerbung stimmst du zu, dass wir deine personenbezogenen Daten im Rahmen des Bewerbungsprozesses speichern und verarbeiten. Weitere Informationen zum Datenschutz und zu deinen Rechten findest du <a href=\"https:\/\/house-of-pm.eu\/bewerberdaten\/\">hier.<\/a><\/p>\t\t\t\t\t\t\t\t<\/div>\n\t\t\t\t<\/div>\n\t\t\t\t<div class=\"elementor-element elementor-element-1c8e97db elementor-widget__width-auto elementor-absolute elementor-widget elementor-widget-button\" data-id=\"1c8e97db\" data-element_type=\"widget\" data-e-type=\"widget\" data-settings=\"{&quot;_position&quot;:&quot;absolute&quot;}\" data-widget_type=\"button.default\">\n\t\t\t\t<div class=\"elementor-widget-container\">\n\t\t\t\t\t\t\t\t\t<div class=\"elementor-button-wrapper\">\n\t\t\t\t\t<a class=\"elementor-button elementor-button-link elementor-size-xl elementor-animation-grow\" href=\"#Introtext\">\n\t\t\t\t\t\t<span class=\"elementor-button-content-wrapper\">\n\t\t\t\t\t\t<span class=\"elementor-button-icon\">\n\t\t\t\t<i aria-hidden=\"true\" class=\"fas fa-chevron-down\"><\/i>\t\t\t<\/span>\n\t\t\t\t\t\t\t\t<\/span>\n\t\t\t\t\t<\/a>\n\t\t\t\t<\/div>\n\t\t\t\t\t\t\t\t<\/div>\n\t\t\t\t<\/div>\n\t\t\t\t<div class=\"elementor-element elementor-element-564afbb6 elementor-widget__width-initial elementor-widget elementor-widget-button\" data-id=\"564afbb6\" data-element_type=\"widget\" data-e-type=\"widget\" data-widget_type=\"button.default\">\n\t\t\t\t<div class=\"elementor-widget-container\">\n\t\t\t\t\t\t\t\t\t<div class=\"elementor-button-wrapper\">\n\t\t\t\t\t<a class=\"elementor-button elementor-button-link elementor-size-md elementor-animation-grow\" href=\"https:\/\/house-of-pm.eu\/karriere\/bewerbung-pma\/\">\n\t\t\t\t\t\t<span class=\"elementor-button-content-wrapper\">\n\t\t\t\t\t\t\t\t\t<span class=\"elementor-button-text\">Hier bewerben<\/span>\n\t\t\t\t\t<\/span>\n\t\t\t\t\t<\/a>\n\t\t\t\t<\/div>\n\t\t\t\t\t\t\t\t<\/div>\n\t\t\t\t<\/div>\n\t\t\t\t\t<\/div>\n\t\t<\/div>\n\t\t\t\t\t<\/div>\n\t\t<\/section>\n\t\t\t\t<\/div>\n\t\t","protected":false},"excerpt":{"rendered":"<p>&gt;&gt;Karriere Initiativbewerbung als Freie:r Project Manager (Project Management Associate) bei der House of PM GmbH DEINE AUFGABEN &gt;&gt; Qualitativ hochwertiges Projektmanagement nach internationalen Standards: Du f\u00fchrst Projekte gem\u00e4\u00df bew\u00e4hrten und international anerkannten Methoden (z. B. PRINCE2, PMBOK, ICB, Agile, Scrum) und sorgst f\u00fcr die pr\u00e4zise Einhaltung von Zeitpl\u00e4nen, Budgets und Qualit\u00e4tsanforderungen. &gt;&gt; Agil, klassisch oder [&hellip;]<\/p>\n","protected":false},"author":4,"featured_media":0,"parent":667,"menu_order":6200,"comment_status":"closed","ping_status":"closed","template":"elementor_header_footer","meta":{"footnotes":""},"class_list":["post-15157","page","type-page","status-publish","hentry"],"aioseo_notices":[],"_links":{"self":[{"href":"https:\/\/house-of-pm.eu\/en\/wp-json\/wp\/v2\/pages\/15157","targetHints":{"allow":["GET"]}}],"collection":[{"href":"https:\/\/house-of-pm.eu\/en\/wp-json\/wp\/v2\/pages"}],"about":[{"href":"https:\/\/house-of-pm.eu\/en\/wp-json\/wp\/v2\/types\/page"}],"author":[{"embeddable":true,"href":"https:\/\/house-of-pm.eu\/en\/wp-json\/wp\/v2\/users\/4"}],"replies":[{"embeddable":true,"href":"https:\/\/house-of-pm.eu\/en\/wp-json\/wp\/v2\/comments?post=15157"}],"version-history":[{"count":13,"href":"https:\/\/house-of-pm.eu\/en\/wp-json\/wp\/v2\/pages\/15157\/revisions"}],"predecessor-version":[{"id":20694,"href":"https:\/\/house-of-pm.eu\/en\/wp-json\/wp\/v2\/pages\/15157\/revisions\/20694"}],"up":[{"embeddable":true,"href":"https:\/\/house-of-pm.eu\/en\/wp-json\/wp\/v2\/pages\/667"}],"wp:attachment":[{"href":"https:\/\/house-of-pm.eu\/en\/wp-json\/wp\/v2\/media?parent=15157"}],"curies":[{"name":"wp","href":"https:\/\/api.w.org\/{rel}","templated":true}]}}