{"id":18126,"date":"2025-07-30T08:51:57","date_gmt":"2025-07-30T08:51:57","guid":{"rendered":"https:\/\/house-of-pm.eu\/?page_id=18126"},"modified":"2026-02-17T11:13:30","modified_gmt":"2026-02-17T11:13:30","slug":"pm-standards-entwicklung","status":"publish","type":"page","link":"https:\/\/house-of-pm.eu\/en\/referenzen\/interim-management\/pm-standards-entwicklung\/","title":{"rendered":"Entwicklung von Projektmanagement-Standards"},"content":{"rendered":"\t\t<div data-elementor-type=\"wp-page\" data-elementor-id=\"18126\" class=\"elementor elementor-18126\" data-elementor-post-type=\"page\">\n\t\t\t\t\t\t<section class=\"elementor-section elementor-top-section elementor-element elementor-element-374111f elementor-section-full_width elementor-section-stretched elementor-section-content-bottom elementor-section-height-default elementor-section-height-default\" data-id=\"374111f\" data-element_type=\"section\" data-e-type=\"section\" data-settings=\"{&quot;stretch_section&quot;:&quot;section-stretched&quot;,&quot;background_background&quot;:&quot;classic&quot;,&quot;background_motion_fx_motion_fx_scrolling&quot;:&quot;yes&quot;,&quot;background_motion_fx_scale_effect&quot;:&quot;yes&quot;,&quot;background_motion_fx_scale_speed&quot;:{&quot;unit&quot;:&quot;px&quot;,&quot;size&quot;:10,&quot;sizes&quot;:[]},&quot;background_motion_fx_scale_range&quot;:{&quot;unit&quot;:&quot;%&quot;,&quot;size&quot;:&quot;&quot;,&quot;sizes&quot;:{&quot;start&quot;:20,&quot;end&quot;:100}},&quot;background_motion_fx_range&quot;:&quot;viewport&quot;,&quot;background_motion_fx_scale_direction&quot;:&quot;out-in&quot;,&quot;background_motion_fx_devices&quot;:[&quot;desktop&quot;,&quot;tablet&quot;,&quot;mobile&quot;]}\">\n\t\t\t\t\t\t<div class=\"elementor-container elementor-column-gap-no\">\n\t\t\t\t\t<div class=\"elementor-column elementor-col-100 elementor-top-column elementor-element elementor-element-6eb8631c\" data-id=\"6eb8631c\" data-element_type=\"column\" data-e-type=\"column\">\n\t\t\t<div class=\"elementor-widget-wrap elementor-element-populated\">\n\t\t\t\t\t\t<div class=\"elementor-element elementor-element-2a868286 elementor-widget__width-initial elementor-invisible elementor-widget elementor-widget-text-editor\" data-id=\"2a868286\" data-element_type=\"widget\" data-e-type=\"widget\" data-settings=\"{&quot;_animation&quot;:&quot;slideInUp&quot;}\" data-widget_type=\"text-editor.default\">\n\t\t\t\t<div class=\"elementor-widget-container\">\n\t\t\t\t\t\t\t\t\t<p>&gt;&gt; KOSMETIK- UND PHARMABRANCHE<\/p>\t\t\t\t\t\t\t\t<\/div>\n\t\t\t\t<\/div>\n\t\t\t\t<div class=\"elementor-element elementor-element-5edcf096 elementor-widget__width-initial elementor-invisible elementor-widget elementor-widget-text-editor\" data-id=\"5edcf096\" data-element_type=\"widget\" data-e-type=\"widget\" data-settings=\"{&quot;_animation&quot;:&quot;slideInUp&quot;,&quot;_animation_delay&quot;:150}\" data-widget_type=\"text-editor.default\">\n\t\t\t\t<div class=\"elementor-widget-container\">\n\t\t\t\t\t\t\t\t\t<p>Aus Unterschiedlichkeit wurde Verst\u00e4ndnis.<\/p>\t\t\t\t\t\t\t\t<\/div>\n\t\t\t\t<\/div>\n\t\t\t\t<div class=\"elementor-element elementor-element-3df392c2 elementor-widget__width-initial elementor-invisible elementor-widget elementor-widget-text-editor\" data-id=\"3df392c2\" data-element_type=\"widget\" data-e-type=\"widget\" data-settings=\"{&quot;_animation&quot;:&quot;fadeInRight&quot;,&quot;_animation_delay&quot;:250}\" data-widget_type=\"text-editor.default\">\n\t\t\t\t<div class=\"elementor-widget-container\">\n\t\t\t\t\t\t\t\t\t<p><span class=\"TextRun SCXW237309874 BCX8\" lang=\"DE-DE\" xml:lang=\"DE-DE\" data-contrast=\"auto\"><span class=\"NormalTextRun SCXW237309874 BCX8\" data-ccp-parastyle=\"paragraph\">Wie aus einem unterschiedlichen PM-Verst\u00e4ndnis ein gemeinsames wurde.<\/span><\/span><span class=\"EOP SCXW237309874 BCX8\" data-ccp-props=\"{&quot;134233117&quot;:false,&quot;134233118&quot;:false,&quot;201341983&quot;:0,&quot;335559738&quot;:0,&quot;335559739&quot;:0,&quot;335559740&quot;:240}\">\u00a0<\/span><\/p>\t\t\t\t\t\t\t\t<\/div>\n\t\t\t\t<\/div>\n\t\t\t\t\t<\/div>\n\t\t<\/div>\n\t\t\t\t\t<\/div>\n\t\t<\/section>\n\t\t\t\t<section class=\"elementor-section elementor-top-section elementor-element elementor-element-1d9d1ea5 elementor-section-height-min-height elementor-section-full_width elementor-section-stretched elementor-section-height-default elementor-section-items-middle\" data-id=\"1d9d1ea5\" data-element_type=\"section\" data-e-type=\"section\" id=\"Introtext\" data-settings=\"{&quot;background_background&quot;:&quot;classic&quot;,&quot;stretch_section&quot;:&quot;section-stretched&quot;,&quot;background_motion_fx_motion_fx_scrolling&quot;:&quot;yes&quot;,&quot;background_motion_fx_translateY_effect&quot;:&quot;yes&quot;,&quot;background_motion_fx_translateY_direction&quot;:&quot;negative&quot;,&quot;background_motion_fx_translateY_speed&quot;:{&quot;unit&quot;:&quot;px&quot;,&quot;size&quot;:0,&quot;sizes&quot;:[]},&quot;background_motion_fx_translateY_affectedRange&quot;:{&quot;unit&quot;:&quot;%&quot;,&quot;size&quot;:&quot;&quot;,&quot;sizes&quot;:{&quot;start&quot;:0,&quot;end&quot;:52}},&quot;background_motion_fx_devices&quot;:[&quot;desktop&quot;,&quot;tablet&quot;,&quot;mobile&quot;]}\">\n\t\t\t\t\t\t<div class=\"elementor-container elementor-column-gap-no\">\n\t\t\t\t\t<div class=\"elementor-column elementor-col-100 elementor-top-column elementor-element elementor-element-6ceaa97d\" data-id=\"6ceaa97d\" data-element_type=\"column\" data-e-type=\"column\">\n\t\t\t<div class=\"elementor-widget-wrap elementor-element-populated\">\n\t\t\t\t\t\t<div class=\"elementor-element elementor-element-241a703a elementor-widget__width-initial elementor-widget elementor-widget-text-editor\" data-id=\"241a703a\" data-element_type=\"widget\" data-e-type=\"widget\" data-widget_type=\"text-editor.default\">\n\t\t\t\t<div class=\"elementor-widget-container\">\n\t\t\t\t\t\t\t\t\t<p>&gt;&gt; KOSMETIK- UND PHARMABRANCHE<\/p>\t\t\t\t\t\t\t\t<\/div>\n\t\t\t\t<\/div>\n\t\t\t\t<div class=\"elementor-element elementor-element-575210a8 elementor-widget__width-initial elementor-widget elementor-widget-text-editor\" data-id=\"575210a8\" data-element_type=\"widget\" data-e-type=\"widget\" data-widget_type=\"text-editor.default\">\n\t\t\t\t<div class=\"elementor-widget-container\">\n\t\t\t\t\t\t\t\t\t<p><span class=\"TextRun SCXW225471822 BCX8\" lang=\"DE-DE\" xml:lang=\"DE-DE\" data-contrast=\"auto\"><span class=\"NormalTextRun SCXW225471822 BCX8\" data-ccp-parastyle=\"paragraph\" data-ccp-parastyle-defn=\"{&quot;ObjectId&quot;:&quot;aaed607e-c2a3-5841-9fb4-41037bfa0faf|1&quot;,&quot;ClassId&quot;:1073872969,&quot;Properties&quot;:[201342446,&quot;1&quot;,201342447,&quot;5&quot;,201342448,&quot;1&quot;,201342449,&quot;1&quot;,469777841,&quot;Times New Roman&quot;,469777842,&quot;Times New Roman&quot;,469777843,&quot;Times New Roman&quot;,469777844,&quot;Times New Roman&quot;,201341986,&quot;1&quot;,469769226,&quot;Times New Roman&quot;,268442635,&quot;24&quot;,469775450,&quot;paragraph&quot;,201340122,&quot;2&quot;,134233614,&quot;true&quot;,469778129,&quot;paragraph&quot;,335572020,&quot;1&quot;,335559705,&quot;1031&quot;,335559740,&quot;240&quot;,201341983,&quot;0&quot;,134233118,&quot;true&quot;,134233117,&quot;true&quot;,469778324,&quot;Normal&quot;]}\">Projekte erfolgreich abschlie\u00dfen \u2013 mit einheitlichem Projektmanagement<\/span><\/span><span class=\"EOP SCXW225471822 BCX8\" data-ccp-props=\"{&quot;134233117&quot;:false,&quot;134233118&quot;:false,&quot;201341983&quot;:0,&quot;335559738&quot;:0,&quot;335559739&quot;:0,&quot;335559740&quot;:240}\">\u00a0<\/span><\/p>\t\t\t\t\t\t\t\t<\/div>\n\t\t\t\t<\/div>\n\t\t\t\t<div class=\"elementor-element elementor-element-13340be9 elementor-widget__width-initial elementor-widget elementor-widget-text-editor\" data-id=\"13340be9\" data-element_type=\"widget\" data-e-type=\"widget\" data-widget_type=\"text-editor.default\">\n\t\t\t\t<div class=\"elementor-widget-container\">\n\t\t\t\t\t\t\t\t\t<p><span class=\"TextRun SCXW133210826 BCX8\" lang=\"DE-DE\" xml:lang=\"DE-DE\" data-contrast=\"auto\"><span class=\"NormalTextRun SCXW133210826 BCX8\" data-ccp-parastyle=\"paragraph\" data-ccp-parastyle-defn=\"{&quot;ObjectId&quot;:&quot;aaed607e-c2a3-5841-9fb4-41037bfa0faf|1&quot;,&quot;ClassId&quot;:1073872969,&quot;Properties&quot;:[201342446,&quot;1&quot;,201342447,&quot;5&quot;,201342448,&quot;1&quot;,201342449,&quot;1&quot;,469777841,&quot;Times New Roman&quot;,469777842,&quot;Times New Roman&quot;,469777843,&quot;Times New Roman&quot;,469777844,&quot;Times New Roman&quot;,201341986,&quot;1&quot;,469769226,&quot;Times New Roman&quot;,268442635,&quot;24&quot;,469775450,&quot;paragraph&quot;,201340122,&quot;2&quot;,134233614,&quot;true&quot;,469778129,&quot;paragraph&quot;,335572020,&quot;1&quot;,335559705,&quot;1031&quot;,335559740,&quot;240&quot;,201341983,&quot;0&quot;,134233118,&quot;true&quot;,134233117,&quot;true&quot;,469778324,&quot;Normal&quot;]}\">Das mittelst\u00e4ndische Familienunternehmen mit rund 900 Mitarbeitenden entwickelt und vertreibt Pflegeprodukte im kosmetischen und medizinischen Bereich. Bekannt ist es f\u00fcr mehrere erfolgreiche Marken, die regelm\u00e4\u00dfig in Apotheken, Drogerien oder durch medienwirksame Kampagnen pr\u00e4sent sind. Die Organisation gliedert sich in zwei Gesch\u00e4ftsbereiche: einen kosmetischen und einen medizinischen.<\/span><\/span><span class=\"EOP SCXW133210826 BCX8\" data-ccp-props=\"{&quot;134233117&quot;:false,&quot;134233118&quot;:false,&quot;201341983&quot;:0,&quot;335559738&quot;:0,&quot;335559739&quot;:0,&quot;335559740&quot;:240}\">\u00a0<\/span><\/p>\t\t\t\t\t\t\t\t<\/div>\n\t\t\t\t<\/div>\n\t\t\t\t<div class=\"elementor-element elementor-element-26163a3a elementor-widget__width-auto elementor-absolute elementor-widget elementor-widget-button\" data-id=\"26163a3a\" data-element_type=\"widget\" data-e-type=\"widget\" data-settings=\"{&quot;_position&quot;:&quot;absolute&quot;}\" data-widget_type=\"button.default\">\n\t\t\t\t<div class=\"elementor-widget-container\">\n\t\t\t\t\t\t\t\t\t<div class=\"elementor-button-wrapper\">\n\t\t\t\t\t<a class=\"elementor-button elementor-button-link elementor-size-xl elementor-animation-grow\" href=\"#Introtext\">\n\t\t\t\t\t\t<span class=\"elementor-button-content-wrapper\">\n\t\t\t\t\t\t<span class=\"elementor-button-icon\">\n\t\t\t\t<i aria-hidden=\"true\" class=\"fas fa-chevron-down\"><\/i>\t\t\t<\/span>\n\t\t\t\t\t\t\t\t<\/span>\n\t\t\t\t\t<\/a>\n\t\t\t\t<\/div>\n\t\t\t\t\t\t\t\t<\/div>\n\t\t\t\t<\/div>\n\t\t\t\t\t<\/div>\n\t\t<\/div>\n\t\t\t\t\t<\/div>\n\t\t<\/section>\n\t\t\t\t<section class=\"elementor-section elementor-top-section elementor-element elementor-element-5ce985f8 elementor-section-height-min-height elementor-section-full_width elementor-section-stretched elementor-section-height-default elementor-section-items-middle\" data-id=\"5ce985f8\" data-element_type=\"section\" data-e-type=\"section\" data-settings=\"{&quot;background_background&quot;:&quot;classic&quot;,&quot;stretch_section&quot;:&quot;section-stretched&quot;,&quot;background_motion_fx_motion_fx_scrolling&quot;:&quot;yes&quot;,&quot;background_motion_fx_translateY_effect&quot;:&quot;yes&quot;,&quot;background_motion_fx_translateY_direction&quot;:&quot;negative&quot;,&quot;background_motion_fx_translateY_speed&quot;:{&quot;unit&quot;:&quot;px&quot;,&quot;size&quot;:0,&quot;sizes&quot;:[]},&quot;background_motion_fx_translateY_affectedRange&quot;:{&quot;unit&quot;:&quot;%&quot;,&quot;size&quot;:&quot;&quot;,&quot;sizes&quot;:{&quot;start&quot;:0,&quot;end&quot;:52}},&quot;background_motion_fx_devices&quot;:[&quot;desktop&quot;,&quot;tablet&quot;,&quot;mobile&quot;]}\">\n\t\t\t\t\t\t<div class=\"elementor-container elementor-column-gap-no\">\n\t\t\t\t\t<div class=\"elementor-column elementor-col-100 elementor-top-column elementor-element elementor-element-4c86d9b9\" data-id=\"4c86d9b9\" data-element_type=\"column\" data-e-type=\"column\">\n\t\t\t<div class=\"elementor-widget-wrap elementor-element-populated\">\n\t\t\t\t\t\t<div class=\"elementor-element elementor-element-e515398 elementor-widget__width-initial elementor-widget elementor-widget-text-editor\" data-id=\"e515398\" data-element_type=\"widget\" data-e-type=\"widget\" data-widget_type=\"text-editor.default\">\n\t\t\t\t<div class=\"elementor-widget-container\">\n\t\t\t\t\t\t\t\t\t<p><span class=\"TextRun SCXW107312189 BCX8\" lang=\"DE-DE\" xml:lang=\"DE-DE\" data-contrast=\"auto\"><span class=\"NormalTextRun SCXW107312189 BCX8\" data-ccp-parastyle=\"paragraph\" data-ccp-parastyle-defn=\"{&quot;ObjectId&quot;:&quot;aaed607e-c2a3-5841-9fb4-41037bfa0faf|1&quot;,&quot;ClassId&quot;:1073872969,&quot;Properties&quot;:[201342446,&quot;1&quot;,201342447,&quot;5&quot;,201342448,&quot;1&quot;,201342449,&quot;1&quot;,469777841,&quot;Times New Roman&quot;,469777842,&quot;Times New Roman&quot;,469777843,&quot;Times New Roman&quot;,469777844,&quot;Times New Roman&quot;,201341986,&quot;1&quot;,469769226,&quot;Times New Roman&quot;,268442635,&quot;24&quot;,469775450,&quot;paragraph&quot;,201340122,&quot;2&quot;,134233614,&quot;true&quot;,469778129,&quot;paragraph&quot;,335572020,&quot;1&quot;,335559705,&quot;1031&quot;,335559740,&quot;240&quot;,201341983,&quot;0&quot;,134233118,&quot;true&quot;,134233117,&quot;true&quot;,469778324,&quot;Normal&quot;]}\">Innovationen auf den Weg bringen<\/span><\/span><span class=\"EOP SCXW107312189 BCX8\" data-ccp-props=\"{&quot;134233117&quot;:false,&quot;134233118&quot;:false,&quot;201341983&quot;:0,&quot;335551550&quot;:6,&quot;335551620&quot;:6,&quot;335559738&quot;:0,&quot;335559739&quot;:0,&quot;335559740&quot;:240}\">\u00a0<\/span><\/p>\t\t\t\t\t\t\t\t<\/div>\n\t\t\t\t<\/div>\n\t\t\t\t<div class=\"elementor-element elementor-element-7634cabb elementor-widget__width-initial elementor-widget elementor-widget-text-editor\" data-id=\"7634cabb\" data-element_type=\"widget\" data-e-type=\"widget\" data-widget_type=\"text-editor.default\">\n\t\t\t\t<div class=\"elementor-widget-container\">\n\t\t\t\t\t\t\t\t\t<p class=\"\" data-start=\"201\" data-end=\"555\"><strong data-start=\"194\" data-end=\"328\">Projekte, die regelm\u00e4\u00dfig verl\u00e4ngert werden und sich dadurch \u00fcber Jahre ziehen, stellen viele Organisationen vor Herausforderungen.<\/strong> Hinzu kommt der Einsatz unterschiedlicher Methoden und Vorgehensweisen \u2013 von etablierten Standards wie PRINCE2 \u00fcber individuelle Erfahrungswerte bis hin zu agilen Ans\u00e4tzen. Nicht alle Beteiligten sind mit denselben Methoden vertraut, und auch das grundlegende Verst\u00e4ndnis davon, was ein Projekt ausmacht, variiert stark. Diese heterogene Methodik und ein uneinheitlicher Projektmanagement-Sprachraum f\u00fchren unter anderem dazu, dass Projekte zu sogenannten Langl\u00e4ufern werden. Das wirkt sich direkt auf die Innovationsgeschwindigkeit der Organisation aus.<\/p>\t\t\t\t\t\t\t\t<\/div>\n\t\t\t\t<\/div>\n\t\t\t\t\t<\/div>\n\t\t<\/div>\n\t\t\t\t\t<\/div>\n\t\t<\/section>\n\t\t\t\t<section class=\"elementor-section elementor-top-section elementor-element elementor-element-6071d5a1 elementor-section-height-min-height elementor-section-full_width elementor-section-stretched elementor-section-height-default elementor-section-items-middle\" data-id=\"6071d5a1\" data-element_type=\"section\" data-e-type=\"section\" data-settings=\"{&quot;background_background&quot;:&quot;classic&quot;,&quot;stretch_section&quot;:&quot;section-stretched&quot;,&quot;background_motion_fx_motion_fx_scrolling&quot;:&quot;yes&quot;,&quot;background_motion_fx_translateY_effect&quot;:&quot;yes&quot;,&quot;background_motion_fx_translateY_direction&quot;:&quot;negative&quot;,&quot;background_motion_fx_translateY_speed&quot;:{&quot;unit&quot;:&quot;px&quot;,&quot;size&quot;:0,&quot;sizes&quot;:[]},&quot;background_motion_fx_translateY_affectedRange&quot;:{&quot;unit&quot;:&quot;%&quot;,&quot;size&quot;:&quot;&quot;,&quot;sizes&quot;:{&quot;start&quot;:0,&quot;end&quot;:52}},&quot;background_motion_fx_devices&quot;:[&quot;desktop&quot;,&quot;tablet&quot;,&quot;mobile&quot;]}\">\n\t\t\t\t\t\t<div class=\"elementor-container elementor-column-gap-no\">\n\t\t\t\t\t<div class=\"elementor-column elementor-col-100 elementor-top-column elementor-element elementor-element-62c01ca\" data-id=\"62c01ca\" data-element_type=\"column\" data-e-type=\"column\">\n\t\t\t<div class=\"elementor-widget-wrap elementor-element-populated\">\n\t\t\t\t\t\t<div class=\"elementor-element elementor-element-5855a055 elementor-widget__width-initial elementor-widget elementor-widget-text-editor\" data-id=\"5855a055\" data-element_type=\"widget\" data-e-type=\"widget\" data-widget_type=\"text-editor.default\">\n\t\t\t\t<div class=\"elementor-widget-container\">\n\t\t\t\t\t\t\t\t\t<p>\u201e<span class=\"TextRun SCXW234982556 BCX8\" lang=\"DE-DE\" xml:lang=\"DE-DE\" data-contrast=\"auto\"><span class=\"NormalTextRun SCXW234982556 BCX8\" data-ccp-parastyle=\"paragraph\" data-ccp-parastyle-defn=\"{&quot;ObjectId&quot;:&quot;aaed607e-c2a3-5841-9fb4-41037bfa0faf|1&quot;,&quot;ClassId&quot;:1073872969,&quot;Properties&quot;:[201342446,&quot;1&quot;,201342447,&quot;5&quot;,201342448,&quot;1&quot;,201342449,&quot;1&quot;,469777841,&quot;Times New Roman&quot;,469777842,&quot;Times New Roman&quot;,469777843,&quot;Times New Roman&quot;,469777844,&quot;Times New Roman&quot;,201341986,&quot;1&quot;,469769226,&quot;Times New Roman&quot;,268442635,&quot;24&quot;,469775450,&quot;paragraph&quot;,201340122,&quot;2&quot;,134233614,&quot;true&quot;,469778129,&quot;paragraph&quot;,335572020,&quot;1&quot;,335559705,&quot;1031&quot;,335559740,&quot;240&quot;,201341983,&quot;0&quot;,134233118,&quot;true&quot;,134233117,&quot;true&quot;,469778324,&quot;Normal&quot;]}\">Es war sch\u00f6n zu sehen, wie im Workshop zur Entwicklung des Projektmanagementhandbuchs ein gemeinsames Verst\u00e4ndnis von PM und den Abl\u00e4ufen entstand.<\/span><\/span>&#8222;<\/p>\t\t\t\t\t\t\t\t<\/div>\n\t\t\t\t<\/div>\n\t\t\t\t\t<\/div>\n\t\t<\/div>\n\t\t\t\t\t<\/div>\n\t\t<\/section>\n\t\t\t\t<section class=\"elementor-section elementor-top-section elementor-element elementor-element-388cabd elementor-section-height-min-height elementor-section-full_width elementor-section-stretched elementor-section-height-default elementor-section-items-middle\" data-id=\"388cabd\" data-element_type=\"section\" data-e-type=\"section\" data-settings=\"{&quot;background_background&quot;:&quot;classic&quot;,&quot;stretch_section&quot;:&quot;section-stretched&quot;,&quot;background_motion_fx_motion_fx_scrolling&quot;:&quot;yes&quot;,&quot;background_motion_fx_translateY_effect&quot;:&quot;yes&quot;,&quot;background_motion_fx_translateY_direction&quot;:&quot;negative&quot;,&quot;background_motion_fx_translateY_speed&quot;:{&quot;unit&quot;:&quot;px&quot;,&quot;size&quot;:0,&quot;sizes&quot;:[]},&quot;background_motion_fx_translateY_affectedRange&quot;:{&quot;unit&quot;:&quot;%&quot;,&quot;size&quot;:&quot;&quot;,&quot;sizes&quot;:{&quot;start&quot;:0,&quot;end&quot;:52}},&quot;background_motion_fx_devices&quot;:[&quot;desktop&quot;,&quot;tablet&quot;,&quot;mobile&quot;]}\">\n\t\t\t\t\t\t<div class=\"elementor-container elementor-column-gap-no\">\n\t\t\t\t\t<div class=\"elementor-column elementor-col-100 elementor-top-column elementor-element elementor-element-50c36d9\" data-id=\"50c36d9\" data-element_type=\"column\" data-e-type=\"column\">\n\t\t\t<div class=\"elementor-widget-wrap elementor-element-populated\">\n\t\t\t\t\t\t<div class=\"elementor-element elementor-element-a1de4d9 elementor-widget__width-initial elementor-widget elementor-widget-text-editor\" data-id=\"a1de4d9\" data-element_type=\"widget\" data-e-type=\"widget\" data-widget_type=\"text-editor.default\">\n\t\t\t\t<div class=\"elementor-widget-container\">\n\t\t\t\t\t\t\t\t\t<p>Unser Beitrag<\/p>\t\t\t\t\t\t\t\t<\/div>\n\t\t\t\t<\/div>\n\t\t\t\t<div class=\"elementor-element elementor-element-b062988 elementor-widget__width-initial elementor-widget elementor-widget-text-editor\" data-id=\"b062988\" data-element_type=\"widget\" data-e-type=\"widget\" data-widget_type=\"text-editor.default\">\n\t\t\t\t<div class=\"elementor-widget-container\">\n\t\t\t\t\t\t\t\t\t<p><span data-contrast=\"auto\">Zur nachhaltigen Einf\u00fchrung einheitlicher Projektmanagement-Standards wurde House of PM in mehreren Bereichen aktiv:<\/span><span data-ccp-props=\"{&quot;134233117&quot;:false,&quot;134233118&quot;:false,&quot;201341983&quot;:0,&quot;335559738&quot;:0,&quot;335559739&quot;:0,&quot;335559740&quot;:240}\">\u00a0<\/span><\/p><ul><li><span data-contrast=\"auto\">Begleitung von zwei Schl\u00fcsselprojekten in der Initiierungsphase \u2013 unter Ber\u00fccksichtigung klassischer und agiler Methoden.<\/span><span data-ccp-props=\"{&quot;134233117&quot;:false,&quot;134233118&quot;:false,&quot;201341983&quot;:0,&quot;335559738&quot;:0,&quot;335559739&quot;:0,&quot;335559740&quot;:240}\">\u00a0<\/span><\/li><li><span data-contrast=\"auto\">Analyse bestehender PM-Praktiken \u2013 und Ableitung sowie Umsetzung konkreter Ma\u00dfnahmen zur Vereinheitlichung.<\/span><span data-ccp-props=\"{&quot;134233117&quot;:false,&quot;134233118&quot;:false,&quot;201341983&quot;:0,&quot;335559738&quot;:0,&quot;335559739&quot;:0,&quot;335559740&quot;:240}\">\u00a0<\/span><\/li><li><span data-contrast=\"auto\">Einf\u00fchrung eines Projektmanagementhandbuchs \u2013 gemeinsam mit den Mitarbeitenden im Workshopformat entwickelt.<\/span><span data-ccp-props=\"{&quot;134233117&quot;:false,&quot;134233118&quot;:false,&quot;201341983&quot;:0,&quot;335559738&quot;:0,&quot;335559739&quot;:0,&quot;335559740&quot;:240}\">\u00a0<\/span><\/li><li><span data-contrast=\"auto\">Durchf\u00fchrung eines Zertifikatslehrgangs \u2013 basierend auf den Inhalten des GPM-Basiszertifikats inkl. Pr\u00fcfungsorganisation.<\/span><span data-ccp-props=\"{&quot;134233117&quot;:false,&quot;134233118&quot;:false,&quot;201341983&quot;:0,&quot;335559738&quot;:0,&quot;335559739&quot;:0,&quot;335559740&quot;:240}\">\u00a0<\/span><\/li><\/ul><p><span data-ccp-props=\"{&quot;134233117&quot;:false,&quot;134233118&quot;:false,&quot;201341983&quot;:0,&quot;335559738&quot;:0,&quot;335559739&quot;:0,&quot;335559740&quot;:240}\">\u00a0<\/span><\/p><p><span data-contrast=\"auto\">Besonders hilfreich wurden die klaren Definitionen von Projekten, Projekttypen und Rollen empfunden \u2013 inklusive konkreter Aufgaben je Rolle im Projekt.<\/span><span data-ccp-props=\"{&quot;134233117&quot;:false,&quot;134233118&quot;:false,&quot;201341983&quot;:0,&quot;335559738&quot;:0,&quot;335559739&quot;:0,&quot;335559740&quot;:240}\">\u00a0<\/span><\/p><p><span data-contrast=\"auto\">Ein wesentlich diskutierter Punkt war die k\u00fcnftige Verortung des Themas in der Organisation. Geplant ist der Aufbau eines Project Management Office (PMO) als zentrale Stabsstelle. Dieses PMO soll k\u00fcnftig die Projektmanagement-Prozesse verantworten, weiterentwickeln und als Bindeglied zwischen Gesch\u00e4ftsf\u00fchrung und Projektleitung agieren. Es stellt au\u00dferdem die technische Infrastruktur f\u00fcr das Projektmanagement \u00fcber g\u00e4ngige Tools bereit.<\/span><span data-ccp-props=\"{&quot;134233117&quot;:false,&quot;134233118&quot;:false,&quot;201341983&quot;:0,&quot;335559738&quot;:0,&quot;335559739&quot;:0,&quot;335559740&quot;:240}\">\u00a0<\/span><\/p>\t\t\t\t\t\t\t\t<\/div>\n\t\t\t\t<\/div>\n\t\t\t\t\t<\/div>\n\t\t<\/div>\n\t\t\t\t\t<\/div>\n\t\t<\/section>\n\t\t\t\t<\/div>\n\t\t","protected":false},"excerpt":{"rendered":"<p>&gt;&gt; KOSMETIK- UND PHARMABRANCHE Aus Unterschiedlichkeit wurde Verst\u00e4ndnis. Wie aus einem unterschiedlichen PM-Verst\u00e4ndnis ein gemeinsames wurde.\u00a0 &gt;&gt; KOSMETIK- UND PHARMABRANCHE Projekte erfolgreich abschlie\u00dfen \u2013 mit einheitlichem Projektmanagement\u00a0 Das mittelst\u00e4ndische Familienunternehmen mit rund 900 Mitarbeitenden entwickelt und vertreibt Pflegeprodukte im kosmetischen und medizinischen Bereich. Bekannt ist es f\u00fcr mehrere erfolgreiche Marken, die regelm\u00e4\u00dfig in Apotheken, Drogerien [&hellip;]<\/p>\n","protected":false},"author":4,"featured_media":2598,"parent":690,"menu_order":3100,"comment_status":"closed","ping_status":"closed","template":"elementor_header_footer","meta":{"footnotes":""},"class_list":["post-18126","page","type-page","status-publish","has-post-thumbnail","hentry"],"aioseo_notices":[],"_links":{"self":[{"href":"https:\/\/house-of-pm.eu\/en\/wp-json\/wp\/v2\/pages\/18126","targetHints":{"allow":["GET"]}}],"collection":[{"href":"https:\/\/house-of-pm.eu\/en\/wp-json\/wp\/v2\/pages"}],"about":[{"href":"https:\/\/house-of-pm.eu\/en\/wp-json\/wp\/v2\/types\/page"}],"author":[{"embeddable":true,"href":"https:\/\/house-of-pm.eu\/en\/wp-json\/wp\/v2\/users\/4"}],"replies":[{"embeddable":true,"href":"https:\/\/house-of-pm.eu\/en\/wp-json\/wp\/v2\/comments?post=18126"}],"version-history":[{"count":34,"href":"https:\/\/house-of-pm.eu\/en\/wp-json\/wp\/v2\/pages\/18126\/revisions"}],"predecessor-version":[{"id":21009,"href":"https:\/\/house-of-pm.eu\/en\/wp-json\/wp\/v2\/pages\/18126\/revisions\/21009"}],"up":[{"embeddable":true,"href":"https:\/\/house-of-pm.eu\/en\/wp-json\/wp\/v2\/pages\/690"}],"wp:featuredmedia":[{"embeddable":true,"href":"https:\/\/house-of-pm.eu\/en\/wp-json\/wp\/v2\/media\/2598"}],"wp:attachment":[{"href":"https:\/\/house-of-pm.eu\/en\/wp-json\/wp\/v2\/media?parent=18126"}],"curies":[{"name":"wp","href":"https:\/\/api.w.org\/{rel}","templated":true}]}}