{"id":4067,"date":"2023-03-06T10:11:31","date_gmt":"2023-03-06T10:11:31","guid":{"rendered":"https:\/\/901521.jweiland-hosting.de\/wordpress\/?page_id=4067"},"modified":"2024-06-07T06:57:10","modified_gmt":"2024-06-07T06:57:10","slug":"news-synapsentraining-agilitaet-beginnt-im-kopf","status":"publish","type":"page","link":"https:\/\/house-of-pm.eu\/en\/news-synapsentraining-agilitaet-beginnt-im-kopf\/","title":{"rendered":"News Synapsentraining \u2013 Agilit\u00e4t beginnt im Kopf!"},"content":{"rendered":"\t\t<div data-elementor-type=\"wp-page\" data-elementor-id=\"4067\" class=\"elementor elementor-4067\" data-elementor-post-type=\"page\">\n\t\t\t\t\t\t<section class=\"elementor-section elementor-top-section elementor-element elementor-element-0839135 elementor-section-full_width elementor-section-stretched elementor-section-height-default elementor-section-height-default\" data-id=\"0839135\" data-element_type=\"section\" data-e-type=\"section\" data-settings=\"{&quot;stretch_section&quot;:&quot;section-stretched&quot;}\">\n\t\t\t\t\t\t<div class=\"elementor-container elementor-column-gap-no\">\n\t\t\t\t\t<div class=\"elementor-column elementor-col-100 elementor-top-column elementor-element elementor-element-af1d64a\" data-id=\"af1d64a\" data-element_type=\"column\" data-e-type=\"column\">\n\t\t\t<div class=\"elementor-widget-wrap elementor-element-populated\">\n\t\t\t\t\t\t<div class=\"elementor-element elementor-element-82f7414 elementor-widget elementor-widget-slider_revolution\" data-id=\"82f7414\" data-element_type=\"widget\" data-e-type=\"widget\" data-widget_type=\"slider_revolution.default\">\n\t\t\t\t<div class=\"elementor-widget-container\">\n\t\t\t\t\t\n\t\t<div class=\"wp-block-themepunch-revslider\">\n\t\t\t<!-- START StageAktuelles REVOLUTION SLIDER 6.7.40 --><p class=\"rs-p-wp-fix\"><\/p>\n\t\t\t<rs-module-wrap id=\"rev_slider_81_1_wrapper\" data-source=\"gallery\" style=\"visibility:hidden;background:transparent;padding:0;margin:0px auto;margin-top:0;margin-bottom:0;\">\n\t\t\t\t<rs-module id=\"rev_slider_81_1\" style=\"\" data-version=\"6.7.40\">\n\t\t\t\t\t<rs-slides style=\"overflow: hidden; position: absolute;\">\n\t\t\t\t\t\t<rs-slide style=\"position: absolute;\" data-key=\"rs-97\" data-title=\"Slide\" data-in=\"o:0;\" data-out=\"a:false;\">\n\t\t\t\t\t\t\t<img decoding=\"async\" src=\"\/\/house-of-pm.eu\/wp-content\/plugins\/revslider\/sr6\/assets\/assets\/dummy.png\" alt=\"Slide\" title=\"News Synapsentraining \u2013 Agilit\u00e4t beginnt im Kopf!\" class=\"rev-slidebg tp-rs-img rs-lazyload\" data-lazyload=\"\/\/house-of-pm.eu\/wp-content\/plugins\/revslider\/sr6\/assets\/assets\/transparent.png\" data-parallax=\"off\" data-no-retina>\n<!--\n\t\t\t\t\t\t\t--><rs-layer\n\t\t\t\t\t\t\t\tid=\"slider-81-slide-97-layer-0\" \n\t\t\t\t\t\t\t\tclass=\"rs-pxl-6 rs-pxmask\"\n\t\t\t\t\t\t\t\tdata-type=\"image\"\n\t\t\t\t\t\t\t\tdata-rsp_ch=\"on\"\n\t\t\t\t\t\t\t\tdata-xy=\"x:c;\"\n\t\t\t\t\t\t\t\tdata-text=\"w:normal;s:20,20,7,7;l:0,0,9,9;\"\n\t\t\t\t\t\t\t\tdata-dim=\"w:[&#039;100%&#039;,&#039;100%&#039;,&#039;100%&#039;,&#039;100%&#039;];h:[&#039;100%&#039;,&#039;100%&#039;,&#039;100%&#039;,&#039;100%&#039;];\"\n\t\t\t\t\t\t\t\tdata-vbility=\"t,t,f,f\"\n\t\t\t\t\t\t\t\tdata-frame_0=\"sX:2;sY:2;\"\n\t\t\t\t\t\t\t\tdata-frame_0_mask=\"u:t;\"\n\t\t\t\t\t\t\t\tdata-frame_1=\"e:power2.out;sp:2000;\"\n\t\t\t\t\t\t\t\tdata-frame_1_mask=\"u:t;\"\n\t\t\t\t\t\t\t\tdata-frame_999=\"o:0;st:w;sR:7000;\"\n\t\t\t\t\t\t\t\tstyle=\"z-index:6;\"\n\t\t\t\t\t\t\t><img fetchpriority=\"high\" decoding=\"async\" src=\"\/\/house-of-pm.eu\/wp-content\/plugins\/revslider\/sr6\/assets\/assets\/dummy.png\" alt=\"\" class=\"tp-rs-img rs-lazyload\" width=\"1920\" height=\"800\" data-lazyload=\"\/\/house-of-pm.eu\/wp-content\/uploads\/revslider\/5-Aktuelles\/5-Aktuelles-DESKTOP.jpg\" data-c=\"cover\" data-no-retina> \n\t\t\t\t\t\t\t<\/rs-layer><!--\n\n\t\t\t\t\t\t\t--><rs-layer\n\t\t\t\t\t\t\t\tid=\"slider-81-slide-97-layer-2\" \n\t\t\t\t\t\t\t\tclass=\"rs-pxl-6 rs-pxmask\"\n\t\t\t\t\t\t\t\tdata-type=\"image\"\n\t\t\t\t\t\t\t\tdata-rsp_ch=\"on\"\n\t\t\t\t\t\t\t\tdata-xy=\"x:c;y:t,t,m,m;\"\n\t\t\t\t\t\t\t\tdata-text=\"w:normal;s:20,20,7,7;l:0,0,9,9;\"\n\t\t\t\t\t\t\t\tdata-dim=\"w:[&#039;100%&#039;,&#039;100%&#039;,&#039;100%&#039;,&#039;100%&#039;];h:[&#039;100%&#039;,&#039;100%&#039;,&#039;100%&#039;,&#039;100%&#039;];\"\n\t\t\t\t\t\t\t\tdata-vbility=\"f,f,t,t\"\n\t\t\t\t\t\t\t\tdata-frame_0=\"sX:2;sY:2;\"\n\t\t\t\t\t\t\t\tdata-frame_0_mask=\"u:t;\"\n\t\t\t\t\t\t\t\tdata-frame_1=\"e:power2.out;sp:2000;\"\n\t\t\t\t\t\t\t\tdata-frame_1_mask=\"u:t;\"\n\t\t\t\t\t\t\t\tdata-frame_999=\"o:0;st:w;sR:7000;\"\n\t\t\t\t\t\t\t\tstyle=\"z-index:7;\"\n\t\t\t\t\t\t\t><img decoding=\"async\" src=\"\/\/house-of-pm.eu\/wp-content\/plugins\/revslider\/sr6\/assets\/assets\/dummy.png\" alt=\"\" class=\"tp-rs-img rs-lazyload\" width=\"750\" height=\"750\" data-lazyload=\"\/\/house-of-pm.eu\/wp-content\/uploads\/2023\/02\/5-Aktuelles-MOBILE.jpg\" data-c=\"cover\" data-no-retina> \n\t\t\t\t\t\t\t<\/rs-layer><!--\n\n\t\t\t\t\t\t\t--><rs-layer\n\t\t\t\t\t\t\t\tid=\"slider-81-slide-97-layer-6\" \n\t\t\t\t\t\t\t\tclass=\"rs-noevents\"\n\t\t\t\t\t\t\t\tdata-type=\"text\"\n\t\t\t\t\t\t\t\tdata-rsp_ch=\"on\"\n\t\t\t\t\t\t\t\tdata-xy=\"x:c,c,r,r;xo:423px,423px,-8px,-8px;y:b;yo:-31px,-31px,-27px,-27px;\"\n\t\t\t\t\t\t\t\tdata-text=\"w:normal;s:90,90,80,80;l:120,120,75,75;ls:3px,3px,0px,0px;fw:900;\"\n\t\t\t\t\t\t\t\tdata-dim=\"w:524px,524px,476px,476px;h:auto,auto,91px,91px;minh:0px,0px,none,0px;\"\n\t\t\t\t\t\t\t\tdata-frame_0=\"y:-50,-50,-19,-19;\"\n\t\t\t\t\t\t\t\tdata-frame_1=\"sp:2000;\"\n\t\t\t\t\t\t\t\tdata-frame_999=\"o:0;st:w;sR:7000;\"\n\t\t\t\t\t\t\t\tstyle=\"z-index:8;font-family:'Roboto';text-transform:uppercase;\"\n\t\t\t\t\t\t\t>AKTUELLES \n\t\t\t\t\t\t\t<\/rs-layer><!--\n-->\t\t\t\t\t<\/rs-slide>\n\t\t\t\t\t<\/rs-slides>\n\t\t\t\t<\/rs-module>\n\t\t\t\t<script>\n\t\t\t\t\tsetREVStartSize({c: 'rev_slider_81_1',rl:[1920,1920,1200,1200],el:[800,800,778,778],gw:[1920,1920,778,778],gh:[800,800,778,778],type:'standard',justify:'',layout:'fullwidth',mh:\"0\"});if (window.RS_MODULES!==undefined && window.RS_MODULES.modules!==undefined && window.RS_MODULES.modules[\"revslider811\"]!==undefined) {window.RS_MODULES.modules[\"revslider811\"].once = false;window.revapi81 = undefined;if (window.RS_MODULES.checkMinimal!==undefined) window.RS_MODULES.checkMinimal()}\n\t\t\t\t<\/script>\n\t\t\t<\/rs-module-wrap>\n\t\t\t<!-- END REVOLUTION SLIDER -->\n<\/div>\n\n\t\t\t\t\t\t<\/div>\n\t\t\t\t<\/div>\n\t\t\t\t\t<\/div>\n\t\t<\/div>\n\t\t\t\t\t<\/div>\n\t\t<\/section>\n\t\t\t\t<section class=\"elementor-section elementor-top-section elementor-element elementor-element-2e1828b6 elementor-section-height-min-height elementor-section-full_width elementor-section-stretched elementor-section-height-default elementor-section-items-middle\" data-id=\"2e1828b6\" data-element_type=\"section\" data-e-type=\"section\" id=\"Introtext\" data-settings=\"{&quot;background_background&quot;:&quot;classic&quot;,&quot;stretch_section&quot;:&quot;section-stretched&quot;,&quot;background_motion_fx_motion_fx_scrolling&quot;:&quot;yes&quot;,&quot;background_motion_fx_translateY_effect&quot;:&quot;yes&quot;,&quot;background_motion_fx_translateY_direction&quot;:&quot;negative&quot;,&quot;background_motion_fx_translateY_speed&quot;:{&quot;unit&quot;:&quot;px&quot;,&quot;size&quot;:0,&quot;sizes&quot;:[]},&quot;background_motion_fx_translateY_affectedRange&quot;:{&quot;unit&quot;:&quot;%&quot;,&quot;size&quot;:&quot;&quot;,&quot;sizes&quot;:{&quot;start&quot;:0,&quot;end&quot;:52}},&quot;background_motion_fx_devices&quot;:[&quot;desktop&quot;,&quot;tablet&quot;,&quot;mobile&quot;]}\">\n\t\t\t\t\t\t<div class=\"elementor-container elementor-column-gap-no\">\n\t\t\t\t\t<div class=\"elementor-column elementor-col-100 elementor-top-column elementor-element elementor-element-61686671\" data-id=\"61686671\" data-element_type=\"column\" data-e-type=\"column\">\n\t\t\t<div class=\"elementor-widget-wrap elementor-element-populated\">\n\t\t\t\t\t\t<div class=\"elementor-element elementor-element-5e2cff7f elementor-widget__width-initial elementor-widget elementor-widget-text-editor\" data-id=\"5e2cff7f\" data-element_type=\"widget\" data-e-type=\"widget\" data-widget_type=\"text-editor.default\">\n\t\t\t\t<div class=\"elementor-widget-container\">\n\t\t\t\t\t\t\t\t\t<p>&gt;&gt;\u00a0Aktuelles<\/p>\t\t\t\t\t\t\t\t<\/div>\n\t\t\t\t<\/div>\n\t\t\t\t<div class=\"elementor-element elementor-element-5d2dbfeb elementor-widget__width-initial elementor-widget elementor-widget-text-editor\" data-id=\"5d2dbfeb\" data-element_type=\"widget\" data-e-type=\"widget\" data-widget_type=\"text-editor.default\">\n\t\t\t\t<div class=\"elementor-widget-container\">\n\t\t\t\t\t\t\t\t\t<p>Synapsentraining \u2013 Agilit\u00e4t beginnt im Kopf!<\/p>\t\t\t\t\t\t\t\t<\/div>\n\t\t\t\t<\/div>\n\t\t\t\t<div class=\"elementor-element elementor-element-786b0ec2 elementor-widget__width-initial elementor-widget elementor-widget-text-editor\" data-id=\"786b0ec2\" data-element_type=\"widget\" data-e-type=\"widget\" data-widget_type=\"text-editor.default\">\n\t\t\t\t<div class=\"elementor-widget-container\">\n\t\t\t\t\t\t\t\t\t<p><b>HAMBURG, 23.04.2021<\/b><\/p><p>\u201eAgiles Arbeiten\u201c \u2013 schon seit einiger Zeit scheint dies das Zauberwort f\u00fcr eine moderne und effiziente Arbeitsweise zu sein. Aber was zeichnet agile Teams eigentlich genau aus, wem bringt Agilit\u00e4t was und was \u00e4ndert sich, wenn man seine Projektsteuerung dahingehend umstellt?<br \/><br \/><b>Aufgrund der gro\u00dfen Nachfrage zu diesem Thema bietet House of PM nun auch offene Trainings f\u00fcr Agilit\u00e4t im Projektmanagement.<br \/><br \/><\/b>Trainings sind seit vielen Jahren Teil des Angebots von House of PM. Insbesondere auf den jeweiligen Kunden zugeschnittene Schulungen im Rahmen der Einf\u00fchrung eines individuell entwickelten PM-Handbuchs oder einer neuen Methodik \u2013 sei es klassisch, agil oder im Methodenmix. Speziell das Thema Agilit\u00e4t und wie es sich in die eigene Organisation implementieren l\u00e4sst, steht bei vielen Unternehmen hoch im Kurs. Neben den bereits angebotenen Inhouse-Trainings nach individuellem Bedarf, erweitern die Projektmanagement-Experten ihr Portfolio nun um offene Trainings f\u00fcr Einzelpersonen.<br \/><br \/><b>Das gro\u00dfe Interesse an diesem Thema h\u00e4ngt mit der Diskrepanz zwischen dem Wunsch nach einem l\u00e4ngerfristig planbaren Projektalltag und der Arbeitsrealit\u00e4t zusammen.<\/b> Wir m\u00f6gen klare Perspektiven und Vorhersehbarkeit und w\u00fcrden gern im Voraus festlegen, wie ein Projekt ablaufen soll und wann welche Termine f\u00e4llig sind. Die Wirklichkeit sieht allerdings anders aus: In unserer heutigen Arbeitswelt wird nicht nur das Ma\u00df an Komplexit\u00e4t zunehmend herausfordernder, sondern auch die Dynamik des Unbekannten \u2013 beispielsweise \u00e4u\u00dfere Bedingungen wie neue Anforderungen, Wechselwirkungen zwischen Projektkomponenten oder sich ver\u00e4ndernde Umfelder. Eine konstante Nacheinander-Abarbeitung ist unter diesen Bedingungen oft ebenso unm\u00f6glich wie das Treffen von exakten Prognosen. Um diesen Herausforderungen entsprechend begegnen zu k\u00f6nnen, ist es notwendig, den Umgang mit diesen unvorhersehbaren Variablen wie einen neuen Muskel zu trainieren und zu lernen, auf die vereinigte Ideenvielfalt des Teams zur\u00fcckzugreifen. Wichtiger erster Schritt ist, seine Haltung und seine Glaubenss\u00e4tze dahingehend zu ver\u00e4ndern, dass ein Projekt sich nicht immer linear von au\u00dfen steuern l\u00e4sst, sondern in selbstorganisierten Teams durch wiederholtes Beobachten, Probieren, Pr\u00fcfen, Lernen, Anpassen in kurzen Intervallen vorangebracht wird. Agilit\u00e4t beginnt dementsprechend zuerst im Kopf.<br \/><br \/><b>Unsere Trainings haben zum Ziel, nicht nur Wissen \u00fcber Agilit\u00e4t zu vermitteln, sondern auch Formen agiler Zusammenarbeit in \u00dcbungen und Simulationen nachhaltig zu erproben und zu erleben.<\/b> Es geht um Themen wie Mindset, Werte und Prinzipien, die f\u00fcr das Verst\u00e4ndnis von agilem Arbeiten entscheidend sind. Dabei setzten wir auf eine Mischung aus Gruppendiskussionen, theoretischen Impulsen, \u00dcbungen in Kleingruppen und Methodenbeispielen, um die Punkte Kommunikation, Improvisationsf\u00e4higkeit und Selbstorganisation zu trainieren. Ergebnis unserer stark praxisorientierten Trainings soll sein, dass gelernte Inhalte zielorientiert im beruflichen Alltag eingesetzt werden k\u00f6nnen.<\/p>\t\t\t\t\t\t\t\t<\/div>\n\t\t\t\t<\/div>\n\t\t\t\t<div class=\"elementor-element elementor-element-673abc8b elementor-widget__width-auto elementor-absolute elementor-widget elementor-widget-button\" data-id=\"673abc8b\" data-element_type=\"widget\" data-e-type=\"widget\" data-settings=\"{&quot;_position&quot;:&quot;absolute&quot;}\" data-widget_type=\"button.default\">\n\t\t\t\t<div class=\"elementor-widget-container\">\n\t\t\t\t\t\t\t\t\t<div class=\"elementor-button-wrapper\">\n\t\t\t\t\t<a class=\"elementor-button elementor-button-link elementor-size-xl elementor-animation-grow\" href=\"#Introtext\">\n\t\t\t\t\t\t<span class=\"elementor-button-content-wrapper\">\n\t\t\t\t\t\t<span class=\"elementor-button-icon\">\n\t\t\t\t<i aria-hidden=\"true\" class=\"fas fa-chevron-down\"><\/i>\t\t\t<\/span>\n\t\t\t\t\t\t\t\t<\/span>\n\t\t\t\t\t<\/a>\n\t\t\t\t<\/div>\n\t\t\t\t\t\t\t\t<\/div>\n\t\t\t\t<\/div>\n\t\t\t\t\t<\/div>\n\t\t<\/div>\n\t\t\t\t\t<\/div>\n\t\t<\/section>\n\t\t\t\t<section class=\"elementor-section elementor-top-section elementor-element elementor-element-741db224 elementor-section-height-min-height elementor-section-full_width elementor-section-stretched elementor-section-height-default elementor-section-items-middle\" data-id=\"741db224\" data-element_type=\"section\" data-e-type=\"section\" data-settings=\"{&quot;background_background&quot;:&quot;classic&quot;,&quot;stretch_section&quot;:&quot;section-stretched&quot;,&quot;background_motion_fx_motion_fx_scrolling&quot;:&quot;yes&quot;,&quot;background_motion_fx_translateY_effect&quot;:&quot;yes&quot;,&quot;background_motion_fx_translateY_direction&quot;:&quot;negative&quot;,&quot;background_motion_fx_translateY_speed&quot;:{&quot;unit&quot;:&quot;px&quot;,&quot;size&quot;:0,&quot;sizes&quot;:[]},&quot;background_motion_fx_translateY_affectedRange&quot;:{&quot;unit&quot;:&quot;%&quot;,&quot;size&quot;:&quot;&quot;,&quot;sizes&quot;:{&quot;start&quot;:0,&quot;end&quot;:52}},&quot;background_motion_fx_devices&quot;:[&quot;desktop&quot;,&quot;tablet&quot;,&quot;mobile&quot;]}\">\n\t\t\t\t\t\t<div class=\"elementor-container elementor-column-gap-no\">\n\t\t\t\t\t<div class=\"elementor-column elementor-col-100 elementor-top-column elementor-element elementor-element-6b859ee2\" data-id=\"6b859ee2\" data-element_type=\"column\" data-e-type=\"column\">\n\t\t\t<div class=\"elementor-widget-wrap elementor-element-populated\">\n\t\t\t\t\t\t<div class=\"elementor-element elementor-element-2e122d7f elementor-widget__width-initial elementor-widget elementor-widget-text-editor\" data-id=\"2e122d7f\" data-element_type=\"widget\" data-e-type=\"widget\" data-widget_type=\"text-editor.default\">\n\t\t\t\t<div class=\"elementor-widget-container\">\n\t\t\t\t\t\t\t\t\t<p>&gt;&gt; Agilit\u00e4t im Projektmanagement<\/p>\t\t\t\t\t\t\t\t<\/div>\n\t\t\t\t<\/div>\n\t\t\t\t<div class=\"elementor-element elementor-element-7b5f92a3 elementor-widget__width-initial elementor-widget elementor-widget-text-editor\" data-id=\"7b5f92a3\" data-element_type=\"widget\" data-e-type=\"widget\" data-widget_type=\"text-editor.default\">\n\t\t\t\t<div class=\"elementor-widget-container\">\n\t\t\t\t\t\t\t\t\t<p>Agil sein beginnt im Kopf \u2013 starte deine Reise jetzt<\/p>\t\t\t\t\t\t\t\t<\/div>\n\t\t\t\t<\/div>\n\t\t\t\t<div class=\"elementor-element elementor-element-20493fa6 elementor-widget__width-initial elementor-widget elementor-widget-text-editor\" data-id=\"20493fa6\" data-element_type=\"widget\" data-e-type=\"widget\" data-widget_type=\"text-editor.default\">\n\t\t\t\t<div class=\"elementor-widget-container\">\n\t\t\t\t\t\t\t\t\t<p><span style=\"color: var( --e-global-color-secondary ); font-family: var( --e-global-typography-primary-font-family ), Roboto; font-size: var( --e-global-typography-primary-font-size ); font-weight: var( --e-global-typography-primary-font-weight ); letter-spacing: var( --e-global-typography-primary-letter-spacing );\">Inhalte:<\/span><\/p><p>Einsatzzweck und Grenzen von Agilit\u00e4t<br \/>Agile Werte und Prinzipien<br \/>Kanban Theorie &amp; Simulation<br \/>Scrum Theorie &amp; Simulation<br \/>Phasen und Praktiken des agilen Planens\u00a0<\/p><p>Trainer ist\u00a0Robert Wiechmann, Co-Autor der B\u00fccher \u201eScrum in der Praxis\u201c, \u201eAgile Werte leben\u201c<\/p><p>\u00a0<\/p><p>Ablauf:<\/p><p>Tag 1: Agilit\u00e4t reine Kopfsache<\/p><p>Tag 2: Der Fluss von Arbeit<\/p><p>Tag 3: Komplexe Projekte meistern<\/p><p>Tag 4: Agile Projekte planen<\/p>\t\t\t\t\t\t\t\t<\/div>\n\t\t\t\t<\/div>\n\t\t\t\t<div class=\"elementor-element elementor-element-48610846 elementor-widget__width-initial elementor-widget elementor-widget-button\" data-id=\"48610846\" data-element_type=\"widget\" data-e-type=\"widget\" data-widget_type=\"button.default\">\n\t\t\t\t<div class=\"elementor-widget-container\">\n\t\t\t\t\t\t\t\t\t<div class=\"elementor-button-wrapper\">\n\t\t\t\t\t<a class=\"elementor-button elementor-button-link elementor-size-md elementor-animation-grow\" href=\"\/kontakt\/\">\n\t\t\t\t\t\t<span class=\"elementor-button-content-wrapper\">\n\t\t\t\t\t\t\t\t\t<span class=\"elementor-button-text\">\u00dcber neue Termine informieren<\/span>\n\t\t\t\t\t<\/span>\n\t\t\t\t\t<\/a>\n\t\t\t\t<\/div>\n\t\t\t\t\t\t\t\t<\/div>\n\t\t\t\t<\/div>\n\t\t\t\t\t<\/div>\n\t\t<\/div>\n\t\t\t\t\t<\/div>\n\t\t<\/section>\n\t\t\t\t<\/div>\n\t\t","protected":false},"excerpt":{"rendered":"<p>&gt;&gt;\u00a0Aktuelles Synapsentraining \u2013 Agilit\u00e4t beginnt im Kopf! HAMBURG, 23.04.2021 \u201eAgiles Arbeiten\u201c \u2013 schon seit einiger Zeit scheint dies das Zauberwort f\u00fcr eine moderne und effiziente Arbeitsweise zu sein. Aber was zeichnet agile Teams eigentlich genau aus, wem bringt Agilit\u00e4t was und was \u00e4ndert sich, wenn man seine Projektsteuerung dahingehend umstellt? Aufgrund der gro\u00dfen Nachfrage zu [&hellip;]<\/p>\n","protected":false},"author":1,"featured_media":0,"parent":0,"menu_order":4100,"comment_status":"closed","ping_status":"closed","template":"elementor_header_footer","meta":{"footnotes":""},"class_list":["post-4067","page","type-page","status-publish","hentry"],"aioseo_notices":[],"_links":{"self":[{"href":"https:\/\/house-of-pm.eu\/en\/wp-json\/wp\/v2\/pages\/4067","targetHints":{"allow":["GET"]}}],"collection":[{"href":"https:\/\/house-of-pm.eu\/en\/wp-json\/wp\/v2\/pages"}],"about":[{"href":"https:\/\/house-of-pm.eu\/en\/wp-json\/wp\/v2\/types\/page"}],"author":[{"embeddable":true,"href":"https:\/\/house-of-pm.eu\/en\/wp-json\/wp\/v2\/users\/1"}],"replies":[{"embeddable":true,"href":"https:\/\/house-of-pm.eu\/en\/wp-json\/wp\/v2\/comments?post=4067"}],"version-history":[{"count":22,"href":"https:\/\/house-of-pm.eu\/en\/wp-json\/wp\/v2\/pages\/4067\/revisions"}],"predecessor-version":[{"id":13212,"href":"https:\/\/house-of-pm.eu\/en\/wp-json\/wp\/v2\/pages\/4067\/revisions\/13212"}],"wp:attachment":[{"href":"https:\/\/house-of-pm.eu\/en\/wp-json\/wp\/v2\/media?parent=4067"}],"curies":[{"name":"wp","href":"https:\/\/api.w.org\/{rel}","templated":true}]}}