{"id":6646,"date":"2023-07-10T09:15:50","date_gmt":"2023-07-10T09:15:50","guid":{"rendered":"https:\/\/house-of-pm.eu\/?page_id=6646"},"modified":"2024-06-10T12:41:56","modified_gmt":"2024-06-10T12:41:56","slug":"mehr-agilitaet-durch-scrum","status":"publish","type":"page","link":"https:\/\/house-of-pm.eu\/en\/wissen\/expertentipp\/mehr-agilitaet-durch-scrum\/","title":{"rendered":"Mehr Agilit\u00e4t durch Scrum"},"content":{"rendered":"\t\t<div data-elementor-type=\"wp-page\" data-elementor-id=\"6646\" class=\"elementor elementor-6646\" data-elementor-post-type=\"page\">\n\t\t\t\t\t\t<section class=\"elementor-section elementor-top-section elementor-element elementor-element-0839135 elementor-section-full_width elementor-section-stretched elementor-section-content-middle elementor-section-height-default elementor-section-height-default\" data-id=\"0839135\" data-element_type=\"section\" data-e-type=\"section\" data-settings=\"{&quot;stretch_section&quot;:&quot;section-stretched&quot;}\">\n\t\t\t\t\t\t<div class=\"elementor-container elementor-column-gap-no\">\n\t\t\t\t\t<div class=\"elementor-column elementor-col-100 elementor-top-column elementor-element elementor-element-af1d64a\" data-id=\"af1d64a\" data-element_type=\"column\" data-e-type=\"column\">\n\t\t\t<div class=\"elementor-widget-wrap elementor-element-populated\">\n\t\t\t\t\t\t<div class=\"elementor-element elementor-element-82f7414 elementor-widget elementor-widget-slider_revolution\" data-id=\"82f7414\" data-element_type=\"widget\" data-e-type=\"widget\" data-widget_type=\"slider_revolution.default\">\n\t\t\t\t<div class=\"elementor-widget-container\">\n\t\t\t\t\t\n\t\t<div class=\"wp-block-themepunch-revslider\">\n\t\t\t<!-- START 6.7SCRUM REVOLUTION SLIDER 6.7.40 --><p class=\"rs-p-wp-fix\"><\/p>\n\t\t\t<rs-module-wrap id=\"rev_slider_122_1_wrapper\" data-source=\"gallery\" style=\"visibility:hidden;background:transparent;padding:0;margin:0px auto;margin-top:0;margin-bottom:0;\">\n\t\t\t\t<rs-module id=\"rev_slider_122_1\" style=\"\" data-version=\"6.7.40\">\n\t\t\t\t\t<rs-slides style=\"overflow: hidden; position: absolute;\">\n\t\t\t\t\t\t<rs-slide style=\"position: absolute;\" data-key=\"rs-139\" data-title=\"Slide\" data-in=\"o:0;\" data-out=\"a:false;\">\n\t\t\t\t\t\t\t<img decoding=\"async\" src=\"\/\/house-of-pm.eu\/wp-content\/plugins\/revslider\/sr6\/assets\/assets\/dummy.png\" alt=\"Slide\" title=\"Mehr Agilit\u00e4t durch Scrum\" class=\"rev-slidebg tp-rs-img rs-lazyload\" data-lazyload=\"\/\/house-of-pm.eu\/wp-content\/plugins\/revslider\/sr6\/assets\/assets\/transparent.png\" data-parallax=\"off\" data-no-retina>\n<!--\n\t\t\t\t\t\t\t--><rs-layer\n\t\t\t\t\t\t\t\tid=\"slider-122-slide-139-layer-0\" \n\t\t\t\t\t\t\t\tclass=\"rs-noevents\"\n\t\t\t\t\t\t\t\tdata-type=\"text\"\n\t\t\t\t\t\t\t\tdata-rsp_ch=\"on\"\n\t\t\t\t\t\t\t\tdata-xy=\"x:c,c,l,c;xo:417px,417px,145px,145px;y:b,b,m,m;yo:-28px,-28px,193px,193px;\"\n\t\t\t\t\t\t\t\tdata-text=\"w:normal;s:90,90,155,155;l:112,112,160,160;ls:3px,3px,0px,0px;fw:900;\"\n\t\t\t\t\t\t\t\tdata-dim=\"w:2237px,2237px,625px,625px;h:auto,auto,168px,168px;minh:0px,0px,none,0px;\"\n\t\t\t\t\t\t\t\tdata-vbility=\"f,f,t,t\"\n\t\t\t\t\t\t\t\tdata-frame_0=\"o:1;\"\n\t\t\t\t\t\t\t\tdata-frame_0_chars=\"d:5;x:105%;o:1;rY:45deg;rZ:90deg;\"\n\t\t\t\t\t\t\t\tdata-frame_0_mask=\"u:t;\"\n\t\t\t\t\t\t\t\tdata-frame_1=\"sp:560;\"\n\t\t\t\t\t\t\t\tdata-frame_1_chars=\"e:power4.inOut;d:10;rZ:0deg;\"\n\t\t\t\t\t\t\t\tdata-frame_1_mask=\"u:t;\"\n\t\t\t\t\t\t\t\tdata-frame_999=\"o:0;st:w;sR:6940;\"\n\t\t\t\t\t\t\t\tstyle=\"z-index:11;font-family:'Roboto';text-transform:uppercase;\"\n\t\t\t\t\t\t\t>SCRUM \n\t\t\t\t\t\t\t<\/rs-layer><!--\n\n\t\t\t\t\t\t\t--><rs-layer\n\t\t\t\t\t\t\t\tid=\"slider-122-slide-139-layer-1\" \n\t\t\t\t\t\t\t\tclass=\"rs-pxl-6 rs-pxmask\"\n\t\t\t\t\t\t\t\tdata-type=\"image\"\n\t\t\t\t\t\t\t\tdata-rsp_ch=\"on\"\n\t\t\t\t\t\t\t\tdata-xy=\"x:c;y:m;\"\n\t\t\t\t\t\t\t\tdata-text=\"w:normal;s:20,20,7,7;l:0,0,9,9;\"\n\t\t\t\t\t\t\t\tdata-dim=\"w:[&#039;100%&#039;,&#039;100%&#039;,&#039;100%&#039;,&#039;100%&#039;];h:[&#039;100%&#039;,&#039;100%&#039;,&#039;100%&#039;,&#039;100%&#039;];\"\n\t\t\t\t\t\t\t\tdata-vbility=\"t,t,f,f\"\n\t\t\t\t\t\t\t\tdata-frame_0=\"sX:2;sY:2;\"\n\t\t\t\t\t\t\t\tdata-frame_0_mask=\"u:t;\"\n\t\t\t\t\t\t\t\tdata-frame_1=\"e:power2.out;sp:2000;\"\n\t\t\t\t\t\t\t\tdata-frame_1_mask=\"u:t;\"\n\t\t\t\t\t\t\t\tdata-frame_999=\"o:0;st:w;sR:7000;\"\n\t\t\t\t\t\t\t\tstyle=\"z-index:3;\"\n\t\t\t\t\t\t\t><img fetchpriority=\"high\" decoding=\"async\" src=\"\/\/house-of-pm.eu\/wp-content\/plugins\/revslider\/sr6\/assets\/assets\/dummy.png\" alt=\"\" class=\"tp-rs-img rs-lazyload\" width=\"1920\" height=\"800\" data-lazyload=\"\/\/house-of-pm.eu\/wp-content\/uploads\/2023\/07\/6.7-SCRUM-DESKTOP.jpg\" data-c=\"cover\" data-no-retina> \n\t\t\t\t\t\t\t<\/rs-layer><!--\n\n\t\t\t\t\t\t\t--><rs-layer\n\t\t\t\t\t\t\t\tid=\"slider-122-slide-139-layer-2\" \n\t\t\t\t\t\t\t\tclass=\"rs-noevents\"\n\t\t\t\t\t\t\t\tdata-type=\"text\"\n\t\t\t\t\t\t\t\tdata-rsp_ch=\"on\"\n\t\t\t\t\t\t\t\tdata-xy=\"x:c,c,l,c;xo:417px,417px,148px,148px;y:b;yo:-28px,-28px,-14px,-14px;\"\n\t\t\t\t\t\t\t\tdata-text=\"w:normal;s:90,90,55,55;l:112,112,60,60;ls:3px,3px,0px,0px;fw:900;\"\n\t\t\t\t\t\t\t\tdata-dim=\"w:2237px,2237px,626px,626px;h:auto,auto,122px,122px;minh:0px,0px,none,0px;\"\n\t\t\t\t\t\t\t\tdata-vbility=\"f,f,t,t\"\n\t\t\t\t\t\t\t\tdata-frame_0=\"o:1;\"\n\t\t\t\t\t\t\t\tdata-frame_0_chars=\"d:5;x:105%;o:1;rY:45deg;rZ:90deg;\"\n\t\t\t\t\t\t\t\tdata-frame_0_mask=\"u:t;\"\n\t\t\t\t\t\t\t\tdata-frame_1=\"sp:560;\"\n\t\t\t\t\t\t\t\tdata-frame_1_chars=\"e:power4.inOut;d:10;rZ:0deg;\"\n\t\t\t\t\t\t\t\tdata-frame_1_mask=\"u:t;\"\n\t\t\t\t\t\t\t\tdata-frame_999=\"o:0;st:w;sR:6940;\"\n\t\t\t\t\t\t\t\tstyle=\"z-index:10;font-family:'Roboto';text-transform:uppercase;\"\n\t\t\t\t\t\t\t>Agilit\u00e4t im<br \/>\n \n\t\t\t\t\t\t\t<\/rs-layer><!--\n\n\t\t\t\t\t\t\t--><rs-layer\n\t\t\t\t\t\t\t\tid=\"slider-122-slide-139-layer-3\" \n\t\t\t\t\t\t\t\tclass=\"rs-pxl-6 rs-pxmask\"\n\t\t\t\t\t\t\t\tdata-type=\"image\"\n\t\t\t\t\t\t\t\tdata-rsp_ch=\"on\"\n\t\t\t\t\t\t\t\tdata-xy=\"x:c;y:m;\"\n\t\t\t\t\t\t\t\tdata-text=\"w:normal;s:20,20,7,7;l:0,0,9,9;\"\n\t\t\t\t\t\t\t\tdata-dim=\"w:[&#039;100%&#039;,&#039;100%&#039;,&#039;100%&#039;,&#039;100%&#039;];h:[&#039;100%&#039;,&#039;100%&#039;,&#039;100%&#039;,&#039;100%&#039;];\"\n\t\t\t\t\t\t\t\tdata-vbility=\"f,f,t,t\"\n\t\t\t\t\t\t\t\tdata-frame_0=\"sX:2;sY:2;\"\n\t\t\t\t\t\t\t\tdata-frame_0_mask=\"u:t;\"\n\t\t\t\t\t\t\t\tdata-frame_1=\"e:power2.out;sp:2050;\"\n\t\t\t\t\t\t\t\tdata-frame_1_mask=\"u:t;\"\n\t\t\t\t\t\t\t\tdata-frame_999=\"o:0;st:w;sR:6950;\"\n\t\t\t\t\t\t\t\tstyle=\"z-index:7;\"\n\t\t\t\t\t\t\t><img decoding=\"async\" src=\"\/\/house-of-pm.eu\/wp-content\/plugins\/revslider\/sr6\/assets\/assets\/dummy.png\" alt=\"\" class=\"tp-rs-img rs-lazyload\" width=\"750\" height=\"750\" data-lazyload=\"\/\/house-of-pm.eu\/wp-content\/uploads\/2023\/07\/6.7-SCRUM-MOBILE.jpg\" data-c=\"cover\" data-no-retina> \n\t\t\t\t\t\t\t<\/rs-layer><!--\n\n\t\t\t\t\t\t\t--><rs-layer\n\t\t\t\t\t\t\t\tid=\"slider-122-slide-139-layer-4\" \n\t\t\t\t\t\t\t\tclass=\"rs-noevents\"\n\t\t\t\t\t\t\t\tdata-type=\"text\"\n\t\t\t\t\t\t\t\tdata-rsp_ch=\"on\"\n\t\t\t\t\t\t\t\tdata-xy=\"x:c,c,l,c;xo:417px,417px,148px,148px;y:b;yo:-28px,-28px,-14px,-14px;\"\n\t\t\t\t\t\t\t\tdata-text=\"w:normal;s:90,90,55,55;l:112,112,60,60;ls:3px,3px,0px,0px;fw:900;\"\n\t\t\t\t\t\t\t\tdata-dim=\"w:2237px,2237px,626px,626px;h:auto,auto,61px,61px;minh:0px,0px,none,0px;\"\n\t\t\t\t\t\t\t\tdata-vbility=\"f,f,t,t\"\n\t\t\t\t\t\t\t\tdata-frame_0=\"o:1;\"\n\t\t\t\t\t\t\t\tdata-frame_0_chars=\"d:5;x:105%;o:1;rY:45deg;rZ:90deg;\"\n\t\t\t\t\t\t\t\tdata-frame_0_mask=\"u:t;\"\n\t\t\t\t\t\t\t\tdata-frame_1=\"sp:560;\"\n\t\t\t\t\t\t\t\tdata-frame_1_chars=\"e:power4.inOut;d:10;rZ:0deg;\"\n\t\t\t\t\t\t\t\tdata-frame_1_mask=\"u:t;\"\n\t\t\t\t\t\t\t\tdata-frame_999=\"o:0;st:w;sR:6940;\"\n\t\t\t\t\t\t\t\tstyle=\"z-index:9;font-family:'Roboto';text-transform:uppercase;\"\n\t\t\t\t\t\t\t>Projektmanagement \n\t\t\t\t\t\t\t<\/rs-layer><!--\n\n\t\t\t\t\t\t\t--><rs-layer\n\t\t\t\t\t\t\t\tid=\"slider-122-slide-139-layer-6\" \n\t\t\t\t\t\t\t\tclass=\"rs-noevents\"\n\t\t\t\t\t\t\t\tdata-type=\"text\"\n\t\t\t\t\t\t\t\tdata-rsp_ch=\"on\"\n\t\t\t\t\t\t\t\tdata-xy=\"x:c,c,l,c;xo:417px,417px,156px,156px;y:b;yo:-28px,-28px,-41px,-41px;\"\n\t\t\t\t\t\t\t\tdata-text=\"w:normal;s:90,90,55,55;l:112,112,60,60;ls:3px,3px,0px,0px;fw:900;\"\n\t\t\t\t\t\t\t\tdata-dim=\"w:2237px,2237px,626px,626px;h:auto,auto,150px,150px;minh:0px,0px,none,0px;\"\n\t\t\t\t\t\t\t\tdata-vbility=\"t,t,f,f\"\n\t\t\t\t\t\t\t\tdata-frame_0=\"o:1;\"\n\t\t\t\t\t\t\t\tdata-frame_0_chars=\"d:5;x:105%;o:1;rY:45deg;rZ:90deg;\"\n\t\t\t\t\t\t\t\tdata-frame_0_mask=\"u:t;\"\n\t\t\t\t\t\t\t\tdata-frame_1=\"sp:560;\"\n\t\t\t\t\t\t\t\tdata-frame_1_chars=\"e:power4.inOut;d:10;rZ:0deg;\"\n\t\t\t\t\t\t\t\tdata-frame_1_mask=\"u:t;\"\n\t\t\t\t\t\t\t\tdata-frame_999=\"o:0;st:w;sR:6940;\"\n\t\t\t\t\t\t\t\tstyle=\"z-index:8;font-family:'Roboto';text-transform:uppercase;\"\n\t\t\t\t\t\t\t>Agilit\u00e4t im Projektmanagement \n\t\t\t\t\t\t\t<\/rs-layer><!--\n-->\t\t\t\t\t<\/rs-slide>\n\t\t\t\t\t<\/rs-slides>\n\t\t\t\t<\/rs-module>\n\t\t\t\t<script>\n\t\t\t\t\tsetREVStartSize({c: 'rev_slider_122_1',rl:[1920,1920,1200,1200],el:[800,800,778,778],gw:[1920,1920,778,778],gh:[800,800,778,778],type:'standard',justify:'',layout:'fullwidth',mh:\"0\"});if (window.RS_MODULES!==undefined && window.RS_MODULES.modules!==undefined && window.RS_MODULES.modules[\"revslider1221\"]!==undefined) {window.RS_MODULES.modules[\"revslider1221\"].once = false;window.revapi122 = undefined;if (window.RS_MODULES.checkMinimal!==undefined) window.RS_MODULES.checkMinimal()}\n\t\t\t\t<\/script>\n\t\t\t<\/rs-module-wrap>\n\t\t\t<!-- END REVOLUTION SLIDER -->\n<\/div>\n\n\t\t\t\t\t\t<\/div>\n\t\t\t\t<\/div>\n\t\t\t\t\t<\/div>\n\t\t<\/div>\n\t\t\t\t\t<\/div>\n\t\t<\/section>\n\t\t\t\t<section class=\"elementor-section elementor-top-section elementor-element elementor-element-30109ebb elementor-section-height-min-height elementor-section-full_width elementor-section-stretched elementor-section-height-default elementor-section-items-middle\" data-id=\"30109ebb\" data-element_type=\"section\" data-e-type=\"section\" id=\"Introtext\" data-settings=\"{&quot;background_background&quot;:&quot;classic&quot;,&quot;stretch_section&quot;:&quot;section-stretched&quot;,&quot;background_motion_fx_motion_fx_scrolling&quot;:&quot;yes&quot;,&quot;background_motion_fx_translateY_effect&quot;:&quot;yes&quot;,&quot;background_motion_fx_translateY_direction&quot;:&quot;negative&quot;,&quot;background_motion_fx_translateY_speed&quot;:{&quot;unit&quot;:&quot;px&quot;,&quot;size&quot;:0,&quot;sizes&quot;:[]},&quot;background_motion_fx_translateY_affectedRange&quot;:{&quot;unit&quot;:&quot;%&quot;,&quot;size&quot;:&quot;&quot;,&quot;sizes&quot;:{&quot;start&quot;:0,&quot;end&quot;:52}},&quot;background_motion_fx_devices&quot;:[&quot;desktop&quot;,&quot;tablet&quot;,&quot;mobile&quot;]}\">\n\t\t\t\t\t\t<div class=\"elementor-container elementor-column-gap-no\">\n\t\t\t\t\t<div class=\"elementor-column elementor-col-100 elementor-top-column elementor-element elementor-element-680bcf68\" data-id=\"680bcf68\" data-element_type=\"column\" data-e-type=\"column\">\n\t\t\t<div class=\"elementor-widget-wrap elementor-element-populated\">\n\t\t\t\t\t\t<div class=\"elementor-element elementor-element-54cc9e5c elementor-widget__width-initial elementor-widget elementor-widget-text-editor\" data-id=\"54cc9e5c\" data-element_type=\"widget\" data-e-type=\"widget\" data-widget_type=\"text-editor.default\">\n\t\t\t\t<div class=\"elementor-widget-container\">\n\t\t\t\t\t\t\t\t\t<p>&gt;&gt; Expertentipp<\/p>\t\t\t\t\t\t\t\t<\/div>\n\t\t\t\t<\/div>\n\t\t\t\t<div class=\"elementor-element elementor-element-56380ae0 elementor-widget__width-initial elementor-widget elementor-widget-text-editor\" data-id=\"56380ae0\" data-element_type=\"widget\" data-e-type=\"widget\" data-widget_type=\"text-editor.default\">\n\t\t\t\t<div class=\"elementor-widget-container\">\n\t\t\t\t\t\t\t\t\t<p>Sind Sie bereit f\u00fcr mehr Agilit\u00e4t im Projektmanagement?<\/p>\t\t\t\t\t\t\t\t<\/div>\n\t\t\t\t<\/div>\n\t\t\t\t<div class=\"elementor-element elementor-element-747429df elementor-widget__width-initial elementor-widget elementor-widget-text-editor\" data-id=\"747429df\" data-element_type=\"widget\" data-e-type=\"widget\" data-widget_type=\"text-editor.default\">\n\t\t\t\t<div class=\"elementor-widget-container\">\n\t\t\t\t\t\t\t\t\t<p>In einer zunehmend dynamischen und komplexen Gesch\u00e4ftswelt ist Agilit\u00e4t der Schl\u00fcssel zum Erfolg.<br \/><span style=\"color: var( --e-global-color-text ); font-family: var( --e-global-typography-primary-font-family ), Roboto; font-size: var( --e-global-typography-primary-font-size ); font-weight: var( --e-global-typography-primary-font-weight ); letter-spacing: var( --e-global-typography-primary-letter-spacing );\">Scrum ist eine bew\u00e4hrte agile Arbeitsmethode, die Unternehmen dabei unterst\u00fctzt, Projekte effizienter, flexibler und zielgerichteter umzusetzen. Unsere hochqualifizierten Mitarbeiter:innen sind alle nach Scrum zertifiziert und verf\u00fcgen \u00fcber umfangreiche Erfahrung in der Anwendung dieser Methode.<\/span><\/p><p><span style=\"color: var( --e-global-color-text ); font-family: var( --e-global-typography-primary-font-family ), Roboto; font-size: var( --e-global-typography-primary-font-size ); letter-spacing: var( --e-global-typography-primary-letter-spacing );\"><br \/><b>Warum sollten Sie sich f\u00fcr Scrum entscheiden?<br \/><\/b><\/span><span style=\"color: var( --e-global-color-text ); font-family: var( --e-global-typography-primary-font-family ), Roboto; font-size: var( --e-global-typography-primary-font-size ); font-weight: var( --e-global-typography-primary-font-weight ); letter-spacing: var( --e-global-typography-primary-letter-spacing );\">Scrum erm\u00f6glicht es Ihnen, sich schnell an sich \u00e4ndernde Anforderungen anzupassen und gleichzeitig eine transparente, kollaborative Arbeitsumgebung zu schaffen. Durch die Arbeit in kurzen Iterationen, sogenannten Sprints, k\u00f6nnen Sie die Effizienz steigern, bessere Ergebnisse erzielen und schneller auf Kundenfeedback reagieren.<\/span><\/p><p><span style=\"color: var( --e-global-color-text ); font-family: var( --e-global-typography-primary-font-family ), Roboto; font-size: var( --e-global-typography-primary-font-size ); font-weight: var( --e-global-typography-primary-font-weight ); letter-spacing: var( --e-global-typography-primary-letter-spacing );\">Unser erfahrenes Team unterst\u00fctzt Sie dabei, Scrum in Ihrem Unternehmen erfolgreich einzuf\u00fchren und anzuwenden. Wir bieten ma\u00dfgeschneiderte Schulungen und Coachings, um Ihre Mitarbeiter:innen mit den Grundlagen von Scrum vertraut zu machen. Wir stellen Ihnen die Werkzeuge und Techniken zur Verf\u00fcgung, um das volle Potenzial dieser agilen Methode auszusch\u00f6pfen.<\/span><\/p><p><span style=\"color: var( --e-global-color-text ); font-family: var( --e-global-typography-primary-font-family ), Roboto; font-size: var( --e-global-typography-primary-font-size ); font-weight: var( --e-global-typography-primary-font-weight ); letter-spacing: var( --e-global-typography-primary-letter-spacing );\">Egal, ob Sie bereits Erfahrung mit Agilit\u00e4t haben oder ganz am Anfang stehen, wir passen unsere Dienstleistungen an Ihre spezifischen Bed\u00fcrfnisse an. Unser Ziel ist es, Ihnen dabei zu helfen, erfolgreichere Projekte zu realisieren, indem wir die Vorteile der agilen Arbeitsweise nutzen.<\/span><\/p><p><span style=\"color: var( --e-global-color-text ); font-family: var( --e-global-typography-primary-font-family ), Roboto; font-size: var( --e-global-typography-primary-font-size ); font-weight: var( --e-global-typography-primary-font-weight ); letter-spacing: var( --e-global-typography-primary-letter-spacing );\">Kontaktieren Sie uns, um mehr \u00fcber unsere Scrum-basierten Dienstleistungen zu erfahren und wie wir Ihnen helfen k\u00f6nnen, Ihre Projekte agil zum Erfolg zu f\u00fchren.\u00a0<\/span><\/p><p><span style=\"color: var( --e-global-color-text ); font-family: var( --e-global-typography-primary-font-family ), Roboto; font-size: var( --e-global-typography-primary-font-size ); font-weight: var( --e-global-typography-primary-font-weight ); letter-spacing: var( --e-global-typography-primary-letter-spacing );\"><br \/>Willkommen bei House of PM &#8211; Ihrem Partner f\u00fcr agile Arbeitsmethoden im Projektmanagement.<\/span><\/p>\t\t\t\t\t\t\t\t<\/div>\n\t\t\t\t<\/div>\n\t\t\t\t<div class=\"elementor-element elementor-element-36efc09 elementor-widget__width-auto elementor-absolute elementor-widget elementor-widget-button\" data-id=\"36efc09\" data-element_type=\"widget\" data-e-type=\"widget\" data-settings=\"{&quot;_position&quot;:&quot;absolute&quot;}\" data-widget_type=\"button.default\">\n\t\t\t\t<div class=\"elementor-widget-container\">\n\t\t\t\t\t\t\t\t\t<div class=\"elementor-button-wrapper\">\n\t\t\t\t\t<a class=\"elementor-button elementor-button-link elementor-size-xl elementor-animation-grow\" href=\"#Introtext\">\n\t\t\t\t\t\t<span class=\"elementor-button-content-wrapper\">\n\t\t\t\t\t\t<span class=\"elementor-button-icon\">\n\t\t\t\t<i aria-hidden=\"true\" class=\"fas fa-chevron-down\"><\/i>\t\t\t<\/span>\n\t\t\t\t\t\t\t\t<\/span>\n\t\t\t\t\t<\/a>\n\t\t\t\t<\/div>\n\t\t\t\t\t\t\t\t<\/div>\n\t\t\t\t<\/div>\n\t\t\t\t\t<\/div>\n\t\t<\/div>\n\t\t\t\t\t<\/div>\n\t\t<\/section>\n\t\t\t\t<section class=\"elementor-section elementor-top-section elementor-element elementor-element-533188e elementor-section-boxed elementor-section-height-default elementor-section-height-default\" data-id=\"533188e\" data-element_type=\"section\" data-e-type=\"section\">\n\t\t\t\t\t\t<div class=\"elementor-container elementor-column-gap-default\">\n\t\t\t\t\t<div class=\"elementor-column elementor-col-100 elementor-top-column elementor-element elementor-element-519e132\" data-id=\"519e132\" data-element_type=\"column\" data-e-type=\"column\">\n\t\t\t<div class=\"elementor-widget-wrap\">\n\t\t\t\t\t\t\t<\/div>\n\t\t<\/div>\n\t\t\t\t\t<\/div>\n\t\t<\/section>\n\t\t\t\t<section class=\"elementor-section elementor-top-section elementor-element elementor-element-0072fc2 elementor-section-height-min-height elementor-section-full_width elementor-section-stretched elementor-section-height-default elementor-section-items-middle\" data-id=\"0072fc2\" data-element_type=\"section\" data-e-type=\"section\" data-settings=\"{&quot;background_background&quot;:&quot;classic&quot;,&quot;stretch_section&quot;:&quot;section-stretched&quot;,&quot;background_motion_fx_motion_fx_scrolling&quot;:&quot;yes&quot;,&quot;background_motion_fx_translateY_effect&quot;:&quot;yes&quot;,&quot;background_motion_fx_translateY_direction&quot;:&quot;negative&quot;,&quot;background_motion_fx_translateY_speed&quot;:{&quot;unit&quot;:&quot;px&quot;,&quot;size&quot;:0,&quot;sizes&quot;:[]},&quot;background_motion_fx_translateY_affectedRange&quot;:{&quot;unit&quot;:&quot;%&quot;,&quot;size&quot;:&quot;&quot;,&quot;sizes&quot;:{&quot;start&quot;:0,&quot;end&quot;:52}},&quot;background_motion_fx_devices&quot;:[&quot;desktop&quot;,&quot;tablet&quot;,&quot;mobile&quot;]}\">\n\t\t\t\t\t\t<div class=\"elementor-container elementor-column-gap-no\">\n\t\t\t\t\t<div class=\"elementor-column elementor-col-100 elementor-top-column elementor-element elementor-element-324fffc\" data-id=\"324fffc\" data-element_type=\"column\" data-e-type=\"column\">\n\t\t\t<div class=\"elementor-widget-wrap elementor-element-populated\">\n\t\t\t\t\t\t<div class=\"elementor-element elementor-element-1a7be05 elementor-widget__width-initial elementor-widget elementor-widget-text-editor\" data-id=\"1a7be05\" data-element_type=\"widget\" data-e-type=\"widget\" data-widget_type=\"text-editor.default\">\n\t\t\t\t<div class=\"elementor-widget-container\">\n\t\t\t\t\t\t\t\t\t<p><span style=\"color: #ffc40c;\">&gt;&gt; Kontakt<\/span><\/p>\t\t\t\t\t\t\t\t<\/div>\n\t\t\t\t<\/div>\n\t\t\t\t<div class=\"elementor-element elementor-element-a1e64d1 elementor-widget__width-initial elementor-widget elementor-widget-text-editor\" data-id=\"a1e64d1\" data-element_type=\"widget\" data-e-type=\"widget\" data-widget_type=\"text-editor.default\">\n\t\t\t\t<div class=\"elementor-widget-container\">\n\t\t\t\t\t\t\t\t\t<p><span style=\"color: #ffffff;\">Digitaler Dialog<\/span><\/p>\t\t\t\t\t\t\t\t<\/div>\n\t\t\t\t<\/div>\n\t\t\t\t<div class=\"elementor-element elementor-element-92e4ac5 elementor-widget__width-initial elementor-widget elementor-widget-text-editor\" data-id=\"92e4ac5\" data-element_type=\"widget\" data-e-type=\"widget\" data-widget_type=\"text-editor.default\">\n\t\t\t\t<div class=\"elementor-widget-container\">\n\t\t\t\t\t\t\t\t\t<p><span style=\"color: #ffffff;\">Sie Fragen zu der Methode oder m\u00f6chten sich mit uns zu den Stolpersteinen in Ihren Projekten austauschen? Nutzen Sie unseren Digitalen Dialog: <a style=\"color: #ffffff;\" href=\"https:\/\/house-of-pm.eu\/kontakt\/digitaler-dialog\/\">Digitaler-Dialog &#8211; Erfolgreich Projekte managen (house-of-pm.eu)<\/a><\/span><\/p>\t\t\t\t\t\t\t\t<\/div>\n\t\t\t\t<\/div>\n\t\t\t\t<div class=\"elementor-element elementor-element-22bb4e2 elementor-widget__width-initial elementor-widget elementor-widget-button\" data-id=\"22bb4e2\" data-element_type=\"widget\" data-e-type=\"widget\" data-widget_type=\"button.default\">\n\t\t\t\t<div class=\"elementor-widget-container\">\n\t\t\t\t\t\t\t\t\t<div class=\"elementor-button-wrapper\">\n\t\t\t\t\t<a class=\"elementor-button elementor-button-link elementor-size-md elementor-animation-grow\" href=\"\/kontakt\/digitaler-dialog\/\">\n\t\t\t\t\t\t<span class=\"elementor-button-content-wrapper\">\n\t\t\t\t\t\t\t\t\t<span class=\"elementor-button-text\">Hier buchen<\/span>\n\t\t\t\t\t<\/span>\n\t\t\t\t\t<\/a>\n\t\t\t\t<\/div>\n\t\t\t\t\t\t\t\t<\/div>\n\t\t\t\t<\/div>\n\t\t\t\t\t<\/div>\n\t\t<\/div>\n\t\t\t\t\t<\/div>\n\t\t<\/section>\n\t\t\t\t<\/div>\n\t\t","protected":false},"excerpt":{"rendered":"<p>&gt;&gt; Expertentipp Sind Sie bereit f\u00fcr mehr Agilit\u00e4t im Projektmanagement? In einer zunehmend dynamischen und komplexen Gesch\u00e4ftswelt ist Agilit\u00e4t der Schl\u00fcssel zum Erfolg.Scrum ist eine bew\u00e4hrte agile Arbeitsmethode, die Unternehmen dabei unterst\u00fctzt, Projekte effizienter, flexibler und zielgerichteter umzusetzen. Unsere hochqualifizierten Mitarbeiter:innen sind alle nach Scrum zertifiziert und verf\u00fcgen \u00fcber umfangreiche Erfahrung in der Anwendung dieser [&hellip;]<\/p>\n","protected":false},"author":4,"featured_media":0,"parent":866,"menu_order":5000,"comment_status":"closed","ping_status":"closed","template":"elementor_header_footer","meta":{"footnotes":""},"class_list":["post-6646","page","type-page","status-publish","hentry"],"aioseo_notices":[],"_links":{"self":[{"href":"https:\/\/house-of-pm.eu\/en\/wp-json\/wp\/v2\/pages\/6646","targetHints":{"allow":["GET"]}}],"collection":[{"href":"https:\/\/house-of-pm.eu\/en\/wp-json\/wp\/v2\/pages"}],"about":[{"href":"https:\/\/house-of-pm.eu\/en\/wp-json\/wp\/v2\/types\/page"}],"author":[{"embeddable":true,"href":"https:\/\/house-of-pm.eu\/en\/wp-json\/wp\/v2\/users\/4"}],"replies":[{"embeddable":true,"href":"https:\/\/house-of-pm.eu\/en\/wp-json\/wp\/v2\/comments?post=6646"}],"version-history":[{"count":37,"href":"https:\/\/house-of-pm.eu\/en\/wp-json\/wp\/v2\/pages\/6646\/revisions"}],"predecessor-version":[{"id":13754,"href":"https:\/\/house-of-pm.eu\/en\/wp-json\/wp\/v2\/pages\/6646\/revisions\/13754"}],"up":[{"embeddable":true,"href":"https:\/\/house-of-pm.eu\/en\/wp-json\/wp\/v2\/pages\/866"}],"wp:attachment":[{"href":"https:\/\/house-of-pm.eu\/en\/wp-json\/wp\/v2\/media?parent=6646"}],"curies":[{"name":"wp","href":"https:\/\/api.w.org\/{rel}","templated":true}]}}