{"id":6959,"date":"2023-07-19T10:08:51","date_gmt":"2023-07-19T10:08:51","guid":{"rendered":"https:\/\/house-of-pm.eu\/?page_id=6959"},"modified":"2026-05-08T07:56:43","modified_gmt":"2026-05-08T07:56:43","slug":"stellenausschreibung-junior-projektmanager","status":"publish","type":"page","link":"https:\/\/house-of-pm.eu\/en\/karriere\/stellenausschreibung-junior-projektmanager\/","title":{"rendered":"Stellenausschreibung Junior Projektmanager"},"content":{"rendered":"\t\t<div data-elementor-type=\"wp-page\" data-elementor-id=\"6959\" class=\"elementor elementor-6959\" data-elementor-post-type=\"page\">\n\t\t\t\t\t\t<section class=\"elementor-section elementor-top-section elementor-element elementor-element-0839135 elementor-section-full_width elementor-section-stretched elementor-section-height-default elementor-section-height-default\" data-id=\"0839135\" data-element_type=\"section\" data-e-type=\"section\" data-settings=\"{&quot;stretch_section&quot;:&quot;section-stretched&quot;}\">\n\t\t\t\t\t\t<div class=\"elementor-container elementor-column-gap-no\">\n\t\t\t\t\t<div class=\"elementor-column elementor-col-100 elementor-top-column elementor-element elementor-element-af1d64a\" data-id=\"af1d64a\" data-element_type=\"column\" data-e-type=\"column\">\n\t\t\t<div class=\"elementor-widget-wrap elementor-element-populated\">\n\t\t\t\t\t\t<div class=\"elementor-element elementor-element-82f7414 elementor-widget elementor-widget-slider_revolution\" data-id=\"82f7414\" data-element_type=\"widget\" data-e-type=\"widget\" data-widget_type=\"slider_revolution.default\">\n\t\t\t\t<div class=\"elementor-widget-container\">\n\t\t\t\t\t\n\t\t<div class=\"wp-block-themepunch-revslider\">\n\t\t\t<!-- START StageKarriere REVOLUTION SLIDER 6.7.40 --><p class=\"rs-p-wp-fix\"><\/p>\n\t\t\t<rs-module-wrap id=\"rev_slider_85_1_wrapper\" data-source=\"gallery\" style=\"visibility:hidden;background:transparent;padding:0;margin:0px auto;margin-top:0;margin-bottom:0;\">\n\t\t\t\t<rs-module id=\"rev_slider_85_1\" style=\"\" data-version=\"6.7.40\">\n\t\t\t\t\t<rs-slides style=\"overflow: hidden; position: absolute;\">\n\t\t\t\t\t\t<rs-slide style=\"position: absolute;\" data-key=\"rs-99\" data-title=\"Slide\" data-in=\"o:0;\" data-out=\"a:false;\">\n\t\t\t\t\t\t\t<img decoding=\"async\" src=\"\/\/house-of-pm.eu\/wp-content\/plugins\/revslider\/sr6\/assets\/assets\/dummy.png\" alt=\"Slide\" title=\"Stellenausschreibung Junior Projektmanager\" class=\"rev-slidebg tp-rs-img rs-lazyload\" data-lazyload=\"\/\/house-of-pm.eu\/wp-content\/plugins\/revslider\/sr6\/assets\/assets\/transparent.png\" data-parallax=\"off\" data-no-retina>\n<!--\n\t\t\t\t\t\t\t--><rs-layer\n\t\t\t\t\t\t\t\tid=\"slider-85-slide-99-layer-0\" \n\t\t\t\t\t\t\t\tclass=\"rs-selectable rs-pxl-6 rs-pxmask\"\n\t\t\t\t\t\t\t\tdata-type=\"image\"\n\t\t\t\t\t\t\t\tdata-rsp_ch=\"on\"\n\t\t\t\t\t\t\t\tdata-xy=\"x:c;y:m;\"\n\t\t\t\t\t\t\t\tdata-text=\"w:normal;s:20,20,7,7;l:0,0,9,9;\"\n\t\t\t\t\t\t\t\tdata-dim=\"w:[&#039;100%&#039;,&#039;100%&#039;,&#039;100%&#039;,&#039;100%&#039;];h:[&#039;100%&#039;,&#039;100%&#039;,&#039;100%&#039;,&#039;100%&#039;];\"\n\t\t\t\t\t\t\t\tdata-vbility=\"t,t,f,f\"\n\t\t\t\t\t\t\t\tdata-frame_0=\"sX:2;sY:2;\"\n\t\t\t\t\t\t\t\tdata-frame_0_mask=\"u:t;\"\n\t\t\t\t\t\t\t\tdata-frame_1=\"e:power2.out;sp:2000;\"\n\t\t\t\t\t\t\t\tdata-frame_1_mask=\"u:t;\"\n\t\t\t\t\t\t\t\tdata-frame_999=\"o:0;st:w;sR:7000;\"\n\t\t\t\t\t\t\t\tstyle=\"z-index:8;\"\n\t\t\t\t\t\t\t><img fetchpriority=\"high\" decoding=\"async\" src=\"\/\/house-of-pm.eu\/wp-content\/plugins\/revslider\/sr6\/assets\/assets\/dummy.png\" alt=\"\" class=\"tp-rs-img rs-lazyload\" width=\"1920\" height=\"800\" data-lazyload=\"\/\/901521.jweiland-hosting.de\/wordpress\/wp-content\/uploads\/2023\/02\/7-Karriere-DESKTOP.jpg\" data-c=\"cover\" data-no-retina> \n\t\t\t\t\t\t\t<\/rs-layer><!--\n\n\t\t\t\t\t\t\t--><rs-layer\n\t\t\t\t\t\t\t\tid=\"slider-85-slide-99-layer-2\" \n\t\t\t\t\t\t\t\tclass=\"rs-selectable rs-pxl-6 rs-pxmask\"\n\t\t\t\t\t\t\t\tdata-type=\"image\"\n\t\t\t\t\t\t\t\tdata-rsp_ch=\"on\"\n\t\t\t\t\t\t\t\tdata-xy=\"x:c;y:m;\"\n\t\t\t\t\t\t\t\tdata-text=\"w:normal;s:20,20,7,7;l:0,0,9,9;\"\n\t\t\t\t\t\t\t\tdata-dim=\"w:[&#039;100%&#039;,&#039;100%&#039;,&#039;100%&#039;,&#039;100%&#039;];h:[&#039;100%&#039;,&#039;100%&#039;,&#039;100%&#039;,&#039;100%&#039;];\"\n\t\t\t\t\t\t\t\tdata-vbility=\"f,f,t,t\"\n\t\t\t\t\t\t\t\tdata-frame_0=\"sX:2;sY:2;\"\n\t\t\t\t\t\t\t\tdata-frame_0_mask=\"u:t;\"\n\t\t\t\t\t\t\t\tdata-frame_1=\"e:power2.out;sp:2000;\"\n\t\t\t\t\t\t\t\tdata-frame_1_mask=\"u:t;\"\n\t\t\t\t\t\t\t\tdata-frame_999=\"o:0;st:w;sR:7000;\"\n\t\t\t\t\t\t\t\tstyle=\"z-index:9;\"\n\t\t\t\t\t\t\t><img decoding=\"async\" src=\"\/\/house-of-pm.eu\/wp-content\/plugins\/revslider\/sr6\/assets\/assets\/dummy.png\" alt=\"\" class=\"tp-rs-img rs-lazyload\" width=\"750\" height=\"750\" data-lazyload=\"\/\/901521.jweiland-hosting.de\/wordpress\/wp-content\/uploads\/2023\/02\/7-Karriere-MOBILE.jpg\" data-c=\"cover\" data-no-retina> \n\t\t\t\t\t\t\t<\/rs-layer><!--\n\n\t\t\t\t\t\t\t--><rs-layer\n\t\t\t\t\t\t\t\tid=\"slider-85-slide-99-layer-6\" \n\t\t\t\t\t\t\t\tclass=\"rs-selectable rs-noevents\"\n\t\t\t\t\t\t\t\tdata-type=\"text\"\n\t\t\t\t\t\t\t\tdata-rsp_ch=\"on\"\n\t\t\t\t\t\t\t\tdata-xy=\"x:c,c,l,c;xo:651px,651px,325px,325px;y:b;yo:-16px,-16px,-29px,-29px;\"\n\t\t\t\t\t\t\t\tdata-text=\"w:normal;s:90,90,80,80;l:90,90,110,110;ls:3px,3px,0px,0px;fw:900;\"\n\t\t\t\t\t\t\t\tdata-dim=\"w:715px,715px,457px,457px;minh:0px,0px,none,0px;\"\n\t\t\t\t\t\t\t\tdata-frame_0=\"o:1;\"\n\t\t\t\t\t\t\t\tdata-frame_0_chars=\"d:5;x:105%;o:1;rY:45deg;rZ:90deg;\"\n\t\t\t\t\t\t\t\tdata-frame_0_mask=\"u:t;\"\n\t\t\t\t\t\t\t\tdata-frame_1=\"sp:1200;\"\n\t\t\t\t\t\t\t\tdata-frame_1_chars=\"e:power4.inOut;d:10;rZ:0deg;\"\n\t\t\t\t\t\t\t\tdata-frame_1_mask=\"u:t;\"\n\t\t\t\t\t\t\t\tdata-frame_999=\"o:0;st:w;sR:7000;\"\n\t\t\t\t\t\t\t\tstyle=\"z-index:10;font-family:'Roboto';text-transform:uppercase;\"\n\t\t\t\t\t\t\t>Karriere \n\t\t\t\t\t\t\t<\/rs-layer><!--\n-->\t\t\t\t\t<\/rs-slide>\n\t\t\t\t\t<\/rs-slides>\n\t\t\t\t<\/rs-module>\n\t\t\t\t<script>\n\t\t\t\t\tsetREVStartSize({c: 'rev_slider_85_1',rl:[1920,1920,1200,1200],el:[800,800,778,778],gw:[1920,1920,778,778],gh:[800,800,778,778],type:'hero',justify:'',layout:'fullwidth',mh:\"0\"});if (window.RS_MODULES!==undefined && window.RS_MODULES.modules!==undefined && window.RS_MODULES.modules[\"revslider851\"]!==undefined) {window.RS_MODULES.modules[\"revslider851\"].once = false;window.revapi85 = undefined;if (window.RS_MODULES.checkMinimal!==undefined) window.RS_MODULES.checkMinimal()}\n\t\t\t\t<\/script>\n\t\t\t<\/rs-module-wrap>\n\t\t\t<!-- END REVOLUTION SLIDER -->\n<\/div>\n\n\t\t\t\t\t\t<\/div>\n\t\t\t\t<\/div>\n\t\t\t\t\t<\/div>\n\t\t<\/div>\n\t\t\t\t\t<\/div>\n\t\t<\/section>\n\t\t\t\t<section class=\"elementor-section elementor-top-section elementor-element elementor-element-766f6eb2 elementor-section-height-min-height elementor-section-full_width elementor-section-stretched elementor-section-height-default elementor-section-items-middle\" data-id=\"766f6eb2\" data-element_type=\"section\" data-e-type=\"section\" id=\"Introtext\" data-settings=\"{&quot;background_background&quot;:&quot;classic&quot;,&quot;stretch_section&quot;:&quot;section-stretched&quot;,&quot;background_motion_fx_motion_fx_scrolling&quot;:&quot;yes&quot;,&quot;background_motion_fx_translateY_effect&quot;:&quot;yes&quot;,&quot;background_motion_fx_translateY_direction&quot;:&quot;negative&quot;,&quot;background_motion_fx_translateY_speed&quot;:{&quot;unit&quot;:&quot;px&quot;,&quot;size&quot;:0,&quot;sizes&quot;:[]},&quot;background_motion_fx_translateY_affectedRange&quot;:{&quot;unit&quot;:&quot;%&quot;,&quot;size&quot;:&quot;&quot;,&quot;sizes&quot;:{&quot;start&quot;:0,&quot;end&quot;:52}},&quot;background_motion_fx_devices&quot;:[&quot;desktop&quot;,&quot;tablet&quot;,&quot;mobile&quot;]}\">\n\t\t\t\t\t\t<div class=\"elementor-container elementor-column-gap-no\">\n\t\t\t\t\t<div class=\"elementor-column elementor-col-100 elementor-top-column elementor-element elementor-element-31f58622\" data-id=\"31f58622\" data-element_type=\"column\" data-e-type=\"column\">\n\t\t\t<div class=\"elementor-widget-wrap elementor-element-populated\">\n\t\t\t\t\t\t<div class=\"elementor-element elementor-element-1ef4aaae elementor-widget__width-initial elementor-widget elementor-widget-text-editor\" data-id=\"1ef4aaae\" data-element_type=\"widget\" data-e-type=\"widget\" data-widget_type=\"text-editor.default\">\n\t\t\t\t<div class=\"elementor-widget-container\">\n\t\t\t\t\t\t\t\t\t<p>&gt;&gt; Karriere<\/p>\t\t\t\t\t\t\t\t<\/div>\n\t\t\t\t<\/div>\n\t\t\t\t<div class=\"elementor-element elementor-element-23ddc76 elementor-widget elementor-widget-gallery\" data-id=\"23ddc76\" data-element_type=\"widget\" data-e-type=\"widget\" data-settings=\"{&quot;columns&quot;:3,&quot;lazyload&quot;:&quot;yes&quot;,&quot;gallery_layout&quot;:&quot;grid&quot;,&quot;columns_tablet&quot;:2,&quot;columns_mobile&quot;:1,&quot;gap&quot;:{&quot;unit&quot;:&quot;px&quot;,&quot;size&quot;:10,&quot;sizes&quot;:[]},&quot;gap_tablet&quot;:{&quot;unit&quot;:&quot;px&quot;,&quot;size&quot;:10,&quot;sizes&quot;:[]},&quot;gap_mobile&quot;:{&quot;unit&quot;:&quot;px&quot;,&quot;size&quot;:10,&quot;sizes&quot;:[]},&quot;link_to&quot;:&quot;file&quot;,&quot;aspect_ratio&quot;:&quot;3:2&quot;,&quot;overlay_background&quot;:&quot;yes&quot;,&quot;content_hover_animation&quot;:&quot;fade-in&quot;}\" data-widget_type=\"gallery.default\">\n\t\t\t\t<div class=\"elementor-widget-container\">\n\t\t\t\t\t\t\t<div class=\"elementor-gallery__container\">\n\t\t\t\t\t\t\t<a class=\"e-gallery-item elementor-gallery-item elementor-animated-content\" href=\"https:\/\/house-of-pm.eu\/wp-content\/uploads\/2026\/05\/Website_HoPM_Stellenanzeige2.png\" data-elementor-open-lightbox=\"yes\" data-elementor-lightbox-slideshow=\"23ddc76\" data-elementor-lightbox-title=\"Stellenanzeige Junior Projektmanager:in House of PM\" data-elementor-lightbox-description=\"Bildmotiv zur Stellenausschreibung Junior Projektmanager:in bei House of PM. Zu sehen ist ein moderner Arbeitsplatz, der das Arbeitsumfeld und die professionelle Projektmanagement Kultur des Unternehmens visualisiert.\" data-e-action-hash=\"#elementor-action%3Aaction%3Dlightbox%26settings%3DeyJpZCI6MjE0NDEsInVybCI6Imh0dHBzOlwvXC9ob3VzZS1vZi1wbS5ldVwvd3AtY29udGVudFwvdXBsb2Fkc1wvMjAyNlwvMDVcL1dlYnNpdGVfSG9QTV9TdGVsbGVuYW56ZWlnZTIucG5nIiwic2xpZGVzaG93IjoiMjNkZGM3NiJ9\">\n\t\t\t\t\t<div class=\"e-gallery-image elementor-gallery-item__image\" data-thumbnail=\"https:\/\/house-of-pm.eu\/wp-content\/uploads\/2026\/05\/Website_HoPM_Stellenanzeige2.png\" data-width=\"650\" data-height=\"325\" aria-label=\"Moderner Arbeitsplatz im B\u00fcro von House of PM als Motiv zur Stellenanzeige Junior Projektmanager:in\" role=\"img\" ><\/div>\n\t\t\t\t\t\t\t\t\t\t\t<div class=\"elementor-gallery-item__overlay\"><\/div>\n\t\t\t\t\t\t\t\t\t\t\t\t\t\t<\/a>\n\t\t\t\t\t\t\t<a class=\"e-gallery-item elementor-gallery-item elementor-animated-content\" href=\"https:\/\/house-of-pm.eu\/wp-content\/uploads\/2026\/05\/Website_HoPM_Stellenanzeige.png\" data-elementor-open-lightbox=\"yes\" data-elementor-lightbox-slideshow=\"23ddc76\" data-elementor-lightbox-title=\"Stellenanzeige Junior Projektmanager:in House of PM\" data-elementor-lightbox-description=\"Bild zur Stellenausschreibung Junior Projektmanager:in bei House of PM. Die Anzeige richtet sich an Menschen mit Interesse an professionellem Projektmanagement, Kundenprojekten und pers\u00f6nlicher Weiterentwicklung.\" data-e-action-hash=\"#elementor-action%3Aaction%3Dlightbox%26settings%3DeyJpZCI6MjE0NDAsInVybCI6Imh0dHBzOlwvXC9ob3VzZS1vZi1wbS5ldVwvd3AtY29udGVudFwvdXBsb2Fkc1wvMjAyNlwvMDVcL1dlYnNpdGVfSG9QTV9TdGVsbGVuYW56ZWlnZS5wbmciLCJzbGlkZXNob3ciOiIyM2RkYzc2In0%3D\">\n\t\t\t\t\t<div class=\"e-gallery-image elementor-gallery-item__image\" data-thumbnail=\"https:\/\/house-of-pm.eu\/wp-content\/uploads\/2026\/05\/Website_HoPM_Stellenanzeige.png\" data-width=\"650\" data-height=\"325\" aria-label=\"House of PM Stellenanzeige f\u00fcr die Position Junior Projektmanager:in mit Einblick in Projektmanagement und Kundenprojekte\" role=\"img\" ><\/div>\n\t\t\t\t\t\t\t\t\t\t\t<div class=\"elementor-gallery-item__overlay\"><\/div>\n\t\t\t\t\t\t\t\t\t\t\t\t\t\t<\/a>\n\t\t\t\t\t\t\t<a class=\"e-gallery-item elementor-gallery-item elementor-animated-content\" href=\"https:\/\/house-of-pm.eu\/wp-content\/uploads\/2026\/05\/Kopie-von-Website_HoPM_Stellenanzeige2.png\" data-elementor-open-lightbox=\"yes\" data-elementor-lightbox-slideshow=\"23ddc76\" data-elementor-lightbox-title=\"Stellenanzeige Junior Projektmanager:in House of PM\" data-elementor-lightbox-description=\"Bildmotiv zur Stellenausschreibung Junior Projektmanager:in bei House of PM. Zu sehen ist ein Besprechungstisch in einem modernen B\u00fcro, der Zusammenarbeit, Austausch und professionelle Projektarbeit visualisiert.\" data-e-action-hash=\"#elementor-action%3Aaction%3Dlightbox%26settings%3DeyJpZCI6MjE0NDIsInVybCI6Imh0dHBzOlwvXC9ob3VzZS1vZi1wbS5ldVwvd3AtY29udGVudFwvdXBsb2Fkc1wvMjAyNlwvMDVcL0tvcGllLXZvbi1XZWJzaXRlX0hvUE1fU3RlbGxlbmFuemVpZ2UyLnBuZyIsInNsaWRlc2hvdyI6IjIzZGRjNzYifQ%3D%3D\">\n\t\t\t\t\t<div class=\"e-gallery-image elementor-gallery-item__image\" data-thumbnail=\"https:\/\/house-of-pm.eu\/wp-content\/uploads\/2026\/05\/Kopie-von-Website_HoPM_Stellenanzeige2.png\" data-width=\"650\" data-height=\"325\" aria-label=\"Besprechungstisch in einem modernen B\u00fcro von House of PM als Motiv zur Stellenanzeige Junior Projektmanager:in\" role=\"img\" ><\/div>\n\t\t\t\t\t\t\t\t\t\t\t<div class=\"elementor-gallery-item__overlay\"><\/div>\n\t\t\t\t\t\t\t\t\t\t\t\t\t\t<\/a>\n\t\t\t\t\t<\/div>\n\t\t\t\t\t<\/div>\n\t\t\t\t<\/div>\n\t\t\t\t<div class=\"elementor-element elementor-element-43db91a elementor-widget__width-initial elementor-widget elementor-widget-text-editor\" data-id=\"43db91a\" data-element_type=\"widget\" data-e-type=\"widget\" data-widget_type=\"text-editor.default\">\n\t\t\t\t<div class=\"elementor-widget-container\">\n\t\t\t\t\t\t\t\t\t<p>House of PM mit Sitz in Hamburg ist ein Dienstleister f\u00fcr Projektmanagement Services. Wir begleiten Unternehmen dabei, komplexe Projekte, Programme und Ver\u00e4nderungsvorhaben erfolgreich zu planen, zu steuern und umzusetzen. Ob im Interim Projektmanagement, beim Aufbau wirksamer PM Strukturen oder in der Beratung von Organisationen: Mit methodischer St\u00e4rke, Verantwortung und Menschlichkeit schaffen unsere Kolleg:innen Klarheit, Orientierung und Wirkung in anspruchsvollen Projektumfeldern. Werde Teil unseres Teams und gestalte mit uns Projektmanagement, das Unternehmen wirklich voranbringt. Wir suchen dich als unter\u00adnehmerisch denkenden<\/p>\t\t\t\t\t\t\t\t<\/div>\n\t\t\t\t<\/div>\n\t\t\t\t<div class=\"elementor-element elementor-element-12868632 elementor-widget__width-initial elementor-widget elementor-widget-text-editor\" data-id=\"12868632\" data-element_type=\"widget\" data-e-type=\"widget\" data-widget_type=\"text-editor.default\">\n\t\t\t\t<div class=\"elementor-widget-container\">\n\t\t\t\t\t\t\t\t\t<p>JUNIOR PROJECT MANAGER (m\/w\/d)<\/p>\t\t\t\t\t\t\t\t<\/div>\n\t\t\t\t<\/div>\n\t\t\t\t<div class=\"elementor-element elementor-element-cf47333 elementor-widget__width-initial elementor-widget elementor-widget-text-editor\" data-id=\"cf47333\" data-element_type=\"widget\" data-e-type=\"widget\" data-widget_type=\"text-editor.default\">\n\t\t\t\t<div class=\"elementor-widget-container\">\n\t\t\t\t\t\t\t\t\t<p>Du m\u00f6chtest Projektmanagement professionell lernen und hast Spa\u00df daran, Struktur in komplexe Aufgaben zu bringen? Du denkst analytisch, kommunizierst gerne mit unterschiedlichen Menschen und willst Schritt f\u00fcr Schritt mehr Verantwortung in Kundenprojekten \u00fcbernehmen? Dann komm zu House of PM und verst\u00e4rke unser Team als <strong>Junior Project Manager (m\/w\/d)<\/strong>\u00a0mit Interesse an klassischem und agilem Projektmanagement, Freude an Zusammenarbeit und dem klaren Anspruch, Projekte wirksam voranzubringen.<\/p>\t\t\t\t\t\t\t\t<\/div>\n\t\t\t\t<\/div>\n\t\t\t\t<div class=\"elementor-element elementor-element-67f5ecac elementor-widget__width-initial elementor-widget elementor-widget-text-editor\" data-id=\"67f5ecac\" data-element_type=\"widget\" data-e-type=\"widget\" data-widget_type=\"text-editor.default\">\n\t\t\t\t<div class=\"elementor-widget-container\">\n\t\t\t\t\t\t\t\t\t<p class=\"section-content__title\"><strong>Wie du uns unterst\u00fctzen kannst:<\/strong><\/p><p>&gt;&gt; Du begleitest unsere Kund:innen im Management von Projekten und Programmen<br \/>&gt;&gt; Du unterst\u00fctzt bei der Projektsteuerung, Fortschrittskontrolle und Abstimmung mit relevanten Beteiligten<br \/>&gt;&gt; Du erstellst Teilprojektplanungen bez\u00fcglich Kosten, Zeit und Ressourcen und n\u00e4chsten Umsetzungsschritten<br \/>&gt;&gt; Mit wachsender Erfahrung \u00fcbernimmst du selbstverantwortlich Teilbereiche eines Projektes und entwickelst dich fachlich und methodisch weiter<\/p><p><span style=\"color: var( --e-global-color-text ); font-family: var( --e-global-typography-primary-font-family ), Roboto; font-size: var( --e-global-typography-primary-font-size ); letter-spacing: var( --e-global-typography-primary-letter-spacing );\"><br \/><strong>Was wir uns von dir w\u00fcnschen:<\/strong><br \/><\/span><\/p><p>&gt;&gt; Ein abgeschlossenes Studium, eine vergleichbare Ausbildung oder erste relevante Praxiserfahrung<br \/>&gt;&gt; Interesse an klassischem oder agilem Projektmanagement und Freude daran, Struktur in komplexe Situationen zu bringen. Idealerweise besitzt du eine anerkannte Zertifizierung im klassischen Projektmanagement (IPMA, PMI, etc.)<br \/>&gt;&gt; Deutsch und Englisch beherrscht du flie\u00dfend in Wort und Schrift<br \/>&gt;&gt; Analytisches Denken, Verantwortungsgef\u00fchl und Sensibilit\u00e4t f\u00fcr Anforderungen und Problemstellungen unserer Kund:innen<br \/>&gt;&gt; Bereitschaft zu projektbedingten Kundenterminen vor Ort, soweit diese notwendig sind<br \/><span style=\"color: var( --e-global-color-text ); font-family: var( --e-global-typography-primary-font-family ), Roboto; font-size: var( --e-global-typography-primary-font-size ); letter-spacing: var( --e-global-typography-primary-letter-spacing );\"><br \/><\/span><\/p><p class=\"section-content__title\"><strong>Unsere Wertsch\u00e4tzung f\u00fcr deinen Einsatz:<\/strong><\/p><p>&gt;&gt; Spannende und abwechslungsreiche Projekte bei nationalen und internationalen Kund:innen<br \/>&gt;&gt; Eine erfahrene Person als Quality Sparring Partner f\u00fcr regelm\u00e4\u00dfigen Austausch im Projekteinsatz<br \/>&gt;&gt; Flexible Arbeitszeiten, Homeoffice und hybrides Arbeiten, soweit es die Kundenprojekte erlauben<br \/>&gt;&gt; Regelm\u00e4\u00dfige Weiterbildungen und passende Zertifizierung f\u00fcr deine n\u00e4chsten Entwicklungsschritte<br \/>&gt;&gt; Leistungsgerechte Bezahlung mit Erfolgsbeteiligungsmodell<br \/><span style=\"color: var( --e-global-color-text ); font-family: var( --e-global-typography-primary-font-family ), Roboto; font-size: var( --e-global-typography-primary-font-size ); letter-spacing: var( --e-global-typography-primary-letter-spacing );\">&gt;&gt; <\/span>H\u00f6chstm\u00f6glicher Zuschuss zum Deutschlandticket oder Zuschuss zur Mitgliedschaft im Urban Sports Club<\/p><p><span style=\"color: var( --e-global-color-text ); font-family: var( --e-global-typography-primary-font-family ), Roboto; font-size: var( --e-global-typography-primary-font-size ); letter-spacing: var( --e-global-typography-primary-letter-spacing );\"><br \/><strong>Lust, Teil unseres Teams zu werden?<\/strong><br \/><\/span><\/p><p>Wir freuen uns \u00fcber deine aussagekr\u00e4ftigen Unterlagen <a href=\"mailto:hr@hopm.eu\">via\u00a0E-Mail<\/a>\u00a0oder \u00fcber unser Kontaktformular. Weitere Informationen zum Unternehmen <a href=\"https:\/\/house-of-pm.eu\/\">erh\u00e4ltst du auf unserer Website.<\/a><\/p><p>\u00a0<\/p><p><strong>Datenschutz:<\/strong><\/p><p>Mit der Einsendung deiner Bewerbung stimmst Du zu, dass wir Deine personenbezogenen Daten im Rahmen des Bewerbungsprozesses speichern und verarbeiten. Weitere Informationen zum Datenschutz und zu deinen Rechten findest du <a href=\"https:\/\/house-of-pm.eu\/bewerberdaten\/\">hier.<\/a><\/p>\t\t\t\t\t\t\t\t<\/div>\n\t\t\t\t<\/div>\n\t\t\t\t<div class=\"elementor-element elementor-element-1c8e97db elementor-widget__width-auto elementor-absolute elementor-widget elementor-widget-button\" data-id=\"1c8e97db\" data-element_type=\"widget\" data-e-type=\"widget\" data-settings=\"{&quot;_position&quot;:&quot;absolute&quot;}\" data-widget_type=\"button.default\">\n\t\t\t\t<div class=\"elementor-widget-container\">\n\t\t\t\t\t\t\t\t\t<div class=\"elementor-button-wrapper\">\n\t\t\t\t\t<a class=\"elementor-button elementor-button-link elementor-size-xl elementor-animation-grow\" href=\"#Introtext\">\n\t\t\t\t\t\t<span class=\"elementor-button-content-wrapper\">\n\t\t\t\t\t\t<span class=\"elementor-button-icon\">\n\t\t\t\t<i aria-hidden=\"true\" class=\"fas fa-chevron-down\"><\/i>\t\t\t<\/span>\n\t\t\t\t\t\t\t\t<\/span>\n\t\t\t\t\t<\/a>\n\t\t\t\t<\/div>\n\t\t\t\t\t\t\t\t<\/div>\n\t\t\t\t<\/div>\n\t\t\t\t<div class=\"elementor-element elementor-element-564afbb6 elementor-widget__width-initial elementor-widget elementor-widget-button\" data-id=\"564afbb6\" data-element_type=\"widget\" data-e-type=\"widget\" data-widget_type=\"button.default\">\n\t\t\t\t<div class=\"elementor-widget-container\">\n\t\t\t\t\t\t\t\t\t<div class=\"elementor-button-wrapper\">\n\t\t\t\t\t<a class=\"elementor-button elementor-button-link elementor-size-md elementor-animation-grow\" href=\"https:\/\/house-of-pm.eu\/karriere\/bewerbung-junior\/\">\n\t\t\t\t\t\t<span class=\"elementor-button-content-wrapper\">\n\t\t\t\t\t\t\t\t\t<span class=\"elementor-button-text\">Hier bewerben<\/span>\n\t\t\t\t\t<\/span>\n\t\t\t\t\t<\/a>\n\t\t\t\t<\/div>\n\t\t\t\t\t\t\t\t<\/div>\n\t\t\t\t<\/div>\n\t\t\t\t\t<\/div>\n\t\t<\/div>\n\t\t\t\t\t<\/div>\n\t\t<\/section>\n\t\t\t\t<\/div>\n\t\t","protected":false},"excerpt":{"rendered":"<p>&gt;&gt; Karriere House of PM mit Sitz in Hamburg ist ein Dienstleister f\u00fcr Projektmanagement Services. Wir begleiten Unternehmen dabei, komplexe Projekte, Programme und Ver\u00e4nderungsvorhaben erfolgreich zu planen, zu steuern und umzusetzen. Ob im Interim Projektmanagement, beim Aufbau wirksamer PM Strukturen oder in der Beratung von Organisationen: Mit methodischer St\u00e4rke, Verantwortung und Menschlichkeit schaffen unsere Kolleg:innen [&hellip;]<\/p>\n","protected":false},"author":4,"featured_media":0,"parent":667,"menu_order":6200,"comment_status":"closed","ping_status":"closed","template":"elementor_header_footer","meta":{"om_disable_all_campaigns":false,"_monsterinsights_skip_tracking":false,"_monsterinsights_sitenote_active":false,"_monsterinsights_sitenote_note":"","_monsterinsights_sitenote_category":0,"footnotes":""},"class_list":["post-6959","page","type-page","status-publish","hentry"],"aioseo_notices":[],"_links":{"self":[{"href":"https:\/\/house-of-pm.eu\/en\/wp-json\/wp\/v2\/pages\/6959","targetHints":{"allow":["GET"]}}],"collection":[{"href":"https:\/\/house-of-pm.eu\/en\/wp-json\/wp\/v2\/pages"}],"about":[{"href":"https:\/\/house-of-pm.eu\/en\/wp-json\/wp\/v2\/types\/page"}],"author":[{"embeddable":true,"href":"https:\/\/house-of-pm.eu\/en\/wp-json\/wp\/v2\/users\/4"}],"replies":[{"embeddable":true,"href":"https:\/\/house-of-pm.eu\/en\/wp-json\/wp\/v2\/comments?post=6959"}],"version-history":[{"count":95,"href":"https:\/\/house-of-pm.eu\/en\/wp-json\/wp\/v2\/pages\/6959\/revisions"}],"predecessor-version":[{"id":21460,"href":"https:\/\/house-of-pm.eu\/en\/wp-json\/wp\/v2\/pages\/6959\/revisions\/21460"}],"up":[{"embeddable":true,"href":"https:\/\/house-of-pm.eu\/en\/wp-json\/wp\/v2\/pages\/667"}],"wp:attachment":[{"href":"https:\/\/house-of-pm.eu\/en\/wp-json\/wp\/v2\/media?parent=6959"}],"curies":[{"name":"wp","href":"https:\/\/api.w.org\/{rel}","templated":true}]}}